{"id":3095,"date":"2018-12-30T09:51:03","date_gmt":"2018-12-30T08:51:03","guid":{"rendered":"https:\/\/johannes-fischer.net\/blog\/?page_id=3095"},"modified":"2021-12-12T23:10:07","modified_gmt":"2021-12-12T22:10:07","slug":"literaturquiz-romananfaenge-einleitung","status":"publish","type":"page","link":"https:\/\/johannes-fischer.net\/blog\/literaturquiz-romananfaenge-einleitung\/","title":{"rendered":"Literaturquiz Romananf\u00e4nge &#8211; Einleitung"},"content":{"rendered":"<p><img loading=\"lazy\" decoding=\"async\" class=\"alignleft size-full wp-image-2589\" src=\"https:\/\/johannes-fischer.net\/blog\/wp-content\/uploads\/2018\/11\/chapter-1-teaser.jpg\" alt=\"\" width=\"250\" height=\"188\" \/>Romananf\u00e4nge umgarnen, verbl\u00fcffen, \u00fcberraschen, unterhalten, am\u00fcsieren und laden zu einem Spiel der Phantasie ein. Sie wecken Neugier und wollen, dass man weiter liest, bis die Geschichte, die gerade anf\u00e4ngt, zu Ende erz\u00e4hlt ist. Autorin oder Autor stellen sich vor, f\u00fchren in Handlung, Thema, Ton und Motive des Romans ein und schaffen Atmosph\u00e4re. Je besser das gelingt, desto gr\u00f6\u00dfer ist die Chance, dass man als Leser oder Leserin dabei bleibt.<\/p>\n<p>Romananf\u00e4nge faszinieren mich und deshalb habe ich hier Weihnachten 2018, vom 1. bis 24. Dezember als &#8220;Literarischen Adventskalender&#8221; 24 Romane und Romananf\u00e4nge vorgestellt. Beim Romananfang durfte\/konnte\/sollte man raten, welcher Roman sich hinter dem jeweiligen Anfang verbirgt und wer diesen Roman geschrieben hat, bei der Antwort erfuhr man mehr \u00fcber die jeweiligen Romane.<\/p>\n<p>Doch da gute Literatur zeitlos ist, habe ich beschlossen, den &#8220;Literarischen Adventskalender&#8221; in ein Quiz zu verwandeln. Wer vor Weihnachten treu alle T\u00fcrchen ge\u00f6ffnet hat, findet hier also nichts Neues, aber wer den Adventskalender noch nicht kennt, kann hier Entdeckungen machen.<\/p>\n<p>Die 24 Romane stammen aus Deutschland, England, Amerika, Australien, Nigeria, Frankreich und anderen L\u00e4ndern und Kulturen. Es sind Klassiker und weniger bekannte Werke, Romane, die vor Jahrhunderten oder erst vor kurzer Zeit geschrieben wurden. Die Auswahl ist subjektiv, ich habe Romane ausgew\u00e4hlt und vorgestellt, die mir gefallen und gefallen haben und die mir etwas bedeuten. Man kann diese Anf\u00e4nge als Einladung zu einem Quiz begreifen und raten, welches Buch so beginnt &#8211; oder man \u00fcberlegt, ob einem gef\u00e4llt, was man liest und ob man Lust auf mehr hat. Fangen wir an!<br \/>\n<a href=\"https:\/\/johannes-fischer.net\/blog\/romananfang-1\/\">Romananfang 1&#8230;<\/a><\/p>\n<div class='sfsi_Sicons' style='width: 100%; display: inline-block; vertical-align: middle; text-align:left'><div style='margin:0px 8px 0px 0px; line-height: 24px'><span><\/span><\/div><div class='sfsi_socialwpr'><div class='sf_subscrbe' style='text-align:left;vertical-align: middle;float:left;width:64px'><a href=\"http:\/\/www.specificfeeds.com\/widgets\/emailSubscribeEncFeed\/Q0FJU2IrL21rdElzb0J1Mnd4UWp5M2JZMHQ5YXBNTW01ZnhPcUtDWnpWVFVEcEgvdGwvUHQ3R2lnWTEyVjh2WmFlaE1KbEw2YnBuZ3hRMFFqNEZoQWgyNFlqRGZydzNJZEFYS3VPMjhCZVNHbFNuNU5qbXI1OGNjeW8zb1dXVlh8aDdxZGtDYTZTaTNPNTZZcENLZXhwbkF0bTlJWFpwWitxQTAwdHRkU3VOdz0=\/OA==\/\" target=\"_blank\"><img decoding=\"async\" src=\"https:\/\/johannes-fischer.net\/blog\/wp-content\/plugins\/ultimate-social-media-icons\/images\/follow_subscribe.png\" alt=\"error\" \/><\/a><\/div><div class='sf_fb' style='text-align:left;vertical-align: middle;width:98px'><div class=\"fb-like\" data-href=\"https:\/\/johannes-fischer.net\/blog\/literaturquiz-romananfaenge-einleitung\/\" data-width=\"180\" data-send=\"false\" data-show-faces=\"false\"  data-action=\"like\" data-share=\"true\"data-layout=\"button\" ><\/div><\/div><div class='sf_twiter' style='text-align:left;float:left;vertical-align: middle;width:auto'><a href=\"http:\/\/twitter.com\/share\" data-count=\"none\" class=\"sr-twitter-button twitter-share-button\" lang=\"en\" data-url=\"https:\/\/johannes-fischer.net\/blog\/literaturquiz-romananfaenge-einleitung\/\" data-text=\"Literaturquiz Romananf\u00e4nge &#8211; Einleitung\" ><\/a><\/div><\/div><\/div>","protected":false},"excerpt":{"rendered":"<p>Romananf\u00e4nge umgarnen, verbl\u00fcffen, \u00fcberraschen, unterhalten, am\u00fcsieren und laden zu einem Spiel der Phantasie ein. Sie wecken Neugier und wollen, dass man weiter liest, bis die Geschichte, die gerade anf\u00e4ngt, zu&hellip; <\/p>\n","protected":false},"author":1,"featured_media":0,"parent":0,"menu_order":0,"comment_status":"closed","ping_status":"closed","template":"","meta":{"footnotes":""},"_links":{"self":[{"href":"https:\/\/johannes-fischer.net\/blog\/wp-json\/wp\/v2\/pages\/3095"}],"collection":[{"href":"https:\/\/johannes-fischer.net\/blog\/wp-json\/wp\/v2\/pages"}],"about":[{"href":"https:\/\/johannes-fischer.net\/blog\/wp-json\/wp\/v2\/types\/page"}],"author":[{"embeddable":true,"href":"https:\/\/johannes-fischer.net\/blog\/wp-json\/wp\/v2\/users\/1"}],"replies":[{"embeddable":true,"href":"https:\/\/johannes-fischer.net\/blog\/wp-json\/wp\/v2\/comments?post=3095"}],"version-history":[{"count":5,"href":"https:\/\/johannes-fischer.net\/blog\/wp-json\/wp\/v2\/pages\/3095\/revisions"}],"predecessor-version":[{"id":3401,"href":"https:\/\/johannes-fischer.net\/blog\/wp-json\/wp\/v2\/pages\/3095\/revisions\/3401"}],"wp:attachment":[{"href":"https:\/\/johannes-fischer.net\/blog\/wp-json\/wp\/v2\/media?parent=3095"}],"curies":[{"name":"wp","href":"https:\/\/api.w.org\/{rel}","templated":true}]}}