{"id":3021,"date":"2018-12-30T09:36:37","date_gmt":"2018-12-30T08:36:37","guid":{"rendered":"https:\/\/johannes-fischer.net\/blog\/?page_id=3021"},"modified":"2019-01-06T17:31:10","modified_gmt":"2019-01-06T16:31:10","slug":"romananfang-23-sara-paretsky-kritische-masse","status":"publish","type":"page","link":"https:\/\/johannes-fischer.net\/blog\/romananfang-23-sara-paretsky-kritische-masse\/","title":{"rendered":"Romananfang 23 \u2013 Sara Paretsky &#8220;Kritische Masse&#8221;"},"content":{"rendered":"<p>Sara Paretsky (geboren am 8. Juni 1947 in Ames, Iowa, USA) hat die Kriminalliteratur nachhaltig ver\u00e4ndert. 1982 erschien ihr erster Roman <em>Indemnity Only<\/em> (<em>Schadenersatz<\/em>, Piper 1986) und lieferte eine Auseinandersetzung\/Weiterf\u00fchrung\/Imitation\/Kritik der klassischen Hardboiled Kriminalromane von Hammett, Chandler &amp; Co. Wie Sam Spade und Philipp Marlowe war Paretskys Hauptfigur V.I. Warshawski tough, schlagfertig, durchsetzungsstark und ihren Klienten gegen\u00fcber loyal bis zur Schmerzgrenze und dar\u00fcber hinaus \u2013 allerdings auch eine Frau. Das war neu, erm\u00f6glichte ein reizvolles Spiel mit Geschlechterklischees und ver\u00e4nderte die Art, wie Frauen in Kriminalromanen dargestellt und gesehen wurden. F\u00fcr Paretsky war es ein bewusster Beitrag zur feministischen Debatte und ein Versuch, ihre eigene Stimme zu finden. In ihrem 2007 erschienenen Buch <em>Writing in an Age of Silence<\/em> schreibt sie \u00fcber die Gewalt gegen Frauen, \u00fcber die allgegenw\u00e4rtige gesellschaftliche Diskriminierung von Frauen und den Kampf dagegen:<\/p>\n<blockquote><p>Was mich betrifft, so wollte ich einen Kriminalroman schreiben. Ich wollte eine Frau schaffen, die die herrschende Sicht auf Frauen in Fiktion und Gesellschaft umkehrt. Je mehr ich las, desto mehr erkannte ich, dass der moralische Charakter einer Frau durch ihre Sexualit\u00e4t bestimmt wurde: war sie keusch, war sie gut, aber hilflos, unf\u00e4hig zu handeln. Hatte sie Sex, dann konnte sie handeln, aber konnte nur B\u00f6ses tun. &#8230; Als ich anfing, mein erstes Buch, <em>Indemnity Only<\/em> zu schreiben, habe ich versucht, eine Frau zu schaffen, die ein Mensch war, kein Engel oder Monster. (Sara Paretsky, <em>Writing in Age of Silence<\/em>, Verso 2007, S. 60-61)<\/p><\/blockquote>\n<p>Paretsky bewunderte Chandler und seinen Helden Marlowe, doch l\u00f6ste sie sich im Laufe der Zeit zunehmend von ihrem Vorbild. Paretsky schreibt:<\/p>\n<blockquote><p>In meiner Arbeit beobachte ich eine interessante Ver\u00e4nderung. Als ich mit dem Schreiben begann, geschah das mit bewusster Nachahmung des Privatdetektiv-Mythos. Marlowe hat allein gelebt? V.I. Warshawski hat allein gelebt. Marlowe war Waise? Ich habe V. I.s geliebte Eltern mit einer Zeile Text get\u00f6tet. Marlowe wurde nach einem Drittel des Romans zusammengeschlagen? Nach einem Drittel von <em>Indemnity Only<\/em> haben ein paar Schl\u00e4ger V. I. auf ihrer Treppe \u00fcberrascht und bewusstlos geschlagen.<\/p>\n<p>Doch ohne dass ich es bewusst geplant habe, begann eine Gemeinschaft von Anfang an in das Leben meiner einsamen Heldin einzudringen. Dr. Lotty Herschel kam zuerst, und mit ihr Lottys Freunde, Liebhaber, ihr Klinikpersonal, ihre Patienten, und in Killing Orders sogar ihr verrufener Onkel, der Geldf\u00e4lscher. (<em>Writing in an Age of Silence<\/em>, S. 103)<\/p><\/blockquote>\n<p>Die Figur von V.I. Warshawski mag sich im Laufe der Zeit entwickelt haben, doch das politische Engagement ihrer Autorin zieht sich durch alle Romane \u2013 und auch der Schauplatz Chicago spielt immer eine gro\u00dfe Rolle.<\/p>\n<p>Paretsky ging 1966 nach Chicago, um zu studieren, und engagierte sich in der B\u00fcrgerrechtsbewegung, die f\u00fcr die Rechte der Schwarzen k\u00e4mpfte. Auch Martin Luther King lebte damals in Chicago und hatte sein Hauptquartier in unmittelbarer N\u00e4he der kleinen Wohnung aufgeschlagen, die Paretsky mit anderen Studenten teilte. Es war eine unruhige Zeit voller Gewalt. Paretsky schreibt:<\/p>\n<blockquote><p>Ein Gro\u00dfteil dessen, was V.I.s Geschichte ausmacht, stammt aus diesem Sommer, und unter anderem wollte ich nicht nur die rassistischen Trennlinien der Stadt begreifen, sondern auch ihre ethnischen und religi\u00f6sen. &#8230; Doch vor allem erkannte ich im Sommer 1966 das Problem der Sprachlosigkeit und die Schwierigkeit, eine eigene Stimme zu finden, Dinge, die in meinem Schreiben eine gro\u00dfe Rolle spielen, weil sie in meinem Gef\u00fchlsleben eine gro\u00dfe Rolle spielen. Vor 40 Jahren habe ich die Hilflosigkeit der Leute, mit denen ich gelebt habe, eher gef\u00fchlt als verstanden. &#8230; Ich bin an den Bed\u00fcrfnissen oder Motiven der Meta-M\u00e4chtigen, den Cheneys, Halliburtons, den Enrons nicht sehr interessiert; es ist eine Schw\u00e4che meiner Romane, dass ich die Charaktere der B\u00f6sen nicht besonders gut ausleuchte. Ich habe immer zum Underdog gehalten, und mein Sommer in Chicago hat die nackte Not der Underdogs f\u00fcr mich sp\u00fcrbar gemacht. (<em>Writing in an Age of Silence<\/em>, S. 36-38)<\/p><\/blockquote>\n<p>Nach ihrem Deb\u00fct 1982 schrieb Paretsky noch 17 weitere Romane mit V.I. Warshawski als tougher Privatdetektivin, 14 davon wurden ins Deutsche \u00fcbersetzt, die ersten zehn erschienen im Piper Verlag, zwei weitere, <em>Blacklist<\/em> und <em>Feuereifer<\/em>, gab es 2004 und 2007 im Goldmann Verlag. 2011 ver\u00f6ffentlichte der Dumont Verlag noch <em>Hardball<\/em>, aber dann kam es bei den \u00dcbersetzungen ins Deutsche einmal zu sieben Jahren Pause, in der Warshawski-Fans die Romane <em>Bodywork<\/em> (2010), <em>Breakdown<\/em> (2012), <em>Critical Mass<\/em> (2013), <em>Brush Back<\/em> (2015) und <em>Fallout<\/em> (2017) nur im englischen Original lesen konnten.<\/p>\n<p>Doch Ende 2018, f\u00fcnf Jahre nach Ver\u00f6ffentlichung des englischen Originals, erschien im Hamburger Ariadne Verlag der Roman <em>Kritische Masse<\/em> und bescherte V.I.Warshawski in Deutschland ein gl\u00e4nzendes Comeback. Paretsky schaffte es im Dezember auf Anhieb auf Platz 1 der <a href=\"https:\/\/www.faz.net\/aktuell\/feuilleton\/die-besten-krimis-im-dezember-2018-15905857.html\">Krimibestenliste<\/a> von F.A.S. und Deutschlandkultur und wurde von der Kritik hochgelobt.<\/p>\n<p>In <em>Kritische Masse<\/em> verpackt Paretsky politische Kritik einmal mehr in eine packende Handlung und einen unterhaltsamen Roman, der nat\u00fcrlich wieder von V.I. Warshawski getragen wird. Die Privatdetektivin ist seit ihrem Deb\u00fct zwar gealtert, aber immer noch tough, neugierig und unerschrocken. Auch mit Lotty Herschel ist sie noch befreundet. Und als Lotty V.I. bittet, nach der Tochter einer Frau zu suchen, mit der Lotty in den 30er Jahren in Wien zusammengelebt hat, macht die Detektivin das nat\u00fcrlich \u2013 aus Freundschaft und schlie\u00dflich will sie sich nach Schie\u00dfereien, Schl\u00e4gereien und Zwischenf\u00e4llen \u00e4hnlicher Art weiter auf die Hilfe der \u00c4rztin verlassen k\u00f6nnen.<\/p>\n<p>Im Zuge ihrer mit zunehmend gr\u00f6\u00dferen Einsatz gef\u00fchrten Ermittlungen st\u00f6\u00dft die Detektivin auf moderne Drogenh\u00e4ndler, m\u00e4chtige Konzerne, die nichts Gutes im Schilde f\u00fchren und noch nie gef\u00fchrt haben sowie auf ein dunkles Kapitel US-amerikanischer Geschichte, bei dem die zu Beginn des Romans zu besserem Benehmen ermahnte \u201eMartina\u201c eine wichtige Rolle spielt.<\/p>\n<p><img loading=\"lazy\" decoding=\"async\" class=\"alignnone size-full wp-image-2909\" src=\"https:\/\/johannes-fischer.net\/blog\/wp-content\/uploads\/2018\/12\/cover-kritische-masse.jpg\" alt=\"\" width=\"300\" height=\"439\" srcset=\"https:\/\/johannes-fischer.net\/blog\/wp-content\/uploads\/2018\/12\/cover-kritische-masse.jpg 300w, https:\/\/johannes-fischer.net\/blog\/wp-content\/uploads\/2018\/12\/cover-kritische-masse-205x300.jpg 205w\" sizes=\"(max-width: 300px) 100vw, 300px\" \/><br \/>\nSara Paretsky, <em>Kritische Masse<\/em>, <a href=\"https:\/\/www.ariadne.de\/\">Ariadne Verlag<\/a>, Hamburg 2018<\/p>\n<p><em><strong>Zur Orientierung&#8230;<\/strong><\/em><\/p>\n<p>Dieser Artikel ist Teil eines Quiz&#8217; mit\/\u00fcber Romananf\u00e4nge. 24 Romananf\u00e4nge werden vorgestellt, wer will, kann versuchen, Titel und Autor\/Autorin des Romans zu erraten. Die Links f\u00fchren entweder direkt zum n\u00e4chsten Romananfang oder zu anderen Romananf\u00e4ngen.<\/p>\n<ul>\n<li>Weiter zu <a href=\"https:\/\/johannes-fischer.net\/blog\/romananfang-24\/\">Romananfang 24<\/a><\/li>\n<li><a href=\"https:\/\/johannes-fischer.net\/blog\/literaturquiz-romananfaenge-einleitung\/\">Literaturquiz Romananf\u00e4nge &#8211; Von Anfang an&#8230;<\/a><\/li>\n<li><a href=\"https:\/\/johannes-fischer.net\/blog\/romananfang-1\/\">Romananfang 1<\/a><\/li>\n<li><a href=\"https:\/\/johannes-fischer.net\/blog\/romananfang-2\/\">Romananfang 2<\/a><\/li>\n<li><a href=\"https:\/\/johannes-fischer.net\/blog\/romananfang-3\/\">Romananfang 3<\/a><\/li>\n<li><a href=\"https:\/\/johannes-fischer.net\/blog\/romananfang-4\/\">Romananfang 4<\/a><\/li>\n<li><a href=\"https:\/\/johannes-fischer.net\/blog\/romananfang-5\/\">Romananfang 5<\/a><\/li>\n<li><a href=\"https:\/\/johannes-fischer.net\/blog\/romananfang-6\/\">Romananfang 6<\/a><\/li>\n<li><a href=\"https:\/\/johannes-fischer.net\/blog\/romananfang-7\/\">Romananfang 7<\/a><\/li>\n<li><a href=\"https:\/\/johannes-fischer.net\/blog\/romananfang-8\/\">Romananfang 8<\/a><\/li>\n<li><a href=\"https:\/\/johannes-fischer.net\/blog\/romananfang-9\/\">Romananfang 9<\/a><\/li>\n<li><a href=\"https:\/\/johannes-fischer.net\/blog\/romananfang-10\">Romananfang 10<\/a><\/li>\n<li><a href=\"https:\/\/johannes-fischer.net\/blog\/romananfang-11\/\">Romananfang 11<\/a><\/li>\n<li><a href=\"https:\/\/johannes-fischer.net\/blog\/romananfang-12\/\">Romananfang 12<\/a><\/li>\n<li><a href=\"https:\/\/johannes-fischer.net\/blog\/romananfang-13\/\">Romananfang 13<\/a><\/li>\n<li><a href=\"https:\/\/johannes-fischer.net\/blog\/romananfang-14\">Romananfang 14<\/a><\/li>\n<li><a href=\"https:\/\/johannes-fischer.net\/blog\/romananfang-15\">Romananfang 15<\/a><\/li>\n<li><a href=\"https:\/\/johannes-fischer.net\/blog\/romananfang-16\/\">Romananfang 16<\/a><\/li>\n<li><a href=\"https:\/\/johannes-fischer.net\/blog\/romananfang-17\/\">Romananfang 17<\/a><\/li>\n<li><a href=\"https:\/\/johannes-fischer.net\/blog\/romananfang-18\/\">Romananfang 18<\/a><\/li>\n<li><a href=\"https:\/\/johannes-fischer.net\/blog\/romananfang-19\/\">Romananfang 19<\/a><\/li>\n<li><a href=\"https:\/\/johannes-fischer.net\/blog\/romananfang-20\/\">Romananfang 20<\/a><\/li>\n<li><a href=\"https:\/\/johannes-fischer.net\/blog\/romananfang-21\/\">Romananfang 21<\/a><\/li>\n<li><a href=\"https:\/\/johannes-fischer.net\/blog\/romananfang-22\/\">Romananfang 22<\/a><\/li>\n<li><a href=\"https:\/\/johannes-fischer.net\/blog\/romananfang-23\/\">Romananfang 23<\/a><\/li>\n<li><a href=\"https:\/\/johannes-fischer.net\/blog\/romananfang-24\/\">Romananfang 24<\/a><\/li>\n<\/ul>\n<div class='sfsi_Sicons' style='width: 100%; display: inline-block; vertical-align: middle; text-align:left'><div style='margin:0px 8px 0px 0px; line-height: 24px'><span><\/span><\/div><div class='sfsi_socialwpr'><div class='sf_subscrbe' style='text-align:left;vertical-align: middle;float:left;width:64px'><a href=\"http:\/\/www.specificfeeds.com\/widgets\/emailSubscribeEncFeed\/Q0FJU2IrL21rdElzb0J1Mnd4UWp5M2JZMHQ5YXBNTW01ZnhPcUtDWnpWVFVEcEgvdGwvUHQ3R2lnWTEyVjh2WmFlaE1KbEw2YnBuZ3hRMFFqNEZoQWgyNFlqRGZydzNJZEFYS3VPMjhCZVNHbFNuNU5qbXI1OGNjeW8zb1dXVlh8aDdxZGtDYTZTaTNPNTZZcENLZXhwbkF0bTlJWFpwWitxQTAwdHRkU3VOdz0=\/OA==\/\" target=\"_blank\"><img decoding=\"async\" src=\"https:\/\/johannes-fischer.net\/blog\/wp-content\/plugins\/ultimate-social-media-icons\/images\/follow_subscribe.png\" alt=\"error\" \/><\/a><\/div><div class='sf_fb' style='text-align:left;vertical-align: middle;width:98px'><div class=\"fb-like\" data-href=\"https:\/\/johannes-fischer.net\/blog\/romananfang-23-sara-paretsky-kritische-masse\/\" data-width=\"180\" data-send=\"false\" data-show-faces=\"false\"  data-action=\"like\" data-share=\"true\"data-layout=\"button\" ><\/div><\/div><div class='sf_twiter' style='text-align:left;float:left;vertical-align: middle;width:auto'><a href=\"http:\/\/twitter.com\/share\" data-count=\"none\" class=\"sr-twitter-button twitter-share-button\" lang=\"en\" data-url=\"https:\/\/johannes-fischer.net\/blog\/romananfang-23-sara-paretsky-kritische-masse\/\" data-text=\"Romananfang 23 \u2013 Sara Paretsky &#8220;Kritische Masse&#8221;\" ><\/a><\/div><\/div><\/div>","protected":false},"excerpt":{"rendered":"<p>Sara Paretsky (geboren am 8. Juni 1947 in Ames, Iowa, USA) hat die Kriminalliteratur nachhaltig ver\u00e4ndert. 1982 erschien ihr erster Roman Indemnity Only (Schadenersatz, Piper 1986) und lieferte eine Auseinandersetzung\/Weiterf\u00fchrung\/Imitation\/Kritik&hellip; <\/p>\n","protected":false},"author":1,"featured_media":0,"parent":0,"menu_order":0,"comment_status":"open","ping_status":"open","template":"","meta":{"footnotes":""},"_links":{"self":[{"href":"https:\/\/johannes-fischer.net\/blog\/wp-json\/wp\/v2\/pages\/3021"}],"collection":[{"href":"https:\/\/johannes-fischer.net\/blog\/wp-json\/wp\/v2\/pages"}],"about":[{"href":"https:\/\/johannes-fischer.net\/blog\/wp-json\/wp\/v2\/types\/page"}],"author":[{"embeddable":true,"href":"https:\/\/johannes-fischer.net\/blog\/wp-json\/wp\/v2\/users\/1"}],"replies":[{"embeddable":true,"href":"https:\/\/johannes-fischer.net\/blog\/wp-json\/wp\/v2\/comments?post=3021"}],"version-history":[{"count":4,"href":"https:\/\/johannes-fischer.net\/blog\/wp-json\/wp\/v2\/pages\/3021\/revisions"}],"predecessor-version":[{"id":3196,"href":"https:\/\/johannes-fischer.net\/blog\/wp-json\/wp\/v2\/pages\/3021\/revisions\/3196"}],"wp:attachment":[{"href":"https:\/\/johannes-fischer.net\/blog\/wp-json\/wp\/v2\/media?parent=3021"}],"curies":[{"name":"wp","href":"https:\/\/api.w.org\/{rel}","templated":true}]}}