{"id":3017,"date":"2018-12-30T09:33:17","date_gmt":"2018-12-30T08:33:17","guid":{"rendered":"https:\/\/johannes-fischer.net\/blog\/?page_id=3017"},"modified":"2019-01-06T17:30:11","modified_gmt":"2019-01-06T16:30:11","slug":"romananfang-22-james-baldwin-von-dieser-welt","status":"publish","type":"page","link":"https:\/\/johannes-fischer.net\/blog\/romananfang-22-james-baldwin-von-dieser-welt\/","title":{"rendered":"Romananfang 22 \u2013 James Baldwin &#8220;Von dieser Welt&#8221;"},"content":{"rendered":"<p>James Baldwin (geboren am 2. August 1924 in New York, gestorben am 1. Dezember 1987in Saint-Paul-de-Vence in Frankreich) ist vielleicht die Wiederentdeckung des Jahres 2018. Im Februar erschien <em>Von dieser Welt<\/em>, Miriam Mandelkows hoch gelobte Neu\u00fcbersetzung von Baldwins 1953 erschienenem Deb\u00fctroman <em>Go Tell It on the Mountain<\/em>, der mit der hier zitierten Passage beginnt. Hauptperson des stark autobiographisch gef\u00e4rbten Romans ist John Grimes und Baldwin beschreibt dessen allm\u00e4hliche, schmerzhafte, aber befreiende Losl\u00f6sung von einem gewaltt\u00e4tigen Vater und religi\u00f6sen \u00dcberzeugungen, die zu Selbsthass und Unterdr\u00fcckung f\u00fchren, kraftvoll und eindr\u00fccklich.<\/p>\n<p>Weitere Neu\u00fcbersetzungen der Romane und Essays von Baldwin sind bereits erscheinen oder geplant. Das ist eine gute und eine schlechte Nachricht. Schlecht ist diese Nachricht, weil sie zeigt, dass Baldwins Themen \u2013 Rassismus, Hass und gesellschaftliche Gewalt, die zu Selbsthass und noch mehr Gewalt f\u00fchrt \u2013 \u00fcber drei\u00dfig Jahre nach seinem Tod leider immer noch sehr aktuell sind. Gut ist diese Nachricht, weil Baldwin ein phantastischer\u00a0 Autor ist.<\/p>\n<p>1987, als ich das erste Mal in London war, fiel mir zuf\u00e4llig ein Roman von Baldwin in die H\u00e4nde, und seitdem habe ich fast alle seine Romane, Erz\u00e4hlungen und Essays gelesen, manche mehrfach, au\u00dferdem noch zwei Biographien. Meine Bewunderung f\u00fcr Baldwin ist ungebrochen, meine Begeisterung f\u00fcr ihn wurde durch seine Neuentdeckung wieder geweckt.<\/p>\n<p><img loading=\"lazy\" decoding=\"async\" class=\"alignnone size-full wp-image-2896\" src=\"https:\/\/johannes-fischer.net\/blog\/wp-content\/uploads\/2018\/12\/cover-von-dieser-welt-1.jpg\" alt=\"\" width=\"300\" height=\"465\" srcset=\"https:\/\/johannes-fischer.net\/blog\/wp-content\/uploads\/2018\/12\/cover-von-dieser-welt-1.jpg 300w, https:\/\/johannes-fischer.net\/blog\/wp-content\/uploads\/2018\/12\/cover-von-dieser-welt-1-194x300.jpg 194w\" sizes=\"(max-width: 300px) 100vw, 300px\" \/><br \/>\nJames Baldwin, <em>Von dieser Welt<\/em>, dtv 2018, \u00dcbersetzung: Miriam Mandelkow<\/p>\n<p><em><strong>Zur Orientierung&#8230;<\/strong><\/em><\/p>\n<p>Dieser Artikel ist Teil eines Quiz&#8217; mit\/\u00fcber Romananf\u00e4nge. 24 Romananf\u00e4nge werden vorgestellt, wer will, kann versuchen, Titel und Autor\/Autorin des Romans zu erraten. Die Links f\u00fchren entweder direkt zum n\u00e4chsten Romananfang oder zu anderen Romananf\u00e4ngen.<\/p>\n<ul>\n<li>Weiter zu <a href=\"https:\/\/johannes-fischer.net\/blog\/romananfang-23\/\">Romananfang 23<\/a><\/li>\n<li><a href=\"https:\/\/johannes-fischer.net\/blog\/literaturquiz-romananfaenge-einleitung\/\">Literaturquiz Romananf\u00e4nge &#8211; Von Anfang an&#8230;<\/a><\/li>\n<li><a href=\"https:\/\/johannes-fischer.net\/blog\/romananfang-1\/\">Romananfang 1<\/a><\/li>\n<li><a href=\"https:\/\/johannes-fischer.net\/blog\/romananfang-2\/\">Romananfang 2<\/a><\/li>\n<li><a href=\"https:\/\/johannes-fischer.net\/blog\/romananfang-3\/\">Romananfang 3<\/a><\/li>\n<li><a href=\"https:\/\/johannes-fischer.net\/blog\/romananfang-4\/\">Romananfang 4<\/a><\/li>\n<li><a href=\"https:\/\/johannes-fischer.net\/blog\/romananfang-5\/\">Romananfang 5<\/a><\/li>\n<li><a href=\"https:\/\/johannes-fischer.net\/blog\/romananfang-6\/\">Romananfang 6<\/a><\/li>\n<li><a href=\"https:\/\/johannes-fischer.net\/blog\/romananfang-7\/\">Romananfang 7<\/a><\/li>\n<li><a href=\"https:\/\/johannes-fischer.net\/blog\/romananfang-8\/\">Romananfang 8<\/a><\/li>\n<li><a href=\"https:\/\/johannes-fischer.net\/blog\/romananfang-9\/\">Romananfang 9<\/a><\/li>\n<li><a href=\"https:\/\/johannes-fischer.net\/blog\/romananfang-10\">Romananfang 10<\/a><\/li>\n<li><a href=\"https:\/\/johannes-fischer.net\/blog\/romananfang-11\/\">Romananfang 11<\/a><\/li>\n<li><a href=\"https:\/\/johannes-fischer.net\/blog\/romananfang-12\/\">Romananfang 12<\/a><\/li>\n<li><a href=\"https:\/\/johannes-fischer.net\/blog\/romananfang-13\/\">Romananfang 13<\/a><\/li>\n<li><a href=\"https:\/\/johannes-fischer.net\/blog\/romananfang-14\">Romananfang 14<\/a><\/li>\n<li><a href=\"https:\/\/johannes-fischer.net\/blog\/romananfang-15\">Romananfang 15<\/a><\/li>\n<li><a href=\"https:\/\/johannes-fischer.net\/blog\/romananfang-16\/\">Romananfang 16<\/a><\/li>\n<li><a href=\"https:\/\/johannes-fischer.net\/blog\/romananfang-17\/\">Romananfang 17<\/a><\/li>\n<li><a href=\"https:\/\/johannes-fischer.net\/blog\/romananfang-18\/\">Romananfang 18<\/a><\/li>\n<li><a href=\"https:\/\/johannes-fischer.net\/blog\/romananfang-19\/\">Romananfang 19<\/a><\/li>\n<li><a href=\"https:\/\/johannes-fischer.net\/blog\/romananfang-20\/\">Romananfang 20<\/a><\/li>\n<li><a href=\"https:\/\/johannes-fischer.net\/blog\/romananfang-21\/\">Romananfang 21<\/a><\/li>\n<li><a href=\"https:\/\/johannes-fischer.net\/blog\/romananfang-22\/\">Romananfang 22<\/a><\/li>\n<li><a href=\"https:\/\/johannes-fischer.net\/blog\/romananfang-23\/\">Romananfang 23<\/a><\/li>\n<li><a href=\"https:\/\/johannes-fischer.net\/blog\/romananfang-24\/\">Romananfang 24<\/a><\/li>\n<\/ul>\n<div class='sfsi_Sicons' style='width: 100%; display: inline-block; vertical-align: middle; text-align:left'><div style='margin:0px 8px 0px 0px; line-height: 24px'><span><\/span><\/div><div class='sfsi_socialwpr'><div class='sf_subscrbe' style='text-align:left;vertical-align: middle;float:left;width:64px'><a href=\"http:\/\/www.specificfeeds.com\/widgets\/emailSubscribeEncFeed\/Q0FJU2IrL21rdElzb0J1Mnd4UWp5M2JZMHQ5YXBNTW01ZnhPcUtDWnpWVFVEcEgvdGwvUHQ3R2lnWTEyVjh2WmFlaE1KbEw2YnBuZ3hRMFFqNEZoQWgyNFlqRGZydzNJZEFYS3VPMjhCZVNHbFNuNU5qbXI1OGNjeW8zb1dXVlh8aDdxZGtDYTZTaTNPNTZZcENLZXhwbkF0bTlJWFpwWitxQTAwdHRkU3VOdz0=\/OA==\/\" target=\"_blank\"><img decoding=\"async\" src=\"https:\/\/johannes-fischer.net\/blog\/wp-content\/plugins\/ultimate-social-media-icons\/images\/follow_subscribe.png\" alt=\"error\" \/><\/a><\/div><div class='sf_fb' style='text-align:left;vertical-align: middle;width:98px'><div class=\"fb-like\" data-href=\"https:\/\/johannes-fischer.net\/blog\/romananfang-22-james-baldwin-von-dieser-welt\/\" data-width=\"180\" data-send=\"false\" data-show-faces=\"false\"  data-action=\"like\" data-share=\"true\"data-layout=\"button\" ><\/div><\/div><div class='sf_twiter' style='text-align:left;float:left;vertical-align: middle;width:auto'><a href=\"http:\/\/twitter.com\/share\" data-count=\"none\" class=\"sr-twitter-button twitter-share-button\" lang=\"en\" data-url=\"https:\/\/johannes-fischer.net\/blog\/romananfang-22-james-baldwin-von-dieser-welt\/\" data-text=\"Romananfang 22 \u2013 James Baldwin &#8220;Von dieser Welt&#8221;\" ><\/a><\/div><\/div><\/div>","protected":false},"excerpt":{"rendered":"<p>James Baldwin (geboren am 2. August 1924 in New York, gestorben am 1. Dezember 1987in Saint-Paul-de-Vence in Frankreich) ist vielleicht die Wiederentdeckung des Jahres 2018. Im Februar erschien Von dieser&hellip; <\/p>\n","protected":false},"author":1,"featured_media":0,"parent":0,"menu_order":0,"comment_status":"open","ping_status":"open","template":"","meta":{"footnotes":""},"_links":{"self":[{"href":"https:\/\/johannes-fischer.net\/blog\/wp-json\/wp\/v2\/pages\/3017"}],"collection":[{"href":"https:\/\/johannes-fischer.net\/blog\/wp-json\/wp\/v2\/pages"}],"about":[{"href":"https:\/\/johannes-fischer.net\/blog\/wp-json\/wp\/v2\/types\/page"}],"author":[{"embeddable":true,"href":"https:\/\/johannes-fischer.net\/blog\/wp-json\/wp\/v2\/users\/1"}],"replies":[{"embeddable":true,"href":"https:\/\/johannes-fischer.net\/blog\/wp-json\/wp\/v2\/comments?post=3017"}],"version-history":[{"count":4,"href":"https:\/\/johannes-fischer.net\/blog\/wp-json\/wp\/v2\/pages\/3017\/revisions"}],"predecessor-version":[{"id":3195,"href":"https:\/\/johannes-fischer.net\/blog\/wp-json\/wp\/v2\/pages\/3017\/revisions\/3195"}],"wp:attachment":[{"href":"https:\/\/johannes-fischer.net\/blog\/wp-json\/wp\/v2\/media?parent=3017"}],"curies":[{"name":"wp","href":"https:\/\/api.w.org\/{rel}","templated":true}]}}