{"id":3015,"date":"2018-12-30T09:32:12","date_gmt":"2018-12-30T08:32:12","guid":{"rendered":"https:\/\/johannes-fischer.net\/blog\/?page_id=3015"},"modified":"2018-12-30T09:33:52","modified_gmt":"2018-12-30T08:33:52","slug":"romananfang-22","status":"publish","type":"page","link":"https:\/\/johannes-fischer.net\/blog\/romananfang-22\/","title":{"rendered":"Romananfang 22"},"content":{"rendered":"<p><strong>Der siebte Tag<\/strong><br \/>\nUnd der Geist und die Braut sprechen: Komm!<br \/>\nUnd wer es h\u00f6rt, der spreche: Komm!<br \/>\nUnd wen d\u00fcrstet, der komme;<br \/>\nUnd wer da will, der nehme das Wasser<br \/>\ndes Lebens umsonst.<\/p>\n<p><em>I looked down the line,<\/em><br \/>\n<em>And I wondered.<\/em><\/p>\n<p>Alle hatten immer gesagt, John werde sp\u00e4ter mal Prediger, genau wie sein Vater. So oft war das gesagt worden, dass John es irgendwann selber glaubte, ohne jemals dar\u00fcber nachzudenken. Erst am Morgen seines vierzehnten Geburtstags dachte er ernsthaft dar\u00fcber nach, und da war es bereits zu sp\u00e4t.<\/p>\n<p><em>Viel Religion \u2013 welcher Roman beginnt so und wer hat ihn geschrieben?<\/em><\/p>\n<p><a href=\"https:\/\/johannes-fischer.net\/blog\/romananfang-22-james-baldwin-von-dieser-welt\/\">Antwort&#8230;<\/a><\/p>\n<div class='sfsi_Sicons' style='width: 100%; display: inline-block; vertical-align: middle; text-align:left'><div style='margin:0px 8px 0px 0px; line-height: 24px'><span><\/span><\/div><div class='sfsi_socialwpr'><div class='sf_subscrbe' style='text-align:left;vertical-align: middle;float:left;width:64px'><a href=\"http:\/\/www.specificfeeds.com\/widgets\/emailSubscribeEncFeed\/Q0FJU2IrL21rdElzb0J1Mnd4UWp5M2JZMHQ5YXBNTW01ZnhPcUtDWnpWVFVEcEgvdGwvUHQ3R2lnWTEyVjh2WmFlaE1KbEw2YnBuZ3hRMFFqNEZoQWgyNFlqRGZydzNJZEFYS3VPMjhCZVNHbFNuNU5qbXI1OGNjeW8zb1dXVlh8aDdxZGtDYTZTaTNPNTZZcENLZXhwbkF0bTlJWFpwWitxQTAwdHRkU3VOdz0=\/OA==\/\" target=\"_blank\"><img decoding=\"async\" src=\"https:\/\/johannes-fischer.net\/blog\/wp-content\/plugins\/ultimate-social-media-icons\/images\/follow_subscribe.png\" alt=\"error\" \/><\/a><\/div><div class='sf_fb' style='text-align:left;vertical-align: middle;width:98px'><div class=\"fb-like\" data-href=\"https:\/\/johannes-fischer.net\/blog\/romananfang-22\/\" data-width=\"180\" data-send=\"false\" data-show-faces=\"false\"  data-action=\"like\" data-share=\"true\"data-layout=\"button\" ><\/div><\/div><div class='sf_twiter' style='text-align:left;float:left;vertical-align: middle;width:auto'><a href=\"http:\/\/twitter.com\/share\" data-count=\"none\" class=\"sr-twitter-button twitter-share-button\" lang=\"en\" data-url=\"https:\/\/johannes-fischer.net\/blog\/romananfang-22\/\" data-text=\"Romananfang 22\" ><\/a><\/div><\/div><\/div>","protected":false},"excerpt":{"rendered":"<p>Der siebte Tag Und der Geist und die Braut sprechen: Komm! Und wer es h\u00f6rt, der spreche: Komm! Und wen d\u00fcrstet, der komme; Und wer da will, der nehme das&hellip; <\/p>\n","protected":false},"author":1,"featured_media":0,"parent":0,"menu_order":0,"comment_status":"open","ping_status":"open","template":"","meta":{"footnotes":""},"_links":{"self":[{"href":"https:\/\/johannes-fischer.net\/blog\/wp-json\/wp\/v2\/pages\/3015"}],"collection":[{"href":"https:\/\/johannes-fischer.net\/blog\/wp-json\/wp\/v2\/pages"}],"about":[{"href":"https:\/\/johannes-fischer.net\/blog\/wp-json\/wp\/v2\/types\/page"}],"author":[{"embeddable":true,"href":"https:\/\/johannes-fischer.net\/blog\/wp-json\/wp\/v2\/users\/1"}],"replies":[{"embeddable":true,"href":"https:\/\/johannes-fischer.net\/blog\/wp-json\/wp\/v2\/comments?post=3015"}],"version-history":[{"count":2,"href":"https:\/\/johannes-fischer.net\/blog\/wp-json\/wp\/v2\/pages\/3015\/revisions"}],"predecessor-version":[{"id":3090,"href":"https:\/\/johannes-fischer.net\/blog\/wp-json\/wp\/v2\/pages\/3015\/revisions\/3090"}],"wp:attachment":[{"href":"https:\/\/johannes-fischer.net\/blog\/wp-json\/wp\/v2\/media?parent=3015"}],"curies":[{"name":"wp","href":"https:\/\/api.w.org\/{rel}","templated":true}]}}