{"id":3013,"date":"2018-12-30T09:31:18","date_gmt":"2018-12-30T08:31:18","guid":{"rendered":"https:\/\/johannes-fischer.net\/blog\/?page_id=3013"},"modified":"2019-01-06T17:29:13","modified_gmt":"2019-01-06T16:29:13","slug":"romananfang-21-garry-disher-leiser-tod","status":"publish","type":"page","link":"https:\/\/johannes-fischer.net\/blog\/romananfang-21-garry-disher-leiser-tod\/","title":{"rendered":"Romananfang 21 &#8211; Garry Disher &#8220;Leiser Tod&#8221;"},"content":{"rendered":"<p>Garry Disher ist einer der bekanntesten australischen Krimiautoren. Er wurde am 15. August 1949 in Burra, S\u00fcdaustralien geboren, und in Deutschland zun\u00e4chst durch seine Wyatt-Romane bekannt, in denen der hochprofessionelle, emotionslose und n\u00fcchtern kalkulierende Berufsverbrecher <a href=\"https:\/\/johannes-fischer.net\/blog\/2013\/04\/22\/verbrechen-lohnt-sich-garry-dishers-wyatt\/\">Wyatt<\/a> die Hauptrolle spielt. Bislang hat Disher acht Wyatt-Romane ver\u00f6ffentlicht, den letzten, <em>The Heat<\/em>, 2015, aber einen Vornamen hat Wyatt in keinem der acht Romane bekommen \u2013 und auch Reue \u00fcber seine Taten zeigt er nicht.<\/p>\n<p><em>Kickback<\/em>, der erste Wyatt-Roman erschien 1991 in Australien und wurde 1999 unter dem Titel <em>Gier<\/em> ins Deutsche \u00fcbersetzt und vom Berliner Maas Verlag ver\u00f6ffentlicht. Ein Jahr sp\u00e4ter, 2000, erhielt Disher f\u00fcr <em>Gier<\/em> den Deutschen Krimipreis in der Rubrik International.<\/p>\n<p>Doch Disher ist ein vielseitiger Autor. Er ver\u00f6ffentlichte Krimis, Jugendb\u00fccher, Schreibratgeber, Romane, die sich mit der Geschichte Australiens besch\u00e4ftigen, dazu noch etliche Sachb\u00fccher. 1997, nach Erscheinen von <em>Fallout<\/em>, dem sechsten Wyatt-Roman (2008 auf Deutsch unter dem Titel <em>Niederschlag<\/em> im Verlag <a href=\"http:\/\/www.pulpmaster.de\/wp\/\">PulpMaster<\/a> erschienen), g\u00f6nnte Disher seinem \u201eHelden\u201c eine Pause, wechselte die Seiten und schilderte die Welt des Verbrechens aus Sicht von Polizeiinspektor Hal Challis. Der feierte 1999 in <em>The Dragonman<\/em> sein Deb\u00fct<em>.<\/em> Die deutschen Leser und Leserinnen mussten zwei Jahre warten, bis der australische Polizist auch zu ihnen kam &#8211; die deutsche \u00dcbersetzung des ersten Romans mit Hal Challis erschien 2001 im Schweizer <a href=\"http:\/\/www.unionsverlag.com\/info\/\">Unionsverlag<\/a> unter dem Titel <em>Der Drachenmann<\/em>.<\/p>\n<p>Auch alle sechs weiteren Hal Challis Romane wurden ins Deutsche \u00fcbersetzt und im\u00a0 <a href=\"http:\/\/www.unionsverlag.com\/info\/\">Unionsverlag<\/a> ver\u00f6ffentlicht: <em>Hinter den Inseln<\/em> (2003), <em>Flugrausch<\/em> (2005), <em>Schnappschuss<\/em> (2006), <em>Beweiskette<\/em> (2009), <em>Rostmond<\/em> (2010) und <em>Leiser Tod<\/em> (2018). In\u00a0 <em>Leiser Tod<\/em>, dessen Anfang hier zitiert wird, kehrt Disher wieder in die Welt der Berufsverbrecher zur\u00fcck. Denn \u201eGrace\u201c, die in der zitierten Passage durch die wohlhabenden Viertel Hobarts l\u00e4uft und auch im weiteren Verlauf des Romans eine gro\u00dfe Rolle spielt, ist, genau wie Wyatt, eine hochprofessionelle Berufsverbrecherin, Spezialit\u00e4t Kunstdiebstahl.<\/p>\n<p>Dieser Erwerbszweig genie\u00dft gesellschaftlich zurecht kein besonders hohes Ansehen, aber \u201eGrace\u201c hat Eigenschaften und eine Geschichte, die es leicht machen, mit ihr zu f\u00fchlen und auf ihrer Seite zu stehen. Ja, ein gro\u00dfer Reiz von <em>Leiser Tod<\/em>, in dem Hal Challis eine Serie von Einbr\u00fcchen aufkl\u00e4ren soll und zugleich einen Vergewaltiger unsch\u00e4dlich machen muss, entsteht durch die Spannung, die sich zwischen Challis und \u201eGrace\u201c aufbaut \u2013 findet er heraus, wer sie ist, was sie tut und getan hat und muss er sie am Ende verhaften? Oder bleibt sie unerkannt und hilft vielleicht sogar bei der L\u00f6sung anderer F\u00e4lle? Oder bleibt sie wie Wyatt erfolgreiche Berufsverbrecherin?<\/p>\n<p>Antwort auf diese Fragen gibt der gewohnt souver\u00e4n erz\u00e4hlte Roman \u2013 und so wartet man auf mehr von Disher, Wyatt, Hal Challis oder \u201eGrace\u201c.<\/p>\n<p><img loading=\"lazy\" decoding=\"async\" class=\"alignnone size-full wp-image-2887\" src=\"https:\/\/johannes-fischer.net\/blog\/wp-content\/uploads\/2018\/12\/leiser-tod-cover.jpg\" alt=\"\" width=\"300\" height=\"500\" srcset=\"https:\/\/johannes-fischer.net\/blog\/wp-content\/uploads\/2018\/12\/leiser-tod-cover.jpg 300w, https:\/\/johannes-fischer.net\/blog\/wp-content\/uploads\/2018\/12\/leiser-tod-cover-180x300.jpg 180w\" sizes=\"(max-width: 300px) 100vw, 300px\" \/><br \/>\nGarry Disher, <em>Leiser Tod<\/em>, <a href=\"http:\/\/www.unionsverlag.com\/info\/\">Unionsverlag<\/a>, Z\u00fcrich 2018<\/p>\n<p><em><strong>Zur Orientierung&#8230;<\/strong><\/em><\/p>\n<p>Dieser Artikel ist Teil eines Quiz&#8217; mit\/\u00fcber Romananf\u00e4nge. 24 Romananf\u00e4nge werden vorgestellt, wer will, kann versuchen, Titel und Autor\/Autorin des Romans zu erraten. Die Links f\u00fchren entweder direkt zum n\u00e4chsten Romananfang oder zu anderen Romananf\u00e4ngen.<\/p>\n<ul>\n<li>Weiter zu <a href=\"https:\/\/johannes-fischer.net\/blog\/romananfang-22\/\">Romananfang 22<\/a><\/li>\n<li><a href=\"https:\/\/johannes-fischer.net\/blog\/literaturquiz-romananfaenge-einleitung\/\">Literaturquiz Romananf\u00e4nge &#8211; Von Anfang an&#8230;<\/a><\/li>\n<li><a href=\"https:\/\/johannes-fischer.net\/blog\/romananfang-1\/\">Romananfang 1<\/a><\/li>\n<li><a href=\"https:\/\/johannes-fischer.net\/blog\/romananfang-2\/\">Romananfang 2<\/a><\/li>\n<li><a href=\"https:\/\/johannes-fischer.net\/blog\/romananfang-3\/\">Romananfang 3<\/a><\/li>\n<li><a href=\"https:\/\/johannes-fischer.net\/blog\/romananfang-4\/\">Romananfang 4<\/a><\/li>\n<li><a href=\"https:\/\/johannes-fischer.net\/blog\/romananfang-5\/\">Romananfang 5<\/a><\/li>\n<li><a href=\"https:\/\/johannes-fischer.net\/blog\/romananfang-6\/\">Romananfang 6<\/a><\/li>\n<li><a href=\"https:\/\/johannes-fischer.net\/blog\/romananfang-7\/\">Romananfang 7<\/a><\/li>\n<li><a href=\"https:\/\/johannes-fischer.net\/blog\/romananfang-8\/\">Romananfang 8<\/a><\/li>\n<li><a href=\"https:\/\/johannes-fischer.net\/blog\/romananfang-9\/\">Romananfang 9<\/a><\/li>\n<li><a href=\"https:\/\/johannes-fischer.net\/blog\/romananfang-10\">Romananfang 10<\/a><\/li>\n<li><a href=\"https:\/\/johannes-fischer.net\/blog\/romananfang-11\/\">Romananfang 11<\/a><\/li>\n<li><a href=\"https:\/\/johannes-fischer.net\/blog\/romananfang-12\/\">Romananfang 12<\/a><\/li>\n<li><a href=\"https:\/\/johannes-fischer.net\/blog\/romananfang-13\/\">Romananfang 13<\/a><\/li>\n<li><a href=\"https:\/\/johannes-fischer.net\/blog\/romananfang-14\">Romananfang 14<\/a><\/li>\n<li><a href=\"https:\/\/johannes-fischer.net\/blog\/romananfang-15\">Romananfang 15<\/a><\/li>\n<li><a href=\"https:\/\/johannes-fischer.net\/blog\/romananfang-16\/\">Romananfang 16<\/a><\/li>\n<li><a href=\"https:\/\/johannes-fischer.net\/blog\/romananfang-17\/\">Romananfang 17<\/a><\/li>\n<li><a href=\"https:\/\/johannes-fischer.net\/blog\/romananfang-18\/\">Romananfang 18<\/a><\/li>\n<li><a href=\"https:\/\/johannes-fischer.net\/blog\/romananfang-19\/\">Romananfang 19<\/a><\/li>\n<li><a href=\"https:\/\/johannes-fischer.net\/blog\/romananfang-20\/\">Romananfang 20<\/a><\/li>\n<li><a href=\"https:\/\/johannes-fischer.net\/blog\/romananfang-21\/\">Romananfang 21<\/a><\/li>\n<li><a href=\"https:\/\/johannes-fischer.net\/blog\/romananfang-22\/\">Romananfang 22<\/a><\/li>\n<li><a href=\"https:\/\/johannes-fischer.net\/blog\/romananfang-23\/\">Romananfang 23<\/a><\/li>\n<li><a href=\"https:\/\/johannes-fischer.net\/blog\/romananfang-24\/\">Romananfang 24<\/a><\/li>\n<\/ul>\n<p><strong>Siehe auch<\/strong><\/p>\n<ul>\n<li><a href=\"https:\/\/johannes-fischer.net\/blog\/2013\/04\/22\/verbrechen-lohnt-sich-garry-dishers-wyatt\/\">Verbrechen lohnt sich: Garry Dishers Wyatt<\/a><\/li>\n<li><a href=\"http:\/\/www.garrydisher.com\/\">Webseite von Garry Disher<\/a><\/li>\n<\/ul>\n<div class='sfsi_Sicons' style='width: 100%; display: inline-block; vertical-align: middle; text-align:left'><div style='margin:0px 8px 0px 0px; line-height: 24px'><span><\/span><\/div><div class='sfsi_socialwpr'><div class='sf_subscrbe' style='text-align:left;vertical-align: middle;float:left;width:64px'><a href=\"http:\/\/www.specificfeeds.com\/widgets\/emailSubscribeEncFeed\/Q0FJU2IrL21rdElzb0J1Mnd4UWp5M2JZMHQ5YXBNTW01ZnhPcUtDWnpWVFVEcEgvdGwvUHQ3R2lnWTEyVjh2WmFlaE1KbEw2YnBuZ3hRMFFqNEZoQWgyNFlqRGZydzNJZEFYS3VPMjhCZVNHbFNuNU5qbXI1OGNjeW8zb1dXVlh8aDdxZGtDYTZTaTNPNTZZcENLZXhwbkF0bTlJWFpwWitxQTAwdHRkU3VOdz0=\/OA==\/\" target=\"_blank\"><img decoding=\"async\" src=\"https:\/\/johannes-fischer.net\/blog\/wp-content\/plugins\/ultimate-social-media-icons\/images\/follow_subscribe.png\" alt=\"error\" \/><\/a><\/div><div class='sf_fb' style='text-align:left;vertical-align: middle;width:98px'><div class=\"fb-like\" data-href=\"https:\/\/johannes-fischer.net\/blog\/romananfang-21-garry-disher-leiser-tod\/\" data-width=\"180\" data-send=\"false\" data-show-faces=\"false\"  data-action=\"like\" data-share=\"true\"data-layout=\"button\" ><\/div><\/div><div class='sf_twiter' style='text-align:left;float:left;vertical-align: middle;width:auto'><a href=\"http:\/\/twitter.com\/share\" data-count=\"none\" class=\"sr-twitter-button twitter-share-button\" lang=\"en\" data-url=\"https:\/\/johannes-fischer.net\/blog\/romananfang-21-garry-disher-leiser-tod\/\" data-text=\"Romananfang 21 &#8211; Garry Disher &#8220;Leiser Tod&#8221;\" ><\/a><\/div><\/div><\/div>","protected":false},"excerpt":{"rendered":"<p>Garry Disher ist einer der bekanntesten australischen Krimiautoren. Er wurde am 15. August 1949 in Burra, S\u00fcdaustralien geboren, und in Deutschland zun\u00e4chst durch seine Wyatt-Romane bekannt, in denen der hochprofessionelle,&hellip; <\/p>\n","protected":false},"author":1,"featured_media":0,"parent":0,"menu_order":0,"comment_status":"open","ping_status":"open","template":"","meta":{"footnotes":""},"_links":{"self":[{"href":"https:\/\/johannes-fischer.net\/blog\/wp-json\/wp\/v2\/pages\/3013"}],"collection":[{"href":"https:\/\/johannes-fischer.net\/blog\/wp-json\/wp\/v2\/pages"}],"about":[{"href":"https:\/\/johannes-fischer.net\/blog\/wp-json\/wp\/v2\/types\/page"}],"author":[{"embeddable":true,"href":"https:\/\/johannes-fischer.net\/blog\/wp-json\/wp\/v2\/users\/1"}],"replies":[{"embeddable":true,"href":"https:\/\/johannes-fischer.net\/blog\/wp-json\/wp\/v2\/comments?post=3013"}],"version-history":[{"count":5,"href":"https:\/\/johannes-fischer.net\/blog\/wp-json\/wp\/v2\/pages\/3013\/revisions"}],"predecessor-version":[{"id":3194,"href":"https:\/\/johannes-fischer.net\/blog\/wp-json\/wp\/v2\/pages\/3013\/revisions\/3194"}],"wp:attachment":[{"href":"https:\/\/johannes-fischer.net\/blog\/wp-json\/wp\/v2\/media?parent=3013"}],"curies":[{"name":"wp","href":"https:\/\/api.w.org\/{rel}","templated":true}]}}