{"id":3009,"date":"2018-12-30T09:29:17","date_gmt":"2018-12-30T08:29:17","guid":{"rendered":"https:\/\/johannes-fischer.net\/blog\/?page_id=3009"},"modified":"2019-01-06T17:27:20","modified_gmt":"2019-01-06T16:27:20","slug":"romananfang-20-e-m-forster-a-passage-to-india","status":"publish","type":"page","link":"https:\/\/johannes-fischer.net\/blog\/romananfang-20-e-m-forster-a-passage-to-india\/","title":{"rendered":"Romananfang 20 \u2013 E.M. Forster &#8220;A Passage to India&#8221;"},"content":{"rendered":"<p>Wie beschreibt man etwas, das man nicht greifen kann, das f\u00fcr einen formlos bleibt, auf das die Sicht versperrt scheint? Dieses Problem schien der englische Autor Edward Morgan Forster (geboren am 1. Juni 1879 in Marylebone, gestorben 7. Juni 1970 in Coventry) bei seinem Roman <em>A Passage to India <\/em>(auf Deutsch erschien das Buch unter dem Titel <em>Auf der Suche nach Indien<\/em>) zu haben. Das Buch spielt in den 1920ern und erz\u00e4hlt, wie zwei Engl\u00e4nderinnen, die junge Adela Quested und Mrs. Moore, die Mutter von Adelas Verlobten Ronny Heaslop, der in Indien als Kolonialbeamter arbeitet, in die englische Kolonie reisen.<\/p>\n<p>Doch bereits der hier zitierte Anfang des Romans suggeriert, dass sich das, was Indien ausmacht, \u201ethe real India\u201c, wie Adela im Roman mehrfach sagt, einer klaren Beschreibung und Festlegung entzieht. Dieses Gef\u00fchl des Durcheinanders, des Unerkl\u00e4rlichen \u2013 \u201emuddle\u201c ist ein Lieblingswort von Forster \u2013 spielt auch in der zentralen Szene des Romans eine gro\u00dfe Rolle. Auf Einladung des indischen Arztes Dr. Aziz, der Gastfreundschaft demonstrieren will, unternehmen Engl\u00e4nder und Inder einen gemeinsamen Ausflug zu den Marabar Caves. Diese H\u00f6hlen gelten als Sehensw\u00fcrdigkeit, aber als die Gruppe die H\u00f6hlen besucht, k\u00f6nnen sie das Besondere an ihnen nicht erkennen. Sie sind leer, doch wirken gerade dadurch bedrohlich.<\/p>\n<p>Die junge Adela wird von dieser Leere so \u00fcberw\u00e4ltigt, dass sie einen Panikanfall bekommt, der zu zeitweiliger Amnesie f\u00fchrt, und sie nach dem Besuch der H\u00f6hlen dazu bringt, Dr. Aziz zu beschuldigen, er h\u00e4tte sie sexuell bel\u00e4stigt. Bei der anschlie\u00dfenden Gerichtsverhandlung zieht sie diesen Vorwurf zur\u00fcck, aber dennoch heizt der Vorfall die latenten Spannungen zwischen den Engl\u00e4nder und den Indern weiter an. Dr. Aziz\u2019 Initiative eines freundschaftlichen Ausflugs ist gescheitert.<\/p>\n<p>Das schwierige und spannungsreiche Verh\u00e4ltnis zwischen Engl\u00e4ndern und Indern bildet ein zentrales Thema des Romans. K\u00f6nnen Angeh\u00f6rige zweier Kulturen miteinander befreundet sein, k\u00f6nnen Engl\u00e4nder und Inder, k\u00f6nnen Anh\u00e4nger unterschiedlicher Religionen friedlich zusammenleben \u2013 diese grunds\u00e4tzlichen Fragen stellt Forster in <em>Auf der Suche nach Indien<\/em>.<\/p>\n<p>Der Roman beantwortet diese Frage mit \u201eNein\u201c. So unternehmen Fielding, eine der Hauptfiguren des Romans, und Dr. Aziz am Ende des Romans einen gemeinsamen Ausritt und sprechen bald \u00fcber Politik.<\/p>\n<blockquote><p>[Aziz] rief: \u201eAuf jeden Fall nieder mit den Engl\u00e4ndern. Das ist sicher. Verschwindet, Jungs, so schnell ihr k\u00f6nnt, sage ich. Vielleicht hassen wir uns gegenseitig, aber euch hassen wir am meisten. Wenn ich nicht daf\u00fcr sorge, dass ihr geht, werden das Ahmed oder Karim tun, auch wenn es 50 oder 500 Jahre dauert, bis wir euch los sind, ja, wir werden jeden verdammten Engl\u00e4nder ins Meer treiben, und dann\u201c \u2013 er ritt w\u00fctend gegen ihn \u2013 \u201eund dann\u201c, schloss er, und k\u00fcsste ihn dabei halb, \u201edann werden du und ich Freunde sein.\u201c<\/p>\n<p>\u201eWarum k\u00f6nnen wir nicht jetzt Freunde sein\u201c, fragte der andere, und hielt ihn dabei liebevoll. \u201eDas ist, was ich will. Das ist, was Du willst.\u201c<\/p>\n<p>Aber die Pferde wollten es nicht \u2013 sie stoben auseinander; die Erde wollte es nicht, und schickte Steine, durch die Reiter hintereinander reiten mussten; die Tempel &#8230; das Gef\u00e4ngnis, der Palast, die V\u00f6gel, das Aas, das Gasthaus, das in Sicht kam: sie wollten es nicht, sie sagten mit ihren Hunderten von Stimmen, \u201eNein, noch nicht\u201c, und der Himmel sagte, \u201eNein, nicht da.\u201c<\/p><\/blockquote>\n<p>Als Forsters Roman 1924 erschien, warf man ihm vor, er w\u00fcrde ein zu negatives Bild der Engl\u00e4nder zeichnen. Doch im Laufe der Zeit mehrten sich die Stimmen, die Forster vorwarfen, sein Roman zeichne ein zu negatives Bild von Frauen und vor allem w\u00fcrde er Indien mit den Augen des Kolonisators, des Engl\u00e4nders sehen, als exotisch, fremd, unverst\u00e4ndlich und geheimnisvoll.<\/p>\n<p>Diese Kritik entbehrt nicht einer gewissen Ironie, denn sie beantwortet die von Forster in dem Roman gestellte Frage, ob es Freundschaft und Toleranz zwischen den Angeh\u00f6rigen verschiedener Kulturen geben kann, ebenfalls mit einem \u201eNein\u201c \u2013 denn wie soll ein Engl\u00e4nder, ein Angeh\u00f6riger der Kolonialmacht, angemessen \u00fcber Indien und die Inder schreiben k\u00f6nnen?<\/p>\n<p>Forster selbst hatte lange Reisen nach Indien unternommen und seine Bewunderung f\u00fcr Indien ist im gesamten Roman zu sp\u00fcren \u2013nicht zuletzt ist der indische Arzt Dr. Aziz die am positivsten gezeichnete Figur der Erz\u00e4hlung.<\/p>\n<p><em>Auf der Suche nach Indien<\/em> ist ein Appell f\u00fcr Toleranz und Akzeptanz, doch angesichts der unvers\u00f6hnlichen Kritik an den Schw\u00e4chen des Romans, die auch der Zeit geschuldet sind, in der Forster lebte und geschrieben hat, kann man eigentlich nur glauben, dass sich die am Ende des Romans gemachte pessimistische Prognose \u00fcber die M\u00f6glichkeit, dass Angeh\u00f6rige unterschiedlicher Kulturen friedlich zusammenleben k\u00f6nnen, bewahrheitet.<\/p>\n<p><img loading=\"lazy\" decoding=\"async\" class=\"alignnone size-full wp-image-2879\" src=\"https:\/\/johannes-fischer.net\/blog\/wp-content\/uploads\/2018\/12\/forster-a-passage-to-india-cover.jpg\" alt=\"\" width=\"257\" height=\"400\" srcset=\"https:\/\/johannes-fischer.net\/blog\/wp-content\/uploads\/2018\/12\/forster-a-passage-to-india-cover.jpg 257w, https:\/\/johannes-fischer.net\/blog\/wp-content\/uploads\/2018\/12\/forster-a-passage-to-india-cover-193x300.jpg 193w\" sizes=\"(max-width: 257px) 100vw, 257px\" \/><br \/>\nE.M. Forster, <em>A Passage to India<\/em>. Die \u00dcbersetzung der hier zitierten Passagen stammt von mir.<\/p>\n<p><em><strong>Zur Orientierung&#8230;<\/strong><\/em><\/p>\n<p>Dieser Artikel ist Teil eines Quiz&#8217; mit\/\u00fcber Romananf\u00e4nge. 24 Romananf\u00e4nge werden vorgestellt, wer will, kann versuchen, Titel und Autor\/Autorin des Romans zu erraten. Die Links f\u00fchren entweder direkt zum n\u00e4chsten Romananfang oder zu anderen Romananf\u00e4ngen.<\/p>\n<ul>\n<li>Weiter zu <a href=\"https:\/\/johannes-fischer.net\/blog\/romananfang-21\/\">Romananfang 21<\/a><\/li>\n<li><a href=\"https:\/\/johannes-fischer.net\/blog\/literaturquiz-romananfaenge-einleitung\/\">Literaturquiz Romananf\u00e4nge &#8211; Von Anfang an&#8230;<\/a><\/li>\n<li><a href=\"https:\/\/johannes-fischer.net\/blog\/romananfang-1\/\">Romananfang 1<\/a><\/li>\n<li><a href=\"https:\/\/johannes-fischer.net\/blog\/romananfang-2\/\">Romananfang 2<\/a><\/li>\n<li><a href=\"https:\/\/johannes-fischer.net\/blog\/romananfang-3\/\">Romananfang 3<\/a><\/li>\n<li><a href=\"https:\/\/johannes-fischer.net\/blog\/romananfang-4\/\">Romananfang 4<\/a><\/li>\n<li><a href=\"https:\/\/johannes-fischer.net\/blog\/romananfang-5\/\">Romananfang 5<\/a><\/li>\n<li><a href=\"https:\/\/johannes-fischer.net\/blog\/romananfang-6\/\">Romananfang 6<\/a><\/li>\n<li><a href=\"https:\/\/johannes-fischer.net\/blog\/romananfang-7\/\">Romananfang 7<\/a><\/li>\n<li><a href=\"https:\/\/johannes-fischer.net\/blog\/romananfang-8\/\">Romananfang 8<\/a><\/li>\n<li><a href=\"https:\/\/johannes-fischer.net\/blog\/romananfang-9\/\">Romananfang 9<\/a><\/li>\n<li><a href=\"https:\/\/johannes-fischer.net\/blog\/romananfang-10\">Romananfang 10<\/a><\/li>\n<li><a href=\"https:\/\/johannes-fischer.net\/blog\/romananfang-11\/\">Romananfang 11<\/a><\/li>\n<li><a href=\"https:\/\/johannes-fischer.net\/blog\/romananfang-12\/\">Romananfang 12<\/a><\/li>\n<li><a href=\"https:\/\/johannes-fischer.net\/blog\/romananfang-13\/\">Romananfang 13<\/a><\/li>\n<li><a href=\"https:\/\/johannes-fischer.net\/blog\/romananfang-14\">Romananfang 14<\/a><\/li>\n<li><a href=\"https:\/\/johannes-fischer.net\/blog\/romananfang-15\">Romananfang 15<\/a><\/li>\n<li><a href=\"https:\/\/johannes-fischer.net\/blog\/romananfang-16\/\">Romananfang 16<\/a><\/li>\n<li><a href=\"https:\/\/johannes-fischer.net\/blog\/romananfang-17\/\">Romananfang 17<\/a><\/li>\n<li><a href=\"https:\/\/johannes-fischer.net\/blog\/romananfang-18\/\">Romananfang 18<\/a><\/li>\n<li><a href=\"https:\/\/johannes-fischer.net\/blog\/romananfang-19\/\">Romananfang 19<\/a><\/li>\n<li><a href=\"https:\/\/johannes-fischer.net\/blog\/romananfang-20\/\">Romananfang 20<\/a><\/li>\n<li><a href=\"https:\/\/johannes-fischer.net\/blog\/romananfang-21\/\">Romananfang 21<\/a><\/li>\n<li><a href=\"https:\/\/johannes-fischer.net\/blog\/romananfang-22\/\">Romananfang 22<\/a><\/li>\n<li><a href=\"https:\/\/johannes-fischer.net\/blog\/romananfang-23\/\">Romananfang 23<\/a><\/li>\n<li><a href=\"https:\/\/johannes-fischer.net\/blog\/romananfang-24\/\">Romananfang 24<\/a><\/li>\n<\/ul>\n<div class='sfsi_Sicons' style='width: 100%; display: inline-block; vertical-align: middle; text-align:left'><div style='margin:0px 8px 0px 0px; line-height: 24px'><span><\/span><\/div><div class='sfsi_socialwpr'><div class='sf_subscrbe' style='text-align:left;vertical-align: middle;float:left;width:64px'><a href=\"http:\/\/www.specificfeeds.com\/widgets\/emailSubscribeEncFeed\/Q0FJU2IrL21rdElzb0J1Mnd4UWp5M2JZMHQ5YXBNTW01ZnhPcUtDWnpWVFVEcEgvdGwvUHQ3R2lnWTEyVjh2WmFlaE1KbEw2YnBuZ3hRMFFqNEZoQWgyNFlqRGZydzNJZEFYS3VPMjhCZVNHbFNuNU5qbXI1OGNjeW8zb1dXVlh8aDdxZGtDYTZTaTNPNTZZcENLZXhwbkF0bTlJWFpwWitxQTAwdHRkU3VOdz0=\/OA==\/\" target=\"_blank\"><img decoding=\"async\" src=\"https:\/\/johannes-fischer.net\/blog\/wp-content\/plugins\/ultimate-social-media-icons\/images\/follow_subscribe.png\" alt=\"error\" \/><\/a><\/div><div class='sf_fb' style='text-align:left;vertical-align: middle;width:98px'><div class=\"fb-like\" data-href=\"https:\/\/johannes-fischer.net\/blog\/romananfang-20-e-m-forster-a-passage-to-india\/\" data-width=\"180\" data-send=\"false\" data-show-faces=\"false\"  data-action=\"like\" data-share=\"true\"data-layout=\"button\" ><\/div><\/div><div class='sf_twiter' style='text-align:left;float:left;vertical-align: middle;width:auto'><a href=\"http:\/\/twitter.com\/share\" data-count=\"none\" class=\"sr-twitter-button twitter-share-button\" lang=\"en\" data-url=\"https:\/\/johannes-fischer.net\/blog\/romananfang-20-e-m-forster-a-passage-to-india\/\" data-text=\"Romananfang 20 \u2013 E.M. Forster &#8220;A Passage to India&#8221;\" ><\/a><\/div><\/div><\/div>","protected":false},"excerpt":{"rendered":"<p>Wie beschreibt man etwas, das man nicht greifen kann, das f\u00fcr einen formlos bleibt, auf das die Sicht versperrt scheint? Dieses Problem schien der englische Autor Edward Morgan Forster (geboren&hellip; <\/p>\n","protected":false},"author":1,"featured_media":0,"parent":0,"menu_order":0,"comment_status":"open","ping_status":"open","template":"","meta":{"footnotes":""},"_links":{"self":[{"href":"https:\/\/johannes-fischer.net\/blog\/wp-json\/wp\/v2\/pages\/3009"}],"collection":[{"href":"https:\/\/johannes-fischer.net\/blog\/wp-json\/wp\/v2\/pages"}],"about":[{"href":"https:\/\/johannes-fischer.net\/blog\/wp-json\/wp\/v2\/types\/page"}],"author":[{"embeddable":true,"href":"https:\/\/johannes-fischer.net\/blog\/wp-json\/wp\/v2\/users\/1"}],"replies":[{"embeddable":true,"href":"https:\/\/johannes-fischer.net\/blog\/wp-json\/wp\/v2\/comments?post=3009"}],"version-history":[{"count":4,"href":"https:\/\/johannes-fischer.net\/blog\/wp-json\/wp\/v2\/pages\/3009\/revisions"}],"predecessor-version":[{"id":3192,"href":"https:\/\/johannes-fischer.net\/blog\/wp-json\/wp\/v2\/pages\/3009\/revisions\/3192"}],"wp:attachment":[{"href":"https:\/\/johannes-fischer.net\/blog\/wp-json\/wp\/v2\/media?parent=3009"}],"curies":[{"name":"wp","href":"https:\/\/api.w.org\/{rel}","templated":true}]}}