{"id":3004,"date":"2018-12-30T09:27:08","date_gmt":"2018-12-30T08:27:08","guid":{"rendered":"https:\/\/johannes-fischer.net\/blog\/?page_id=3004"},"modified":"2019-01-06T17:26:20","modified_gmt":"2019-01-06T16:26:20","slug":"romananfang-19-ying-chang-compestine-revolution-ist-keine-dinnerparty","status":"publish","type":"page","link":"https:\/\/johannes-fischer.net\/blog\/romananfang-19-ying-chang-compestine-revolution-ist-keine-dinnerparty\/","title":{"rendered":"Romananfang 19 \u2013 Ying Chang Compestine &#8220;Revolution ist keine Dinnerparty&#8221;"},"content":{"rendered":"<p>Mao Zedong wurde am 26. Dezember 1893 in Shaoshan geboren und starb am 9. September 1976 in Peking. 1949 \u00fcbernahm er als F\u00fchrer der Kommunistischen Partei die Macht in China und gab sie bis zu seinem Tode nicht mehr ab. Der amerikanische Historiker <a href=\"https:\/\/de.wikipedia.org\/wiki\/Rudolph_Joseph_Rummel\">Rudolph Joseph Rummel<\/a> sch\u00e4tzt, dass in der Zeit von Maos Herrschaft 38 Millionen Menschen durch Hunger, politische Verfolgung, Terror, Folter und Unterdr\u00fcckung gestorben sind. In Friedenszeiten.<\/p>\n<p>38 Millionen Tote \u2013 eine grauenhafte Zahl. Umso mehr, wenn man bedenkt, dass sich hinter jedem dieser 38 Millionen Einzelschicksale immenses Leid verbirgt. Und es klingt paradox, aber das Leiden eines einzelnen Menschen l\u00e4sst sich besser begreifen als die \u00fcberw\u00e4ltigende, aber abstrakte Zahl von Millionen von Toten.<\/p>\n<p>Und so erz\u00e4hlt der autobiographisch gef\u00e4rbte Roman <em>Revolution ist keine Dinnerparty<\/em> der jetzt in den USA lebenden chinesischen Autorin Ying Chang Compestine die Geschichte der 9-j\u00e4hrigen Ling Chang und ihrer Familie in der Zeit der Chinesischen Kulturrevolution. \u00dcber den \u201eHistorischen Hintergrund\u201c der Kulturrevolution schreibt die Autorin im Anhang:<\/p>\n<blockquote><p>Mao &#8230; rief &#8230; im Jahr 1966 die \u201eGro\u00dfe Proletarische Kulturrevolution\u201c aus. Alle festgefahrenen Machtverh\u00e4ltnisse sollten beseitigt werden: sowohl die Reste der alten Kultur des vorkommunistischen China also \u201ealte Ideen, Kultur, Br\u00e4uche und Gewohnheiten\u201c als auch die der B\u00fcrokraten in Staat und Partei. &#8230; Mit der Hilfe seiner Frau Jiang Qing gr\u00fcndete er die Roten Garden, die sich aus Sch\u00fclern der Mittel- und Oberschulen zusammensetzten. Angef\u00fchrt von Maos Gefolgsleuten in der Volksbefreiungsarmee, verhafteten und ermordeten sie Oppositionelle und insbesondere Intellektuelle, vertrieben Millionen von ihnen aus ihren Positionen, erniedrigten sie und schickten sie in Umerziehungslager. &#8230; Jedes Heim und jedes \u00f6ffentliche Geb\u00e4ude sowie \u00f6ffentliche Pl\u00e4tze waren mit Mao-B\u00fcsten und Mao-Zitaten auf sogenannten Wandzeitungen geschm\u00fcckt. Chinas Wirtschaft lag danieder, die Gesch\u00e4fte waren leer, und Nahrung und G\u00fcter wurden rationiert.<\/p>\n<p>Sch\u00fcler und Studenten wurden ermuntert, gegen ihre Lehrer zu rebellieren und sie, falls sie etwas sagten, das Mao- oder parteikritisch ausgelegt werden konnte, zu denunzieren \u2013 das galt sogar f\u00fcr die eigenen Eltern. Die jungen Menschen sollten als ideologische Miliz agieren und so Maos massiven \u201eS\u00e4uberungsaktionen\u201c gegen alle Andersdenkenden zum Sieg verhelfen.<\/p><\/blockquote>\n<p>Was dieses politische Programm bedeutete, schildert der Roman in einfacher und klarer Sprache aus Sicht der jungen Ling: Wie Genosse Li, ein Anh\u00e4nger Maos, zum Nachbarn der Changs wird und immer mehr Macht gewinnt. Wie Nachbarn verschwinden, die Familie schikaniert und tyrannisiert wird, wie die Roten Garden in die Wohnung der Changs eindringen, sie verw\u00fcsten und die Familie berauben, wie der Vater nicht mehr als Arzt arbeiten darf und sp\u00e4ter verhaftet wird, wie auch die Mutter nicht mehr als \u00c4rztin arbeiten darf und wie Ling in der Schule als \u201ebourgeois\u201c ausgegrenzt, verspottet und tyrannisiert wird.<\/p>\n<p>Dennoch ist der Roman, der sich vor allem an Jugendliche wendet, letztendlich optimistisch, denn angesichts des Unrechts, das ihr und ihrer Familie widerf\u00e4hrt, entdeckt Ling ihre innere Kraft und leistet Widerstand. Energie sch\u00f6pft sie dabei immer wieder durch den Traum, eines Tages in die USA zu reisen und die Golden Gate Bridge in San Francisco zu sehen.<\/p>\n<p>F\u00fcr die Autorin wurde dieser Traum Wirklichkeit. Nach Ende der Kulturrevolution 1976 studierte sie Englische und Amerikanische Literatur in China und sp\u00e4ter ging sie in die USA, um Soziologie an der University of Colorado in Boulder zu studieren. Sie immigrierte in die USA, wo sie jetzt als erfolgreiche Fernsehk\u00f6chin und Autorin von zahlreichen Kochb\u00fcchern und Jugendromanen lebt.<\/p>\n<p>Wie sie selber sagt, hat sie \u201ekurz nachdem meine Eltern verstorben sind, begonnen, an [dem] Buch zu arbeiten. Erst dann habe ich gemerkt, wie sehr ich China vermisse \u2013 das Land, das ich innig liebe\u201c.<\/p>\n<p>Das englische Original von <em>Revolution ist keine Dinnerparty<\/em> erschien 2007 in den USA und gewann zahlreiche Preise. Der Titel des Buches ist eine Anspielung auf einen \u201eLehrsatz des Vorsitzenden Mao \u00fcber den Klassenkampf\u201c den, wie Ling schreibt,<\/p>\n<blockquote><p>wir in der Lesestunde in der Schule so lange auswendig lernen mussten, bis wir ihn aus dem Ged\u00e4chtnis niederschreiben konnten:<br \/>\nEine Revolution ist keine Dinnerparty,<br \/>\nkein Aufsatzschreiben, kein Bildermalen oder<br \/>\nDeckchensticken; sie kann nicht so fein, so gem\u00e4chlich<br \/>\nund zartf\u00fchlend, so ma\u00dfvoll, gesittet, h\u00f6flich,<br \/>\nzur\u00fcckhaltend und gro\u00dfherzig durchgef\u00fchrt werden.<br \/>\nDie Revolution ist ein Aufstand, ein Gewaltakt,<br \/>\ndurch den eine Klasse eine andere Klasse st\u00fcrzt. (S. 107)<\/p><\/blockquote>\n<p><img loading=\"lazy\" decoding=\"async\" class=\"alignnone size-full wp-image-2871\" src=\"https:\/\/johannes-fischer.net\/blog\/wp-content\/uploads\/2018\/12\/cover-revolution-ist-keine-dinnerparty.jpg\" alt=\"\" width=\"300\" height=\"440\" srcset=\"https:\/\/johannes-fischer.net\/blog\/wp-content\/uploads\/2018\/12\/cover-revolution-ist-keine-dinnerparty.jpg 300w, https:\/\/johannes-fischer.net\/blog\/wp-content\/uploads\/2018\/12\/cover-revolution-ist-keine-dinnerparty-205x300.jpg 205w\" sizes=\"(max-width: 300px) 100vw, 300px\" \/><br \/>\nYing Chang Compestine, <em>Revolution ist keine Dinnerparty<\/em>, Verlagshaus Jacoby &amp; Stuart. Die \u00dcbersetzung aus dem Englischen stammt von Nicola T Stuart.<\/p>\n<p><em><strong>Zur Orientierung&#8230;<\/strong><\/em><\/p>\n<p>Dieser Artikel ist Teil eines Quiz&#8217; mit\/\u00fcber Romananf\u00e4nge. 24 Romananf\u00e4nge werden vorgestellt, wer will, kann versuchen, Titel und Autor\/Autorin des Romans zu erraten. Die Links f\u00fchren entweder direkt zum n\u00e4chsten Romananfang oder zu anderen Romananf\u00e4ngen.<\/p>\n<ul>\n<li>Weiter zu <a href=\"https:\/\/johannes-fischer.net\/blog\/romananfang-20\/\">Romananfang 20<\/a><\/li>\n<li><a href=\"https:\/\/johannes-fischer.net\/blog\/literaturquiz-romananfaenge-einleitung\/\">Literaturquiz Romananf\u00e4nge &#8211; Von Anfang an&#8230;<\/a><\/li>\n<li><a href=\"https:\/\/johannes-fischer.net\/blog\/romananfang-1\/\">Romananfang 1<\/a><\/li>\n<li><a href=\"https:\/\/johannes-fischer.net\/blog\/romananfang-2\/\">Romananfang 2<\/a><\/li>\n<li><a href=\"https:\/\/johannes-fischer.net\/blog\/romananfang-3\/\">Romananfang 3<\/a><\/li>\n<li><a href=\"https:\/\/johannes-fischer.net\/blog\/romananfang-4\/\">Romananfang 4<\/a><\/li>\n<li><a href=\"https:\/\/johannes-fischer.net\/blog\/romananfang-5\/\">Romananfang 5<\/a><\/li>\n<li><a href=\"https:\/\/johannes-fischer.net\/blog\/romananfang-6\/\">Romananfang 6<\/a><\/li>\n<li><a href=\"https:\/\/johannes-fischer.net\/blog\/romananfang-7\/\">Romananfang 7<\/a><\/li>\n<li><a href=\"https:\/\/johannes-fischer.net\/blog\/romananfang-8\/\">Romananfang 8<\/a><\/li>\n<li><a href=\"https:\/\/johannes-fischer.net\/blog\/romananfang-9\/\">Romananfang 9<\/a><\/li>\n<li><a href=\"https:\/\/johannes-fischer.net\/blog\/romananfang-10\">Romananfang 10<\/a><\/li>\n<li><a href=\"https:\/\/johannes-fischer.net\/blog\/romananfang-11\/\">Romananfang 11<\/a><\/li>\n<li><a href=\"https:\/\/johannes-fischer.net\/blog\/romananfang-12\/\">Romananfang 12<\/a><\/li>\n<li><a href=\"https:\/\/johannes-fischer.net\/blog\/romananfang-13\/\">Romananfang 13<\/a><\/li>\n<li><a href=\"https:\/\/johannes-fischer.net\/blog\/romananfang-14\">Romananfang 14<\/a><\/li>\n<li><a href=\"https:\/\/johannes-fischer.net\/blog\/romananfang-15\">Romananfang 15<\/a><\/li>\n<li><a href=\"https:\/\/johannes-fischer.net\/blog\/romananfang-16\/\">Romananfang 16<\/a><\/li>\n<li><a href=\"https:\/\/johannes-fischer.net\/blog\/romananfang-17\/\">Romananfang 17<\/a><\/li>\n<li><a href=\"https:\/\/johannes-fischer.net\/blog\/romananfang-18\/\">Romananfang 18<\/a><\/li>\n<li><a href=\"https:\/\/johannes-fischer.net\/blog\/romananfang-19\/\">Romananfang 19<\/a><\/li>\n<li><a href=\"https:\/\/johannes-fischer.net\/blog\/romananfang-20\/\">Romananfang 20<\/a><\/li>\n<li><a href=\"https:\/\/johannes-fischer.net\/blog\/romananfang-21\/\">Romananfang 21<\/a><\/li>\n<li><a href=\"https:\/\/johannes-fischer.net\/blog\/romananfang-22\/\">Romananfang 22<\/a><\/li>\n<li><a href=\"https:\/\/johannes-fischer.net\/blog\/romananfang-23\/\">Romananfang 23<\/a><\/li>\n<li><a href=\"https:\/\/johannes-fischer.net\/blog\/romananfang-24\/\">Romananfang 24<\/a><\/li>\n<\/ul>\n<div class='sfsi_Sicons' style='width: 100%; display: inline-block; vertical-align: middle; text-align:left'><div style='margin:0px 8px 0px 0px; line-height: 24px'><span><\/span><\/div><div class='sfsi_socialwpr'><div class='sf_subscrbe' style='text-align:left;vertical-align: middle;float:left;width:64px'><a href=\"http:\/\/www.specificfeeds.com\/widgets\/emailSubscribeEncFeed\/Q0FJU2IrL21rdElzb0J1Mnd4UWp5M2JZMHQ5YXBNTW01ZnhPcUtDWnpWVFVEcEgvdGwvUHQ3R2lnWTEyVjh2WmFlaE1KbEw2YnBuZ3hRMFFqNEZoQWgyNFlqRGZydzNJZEFYS3VPMjhCZVNHbFNuNU5qbXI1OGNjeW8zb1dXVlh8aDdxZGtDYTZTaTNPNTZZcENLZXhwbkF0bTlJWFpwWitxQTAwdHRkU3VOdz0=\/OA==\/\" target=\"_blank\"><img decoding=\"async\" src=\"https:\/\/johannes-fischer.net\/blog\/wp-content\/plugins\/ultimate-social-media-icons\/images\/follow_subscribe.png\" alt=\"error\" \/><\/a><\/div><div class='sf_fb' style='text-align:left;vertical-align: middle;width:98px'><div class=\"fb-like\" data-href=\"https:\/\/johannes-fischer.net\/blog\/romananfang-19-ying-chang-compestine-revolution-ist-keine-dinnerparty\/\" data-width=\"180\" data-send=\"false\" data-show-faces=\"false\"  data-action=\"like\" data-share=\"true\"data-layout=\"button\" ><\/div><\/div><div class='sf_twiter' style='text-align:left;float:left;vertical-align: middle;width:auto'><a href=\"http:\/\/twitter.com\/share\" data-count=\"none\" class=\"sr-twitter-button twitter-share-button\" lang=\"en\" data-url=\"https:\/\/johannes-fischer.net\/blog\/romananfang-19-ying-chang-compestine-revolution-ist-keine-dinnerparty\/\" data-text=\"Romananfang 19 \u2013 Ying Chang Compestine &#8220;Revolution ist keine Dinnerparty&#8221;\" ><\/a><\/div><\/div><\/div>","protected":false},"excerpt":{"rendered":"<p>Mao Zedong wurde am 26. Dezember 1893 in Shaoshan geboren und starb am 9. September 1976 in Peking. 1949 \u00fcbernahm er als F\u00fchrer der Kommunistischen Partei die Macht in China&hellip; <\/p>\n","protected":false},"author":1,"featured_media":0,"parent":0,"menu_order":0,"comment_status":"open","ping_status":"open","template":"","meta":{"footnotes":""},"_links":{"self":[{"href":"https:\/\/johannes-fischer.net\/blog\/wp-json\/wp\/v2\/pages\/3004"}],"collection":[{"href":"https:\/\/johannes-fischer.net\/blog\/wp-json\/wp\/v2\/pages"}],"about":[{"href":"https:\/\/johannes-fischer.net\/blog\/wp-json\/wp\/v2\/types\/page"}],"author":[{"embeddable":true,"href":"https:\/\/johannes-fischer.net\/blog\/wp-json\/wp\/v2\/users\/1"}],"replies":[{"embeddable":true,"href":"https:\/\/johannes-fischer.net\/blog\/wp-json\/wp\/v2\/comments?post=3004"}],"version-history":[{"count":6,"href":"https:\/\/johannes-fischer.net\/blog\/wp-json\/wp\/v2\/pages\/3004\/revisions"}],"predecessor-version":[{"id":3191,"href":"https:\/\/johannes-fischer.net\/blog\/wp-json\/wp\/v2\/pages\/3004\/revisions\/3191"}],"wp:attachment":[{"href":"https:\/\/johannes-fischer.net\/blog\/wp-json\/wp\/v2\/media?parent=3004"}],"curies":[{"name":"wp","href":"https:\/\/api.w.org\/{rel}","templated":true}]}}