{"id":3002,"date":"2018-12-30T09:26:04","date_gmt":"2018-12-30T08:26:04","guid":{"rendered":"https:\/\/johannes-fischer.net\/blog\/?page_id=3002"},"modified":"2018-12-30T09:27:42","modified_gmt":"2018-12-30T08:27:42","slug":"romananfang-19","status":"publish","type":"page","link":"https:\/\/johannes-fischer.net\/blog\/romananfang-19\/","title":{"rendered":"Romananfang 19"},"content":{"rendered":"<p>Im Sommer 1972, kurz vor meinem neunten Geburtstag, begann das Unheil in ganz China an die T\u00fcren zu klopfen.<br \/>\nMeine Eltern waren \u00c4rzte im St\u00e4dtischen Krankenhaus Nr. 4. Es galt als das beste Krankenhaus in Wuhan, einer gro\u00dfen Stadt in Zentralchina. Mein Vater war Chirurg. Meine Mutter \u00c4rztin der Traditionellen chinesischen Medizin, das hei\u00dft, sie behandelte ihre Patienten mit hom\u00f6opathischen Mitteln wie Kr\u00e4utermedizin und Akupunkturnadeln. Wenn meine Puppen krank wurden, behandelte ich sie mit Bonbons.<\/p>\n<p><em>Wer beschreibt hier das Schicksal eines Kindes im China von 1972? Und in welchem Buch?<\/em><\/p>\n<p><a href=\"https:\/\/johannes-fischer.net\/blog\/romananfang-19-ying-chang-compestine-revolution-ist-keine-dinnerparty\/\">Antwort&#8230;<\/a><\/p>\n<div class='sfsi_Sicons' style='width: 100%; display: inline-block; vertical-align: middle; text-align:left'><div style='margin:0px 8px 0px 0px; line-height: 24px'><span><\/span><\/div><div class='sfsi_socialwpr'><div class='sf_subscrbe' style='text-align:left;vertical-align: middle;float:left;width:64px'><a href=\"http:\/\/www.specificfeeds.com\/widgets\/emailSubscribeEncFeed\/Q0FJU2IrL21rdElzb0J1Mnd4UWp5M2JZMHQ5YXBNTW01ZnhPcUtDWnpWVFVEcEgvdGwvUHQ3R2lnWTEyVjh2WmFlaE1KbEw2YnBuZ3hRMFFqNEZoQWgyNFlqRGZydzNJZEFYS3VPMjhCZVNHbFNuNU5qbXI1OGNjeW8zb1dXVlh8aDdxZGtDYTZTaTNPNTZZcENLZXhwbkF0bTlJWFpwWitxQTAwdHRkU3VOdz0=\/OA==\/\" target=\"_blank\"><img decoding=\"async\" src=\"https:\/\/johannes-fischer.net\/blog\/wp-content\/plugins\/ultimate-social-media-icons\/images\/follow_subscribe.png\" alt=\"error\" \/><\/a><\/div><div class='sf_fb' style='text-align:left;vertical-align: middle;width:98px'><div class=\"fb-like\" data-href=\"https:\/\/johannes-fischer.net\/blog\/romananfang-19\/\" data-width=\"180\" data-send=\"false\" data-show-faces=\"false\"  data-action=\"like\" data-share=\"true\"data-layout=\"button\" ><\/div><\/div><div class='sf_twiter' style='text-align:left;float:left;vertical-align: middle;width:auto'><a href=\"http:\/\/twitter.com\/share\" data-count=\"none\" class=\"sr-twitter-button twitter-share-button\" lang=\"en\" data-url=\"https:\/\/johannes-fischer.net\/blog\/romananfang-19\/\" data-text=\"Romananfang 19\" ><\/a><\/div><\/div><\/div>","protected":false},"excerpt":{"rendered":"<p>Im Sommer 1972, kurz vor meinem neunten Geburtstag, begann das Unheil in ganz China an die T\u00fcren zu klopfen. Meine Eltern waren \u00c4rzte im St\u00e4dtischen Krankenhaus Nr. 4. Es galt&hellip; <\/p>\n","protected":false},"author":1,"featured_media":0,"parent":0,"menu_order":0,"comment_status":"open","ping_status":"open","template":"","meta":{"footnotes":""},"_links":{"self":[{"href":"https:\/\/johannes-fischer.net\/blog\/wp-json\/wp\/v2\/pages\/3002"}],"collection":[{"href":"https:\/\/johannes-fischer.net\/blog\/wp-json\/wp\/v2\/pages"}],"about":[{"href":"https:\/\/johannes-fischer.net\/blog\/wp-json\/wp\/v2\/types\/page"}],"author":[{"embeddable":true,"href":"https:\/\/johannes-fischer.net\/blog\/wp-json\/wp\/v2\/users\/1"}],"replies":[{"embeddable":true,"href":"https:\/\/johannes-fischer.net\/blog\/wp-json\/wp\/v2\/comments?post=3002"}],"version-history":[{"count":2,"href":"https:\/\/johannes-fischer.net\/blog\/wp-json\/wp\/v2\/pages\/3002\/revisions"}],"predecessor-version":[{"id":3084,"href":"https:\/\/johannes-fischer.net\/blog\/wp-json\/wp\/v2\/pages\/3002\/revisions\/3084"}],"wp:attachment":[{"href":"https:\/\/johannes-fischer.net\/blog\/wp-json\/wp\/v2\/media?parent=3002"}],"curies":[{"name":"wp","href":"https:\/\/api.w.org\/{rel}","templated":true}]}}