{"id":2998,"date":"2018-12-30T09:23:25","date_gmt":"2018-12-30T08:23:25","guid":{"rendered":"https:\/\/johannes-fischer.net\/blog\/?page_id=2998"},"modified":"2018-12-30T09:25:45","modified_gmt":"2018-12-30T08:25:45","slug":"romananfang-18","status":"publish","type":"page","link":"https:\/\/johannes-fischer.net\/blog\/romananfang-18\/","title":{"rendered":"Romananfang 18"},"content":{"rendered":"<p>Im Wohnzimmer meiner Gro\u00dfmutter stand ein kleines Schr\u00e4nkchen mit einer Glast\u00fcr, und in dem Schr\u00e4nkchen befand sich ein St\u00fcck Haut. Es war nur ein winziges St\u00fcck, aber dick und ledrig, mit Str\u00e4hnen borstigen r\u00f6tlichen Haars. Es war mit einer rostigen Nadel an einer Postkarte befestigt. Auf der Postkarte standen in verbla\u00dfter schwarzer Tinte ein paar Worte, aber ich war noch klein und konnte noch nicht lesen.<br \/>\n\u201eWas ist das?\u201c<br \/>\n\u201eEin St\u00fcck von einem Brontosaurus.\u201c<br \/>\nMeine Mutter kannte die Namen von zwei pr\u00e4historischen Tieren, den Brontosaurus und den Mammut. Da\u00df es kein Mammut war, wu\u00dfte sie. Mammuts kamen aus Sibirien.<br \/>\nDer Brontosaurus, so wurde mir erz\u00e4hlt, war ein Tier, das bei der Sintflut ertrunken war, weil es zu gro\u00df gewesen war, um auf der Arche Noah Platz zu finden.<\/p>\n<p><em>Wer erinnert sich hier an Gegenst\u00e4nde aus seiner Kindheit, an die sich unendlich viele Geschichten verkn\u00fcpfen? Und welcher Roman beginnt mit diesen Erinnerungen?<\/em><\/p>\n<p><a href=\"https:\/\/johannes-fischer.net\/blog\/romananfang-18-bruce-chatwin-in-patagonien\/\">Antwort&#8230;<\/a><\/p>\n<div class='sfsi_Sicons' style='width: 100%; display: inline-block; vertical-align: middle; text-align:left'><div style='margin:0px 8px 0px 0px; line-height: 24px'><span><\/span><\/div><div class='sfsi_socialwpr'><div class='sf_subscrbe' style='text-align:left;vertical-align: middle;float:left;width:64px'><a href=\"http:\/\/www.specificfeeds.com\/widgets\/emailSubscribeEncFeed\/Q0FJU2IrL21rdElzb0J1Mnd4UWp5M2JZMHQ5YXBNTW01ZnhPcUtDWnpWVFVEcEgvdGwvUHQ3R2lnWTEyVjh2WmFlaE1KbEw2YnBuZ3hRMFFqNEZoQWgyNFlqRGZydzNJZEFYS3VPMjhCZVNHbFNuNU5qbXI1OGNjeW8zb1dXVlh8aDdxZGtDYTZTaTNPNTZZcENLZXhwbkF0bTlJWFpwWitxQTAwdHRkU3VOdz0=\/OA==\/\" target=\"_blank\"><img decoding=\"async\" src=\"https:\/\/johannes-fischer.net\/blog\/wp-content\/plugins\/ultimate-social-media-icons\/images\/follow_subscribe.png\" alt=\"error\" \/><\/a><\/div><div class='sf_fb' style='text-align:left;vertical-align: middle;width:98px'><div class=\"fb-like\" data-href=\"https:\/\/johannes-fischer.net\/blog\/romananfang-18\/\" data-width=\"180\" data-send=\"false\" data-show-faces=\"false\"  data-action=\"like\" data-share=\"true\"data-layout=\"button\" ><\/div><\/div><div class='sf_twiter' style='text-align:left;float:left;vertical-align: middle;width:auto'><a href=\"http:\/\/twitter.com\/share\" data-count=\"none\" class=\"sr-twitter-button twitter-share-button\" lang=\"en\" data-url=\"https:\/\/johannes-fischer.net\/blog\/romananfang-18\/\" data-text=\"Romananfang 18\" ><\/a><\/div><\/div><\/div>","protected":false},"excerpt":{"rendered":"<p>Im Wohnzimmer meiner Gro\u00dfmutter stand ein kleines Schr\u00e4nkchen mit einer Glast\u00fcr, und in dem Schr\u00e4nkchen befand sich ein St\u00fcck Haut. Es war nur ein winziges St\u00fcck, aber dick und ledrig,&hellip; <\/p>\n","protected":false},"author":1,"featured_media":0,"parent":0,"menu_order":0,"comment_status":"open","ping_status":"open","template":"","meta":{"footnotes":""},"_links":{"self":[{"href":"https:\/\/johannes-fischer.net\/blog\/wp-json\/wp\/v2\/pages\/2998"}],"collection":[{"href":"https:\/\/johannes-fischer.net\/blog\/wp-json\/wp\/v2\/pages"}],"about":[{"href":"https:\/\/johannes-fischer.net\/blog\/wp-json\/wp\/v2\/types\/page"}],"author":[{"embeddable":true,"href":"https:\/\/johannes-fischer.net\/blog\/wp-json\/wp\/v2\/users\/1"}],"replies":[{"embeddable":true,"href":"https:\/\/johannes-fischer.net\/blog\/wp-json\/wp\/v2\/comments?post=2998"}],"version-history":[{"count":2,"href":"https:\/\/johannes-fischer.net\/blog\/wp-json\/wp\/v2\/pages\/2998\/revisions"}],"predecessor-version":[{"id":3082,"href":"https:\/\/johannes-fischer.net\/blog\/wp-json\/wp\/v2\/pages\/2998\/revisions\/3082"}],"wp:attachment":[{"href":"https:\/\/johannes-fischer.net\/blog\/wp-json\/wp\/v2\/media?parent=2998"}],"curies":[{"name":"wp","href":"https:\/\/api.w.org\/{rel}","templated":true}]}}