{"id":2992,"date":"2018-12-30T09:19:59","date_gmt":"2018-12-30T08:19:59","guid":{"rendered":"https:\/\/johannes-fischer.net\/blog\/?page_id=2992"},"modified":"2019-01-06T16:54:52","modified_gmt":"2019-01-06T15:54:52","slug":"romananfang-16-patricia-highsmith-der-talentierte-mr-ripley","status":"publish","type":"page","link":"https:\/\/johannes-fischer.net\/blog\/romananfang-16-patricia-highsmith-der-talentierte-mr-ripley\/","title":{"rendered":"Romananfang 16 \u2013 Patricia Highsmith &#8220;Der talentierte Mr. Ripley&#8221;"},"content":{"rendered":"<p>Im klassischen Kriminalroman kl\u00e4rt der Detektiv\/Polizist\/Ermittler Verbrechen auf, und stellt so die Ordnung der Welt, die durch das Verbrechen gest\u00f6rt wurde, wieder her. Die bekannte amerikanische Krimiautorin Patricia Highsmith ging einen anderen Weg: 1955 ver\u00f6ffentlichte sie den Roman <em>The talented Mr. Ripley<\/em>, in dem die Hauptfigur, Tom Ripley, seinen \u201eFreund\u201c und Bekannten Dickie Greenleaf ermordet, um dessen Identit\u00e4t anzunehmen und sich das \u00fcppige Erbe Greenleafs zu sichern. Ein Verbrechen, das unbestraft bleibt \u2013 wie Highsmith sp\u00e4ter in Interviews erkl\u00e4rte, genoss sie diesen Triumph des B\u00f6sen \u00fcber das Gute. Offensichtlich so sehr, dass sie dem ersten Ripley-Roman von 1955 in den Jahren von 1970 bis 1991 noch weitere vier Ripley-Romane folgen lie\u00df.<\/p>\n<p>Aber Highsmith war nicht die Einzige, die Spa\u00df am erfolgreichen Verbrechen hatte. Tom Ripley ist eine der beliebtesten Figuren, die Highsmith geschaffen hat, und es ist kein Zufall, dass <em>The talented Mr. Ripley<\/em> zwei Mal verfilmt wurde: das erste Mal 1960 unter dem Titel <em>Nur die Sonne war Zeuge<\/em> mit Alain Delon als Tom Ripley in der Hauptrolle, das zweite Mal 1999 mit Matt Damon als Tom Ripley. Die erste deutsche \u00dcbersetzung des Romans erschien 1961 und trug den gleichen Titel wie der Film mit Alain Delon: <em>Nur die Sonne war Zeuge<\/em>. Sp\u00e4ter wurde der Roman noch einmal ins Deutsche \u00fcbersetzt, dieses Mal mit einem Titel, der sehr viel n\u00e4her am Original war: <em>Der talentierte Mr. Ripley<\/em>. Die Faszination f\u00fcr die Talente Mr. Ripleys scheint jedenfalls ungebrochen.<\/p>\n<p><img loading=\"lazy\" decoding=\"async\" class=\"alignnone size-full wp-image-2842\" src=\"https:\/\/johannes-fischer.net\/blog\/wp-content\/uploads\/2018\/12\/cover-der-talentierte-mr-ripley.jpg\" alt=\"\" width=\"300\" height=\"478\" srcset=\"https:\/\/johannes-fischer.net\/blog\/wp-content\/uploads\/2018\/12\/cover-der-talentierte-mr-ripley.jpg 300w, https:\/\/johannes-fischer.net\/blog\/wp-content\/uploads\/2018\/12\/cover-der-talentierte-mr-ripley-188x300.jpg 188w\" sizes=\"(max-width: 300px) 100vw, 300px\" \/><\/p>\n<p>Patricia Highsmith, <em>Der talentierte Mr. Ripley<\/em>. Das Bild zeigt das Cover der Diogenes Taschenbuchausgabe von 2003<\/p>\n<p><em><strong>Zur Orientierung&#8230;<\/strong><\/em><\/p>\n<p>Dieser Artikel ist Teil eines Quiz&#8217; mit\/\u00fcber Romananf\u00e4nge. 24 Romananf\u00e4nge werden vorgestellt, wer will, kann versuchen, Titel und Autor\/Autorin des Romans zu erraten. Die Links f\u00fchren entweder direkt zum n\u00e4chsten Romananfang oder zu anderen Romananf\u00e4ngen.<\/p>\n<ul>\n<li>Weiter zu <a href=\"https:\/\/johannes-fischer.net\/blog\/romananfang-17\/\">Romananfang 17<\/a><\/li>\n<li><a href=\"https:\/\/johannes-fischer.net\/blog\/literaturquiz-romananfaenge-einleitung\/\">Literaturquiz Romananf\u00e4nge &#8211; Von Anfang an&#8230;<\/a><\/li>\n<li><a href=\"https:\/\/johannes-fischer.net\/blog\/romananfang-1\/\">Romananfang 1<\/a><\/li>\n<li><a href=\"https:\/\/johannes-fischer.net\/blog\/romananfang-2\/\">Romananfang 2<\/a><\/li>\n<li><a href=\"https:\/\/johannes-fischer.net\/blog\/romananfang-3\/\">Romananfang 3<\/a><\/li>\n<li><a href=\"https:\/\/johannes-fischer.net\/blog\/romananfang-4\/\">Romananfang 4<\/a><\/li>\n<li><a href=\"https:\/\/johannes-fischer.net\/blog\/romananfang-5\/\">Romananfang 5<\/a><\/li>\n<li><a href=\"https:\/\/johannes-fischer.net\/blog\/romananfang-6\/\">Romananfang 6<\/a><\/li>\n<li><a href=\"https:\/\/johannes-fischer.net\/blog\/romananfang-7\/\">Romananfang 7<\/a><\/li>\n<li><a href=\"https:\/\/johannes-fischer.net\/blog\/romananfang-8\/\">Romananfang 8<\/a><\/li>\n<li><a href=\"https:\/\/johannes-fischer.net\/blog\/romananfang-9\/\">Romananfang 9<\/a><\/li>\n<li><a href=\"https:\/\/johannes-fischer.net\/blog\/romananfang-10\">Romananfang 10<\/a><\/li>\n<li><a href=\"https:\/\/johannes-fischer.net\/blog\/romananfang-11\/\">Romananfang 11<\/a><\/li>\n<li><a href=\"https:\/\/johannes-fischer.net\/blog\/romananfang-12\/\">Romananfang 12<\/a><\/li>\n<li><a href=\"https:\/\/johannes-fischer.net\/blog\/romananfang-13\/\">Romananfang 13<\/a><\/li>\n<li><a href=\"https:\/\/johannes-fischer.net\/blog\/romananfang-14\">Romananfang 14<\/a><\/li>\n<li><a href=\"https:\/\/johannes-fischer.net\/blog\/romananfang-15\">Romananfang 15<\/a><\/li>\n<li><a href=\"https:\/\/johannes-fischer.net\/blog\/romananfang-16\/\">Romananfang 16<\/a><\/li>\n<li><a href=\"https:\/\/johannes-fischer.net\/blog\/romananfang-17\/\">Romananfang 17<\/a><\/li>\n<li><a href=\"https:\/\/johannes-fischer.net\/blog\/romananfang-18\/\">Romananfang 18<\/a><\/li>\n<li><a href=\"https:\/\/johannes-fischer.net\/blog\/romananfang-19\/\">Romananfang 19<\/a><\/li>\n<li><a href=\"https:\/\/johannes-fischer.net\/blog\/romananfang-20\/\">Romananfang 20<\/a><\/li>\n<li><a href=\"https:\/\/johannes-fischer.net\/blog\/romananfang-21\/\">Romananfang 21<\/a><\/li>\n<li><a href=\"https:\/\/johannes-fischer.net\/blog\/romananfang-22\/\">Romananfang 22<\/a><\/li>\n<li><a href=\"https:\/\/johannes-fischer.net\/blog\/romananfang-23\/\">Romananfang 23<\/a><\/li>\n<li><a href=\"https:\/\/johannes-fischer.net\/blog\/romananfang-24\/\">Romananfang 24<\/a><\/li>\n<\/ul>\n<div class='sfsi_Sicons' style='width: 100%; display: inline-block; vertical-align: middle; text-align:left'><div style='margin:0px 8px 0px 0px; line-height: 24px'><span><\/span><\/div><div class='sfsi_socialwpr'><div class='sf_subscrbe' style='text-align:left;vertical-align: middle;float:left;width:64px'><a href=\"http:\/\/www.specificfeeds.com\/widgets\/emailSubscribeEncFeed\/Q0FJU2IrL21rdElzb0J1Mnd4UWp5M2JZMHQ5YXBNTW01ZnhPcUtDWnpWVFVEcEgvdGwvUHQ3R2lnWTEyVjh2WmFlaE1KbEw2YnBuZ3hRMFFqNEZoQWgyNFlqRGZydzNJZEFYS3VPMjhCZVNHbFNuNU5qbXI1OGNjeW8zb1dXVlh8aDdxZGtDYTZTaTNPNTZZcENLZXhwbkF0bTlJWFpwWitxQTAwdHRkU3VOdz0=\/OA==\/\" target=\"_blank\"><img decoding=\"async\" src=\"https:\/\/johannes-fischer.net\/blog\/wp-content\/plugins\/ultimate-social-media-icons\/images\/follow_subscribe.png\" alt=\"error\" \/><\/a><\/div><div class='sf_fb' style='text-align:left;vertical-align: middle;width:98px'><div class=\"fb-like\" data-href=\"https:\/\/johannes-fischer.net\/blog\/romananfang-16-patricia-highsmith-der-talentierte-mr-ripley\/\" data-width=\"180\" data-send=\"false\" data-show-faces=\"false\"  data-action=\"like\" data-share=\"true\"data-layout=\"button\" ><\/div><\/div><div class='sf_twiter' style='text-align:left;float:left;vertical-align: middle;width:auto'><a href=\"http:\/\/twitter.com\/share\" data-count=\"none\" class=\"sr-twitter-button twitter-share-button\" lang=\"en\" data-url=\"https:\/\/johannes-fischer.net\/blog\/romananfang-16-patricia-highsmith-der-talentierte-mr-ripley\/\" data-text=\"Romananfang 16 \u2013 Patricia Highsmith &#8220;Der talentierte Mr. Ripley&#8221;\" ><\/a><\/div><\/div><\/div>","protected":false},"excerpt":{"rendered":"<p>Im klassischen Kriminalroman kl\u00e4rt der Detektiv\/Polizist\/Ermittler Verbrechen auf, und stellt so die Ordnung der Welt, die durch das Verbrechen gest\u00f6rt wurde, wieder her. Die bekannte amerikanische Krimiautorin Patricia Highsmith ging&hellip; <\/p>\n","protected":false},"author":1,"featured_media":0,"parent":0,"menu_order":0,"comment_status":"open","ping_status":"open","template":"","meta":{"footnotes":""},"_links":{"self":[{"href":"https:\/\/johannes-fischer.net\/blog\/wp-json\/wp\/v2\/pages\/2992"}],"collection":[{"href":"https:\/\/johannes-fischer.net\/blog\/wp-json\/wp\/v2\/pages"}],"about":[{"href":"https:\/\/johannes-fischer.net\/blog\/wp-json\/wp\/v2\/types\/page"}],"author":[{"embeddable":true,"href":"https:\/\/johannes-fischer.net\/blog\/wp-json\/wp\/v2\/users\/1"}],"replies":[{"embeddable":true,"href":"https:\/\/johannes-fischer.net\/blog\/wp-json\/wp\/v2\/comments?post=2992"}],"version-history":[{"count":5,"href":"https:\/\/johannes-fischer.net\/blog\/wp-json\/wp\/v2\/pages\/2992\/revisions"}],"predecessor-version":[{"id":3186,"href":"https:\/\/johannes-fischer.net\/blog\/wp-json\/wp\/v2\/pages\/2992\/revisions\/3186"}],"wp:attachment":[{"href":"https:\/\/johannes-fischer.net\/blog\/wp-json\/wp\/v2\/media?parent=2992"}],"curies":[{"name":"wp","href":"https:\/\/api.w.org\/{rel}","templated":true}]}}