{"id":2984,"date":"2018-12-30T09:11:00","date_gmt":"2018-12-30T08:11:00","guid":{"rendered":"https:\/\/johannes-fischer.net\/blog\/?page_id=2984"},"modified":"2019-01-06T16:52:41","modified_gmt":"2019-01-06T15:52:41","slug":"romananfang-14-astrid-lindgren-karlsson-vom-dach","status":"publish","type":"page","link":"https:\/\/johannes-fischer.net\/blog\/romananfang-14-astrid-lindgren-karlsson-vom-dach\/","title":{"rendered":"Romananfang 14 \u2013 Astrid Lindgren &#8220;Karlsson vom Dach&#8221;"},"content":{"rendered":"<p>Lillebror mag ein ganz gew\u00f6hnlicher Junge mit einer ganz gew\u00f6hnlicher Familie sein, aber das Buch, in dem er lebt, ist etwas Besonderes \u2013 und eines der erfolgreichsten Kinderb\u00fccher der Welt. Geschrieben hat es die schwedische Kinderbuchautorin Astrid Lindgren und der deutsche Literaturkritiker Denis Scheck ist von dem Buch so angetan, dass er es in seinen pers\u00f6nlichen, \u201ewilden Kanon\u201c der Weltliteratur <a href=\"https:\/\/www.swr.de\/swr2\/literatur\/lindgren-astrid-karlsson-vom-dach\/-\/id=6891032\/did=19234966\/nid=6891032\/102ghr5\/index.html\">aufgenommen hat<\/a>, der 100 B\u00fccher umfasst und den er beim SWR vorstellt.<\/p>\n<p>Ich verstehe zwar nicht ganz, was ein \u201ewilder Kanon\u201c sein soll, da ich immer gedacht habe, Zweck und Wesen eines Literaturkanons w\u00fcrde eben genau darin bestehen, in die un\u00fcbersichtliche Vielfalt von B\u00fcchern, die im Laufe der Jahrhunderte geschrieben worden sind, Ordnung zu bringen, indem man festlegt, welche B\u00fccher literarisch und kulturell besonders wertvoll sind und deshalb verdienen, erinnert, gelesen und gekannt zu werden. Und das hei\u00dft ja nichts anderes, als das Wilde im Schreiben und Lesen und in der Wahrnehmung von Literatur zu z\u00e4hmen und zu ordnen.<\/p>\n<p>Aber wie auch immer \u2013 <em>Karlsson vom Dach<\/em> hat es jedenfalls in Schecks Kanon geschafft, den ich trotz gerade beschriebenen Vorbehalte \u00fcbrigens gro\u00dfartig finde, weil er 100 sch\u00f6ne gut pr\u00e4sentierte und manchmal auch ungew\u00f6hnliche Literaturtipps enth\u00e4lt. Auch im Fall von <em>Karlsson vom Dach<\/em> gef\u00e4llt mir Schecks Auswahl. Denn es war eines der ersten B\u00fccher, das ich gelesen habe, und noch heute ist es f\u00fcr mich ein Beispiel f\u00fcr den Zauber der Phantasie, der in B\u00fcchern verborgen sein kann.<\/p>\n<p>Ich habe fr\u00fcher, Ende der 60er Jahre, mit meinem Vater und meiner Mutter und meinen beiden Geschwistern selbst in Stockholm gewohnt, wo mein Vater f\u00fcr eine schwedische Firma gearbeitet hat, und in meiner Erinnerung bilde ich mir ein, ich h\u00e4tte gelegentlich auf den D\u00e4chern Stockholms nach der kleinen Wohnung Ausschau gehalten, in der Karlsson angeblich wohnte. Ich wusste zwar, dass Karlsson eine Erfindung war, ein Produkt der Phantasie von Astrid Lindgren, und dass es in Wirklichkeit in Stockholm und auch anderswo auf der Welt keine kleinen dicken M\u00e4nner in den besten Jahren gibt, die auf D\u00e4chern wohnen, einen Propeller auf dem R\u00fccken haben und fliegen k\u00f6nnen, indem sie diesen Propeller mit einem Knopf, der sich auf ihrem Bauch befindet, anwerfen, aber so ganz sicher war ich mir da nicht und wollte es mir auch nicht sein. Denn wer wei\u00df, vielleicht gab es einen solchen Mann ja doch, und damit auch die M\u00f6glichkeit, ihn irgendwann einmal zu treffen. Ich war wohl einfach zu klein, um den Zauber der Literatur von dem schn\u00f6den Realismus der Wirklichkeit unterscheiden zu k\u00f6nnen. Und so ganz kann und will ich das auch heute noch nicht.<\/p>\n<p>So habe ich nie in meinem Leben so leckere Zimtwecken gegessen \u2013 und werde es wohl auch nie tun \u2013 wie sie Frau Bock, <em>der Hausbock<\/em>, die griesgr\u00e4mige Haush\u00e4lterin der Familie Svantesson, in einem Kapitel von <em>Karlsson vom Dach<\/em> backt. Zum Abk\u00fchlen hat sie die Leckereien auf die Fensterbank gelegt, wo sie von Karlsson stibitzt werden, was die unsympathische Haush\u00e4lterin verwirrt und beim Lesen harmlose Freude und Schadenfreude ausl\u00f6st, weil Karlsson &#8211; wie so oft &#8211; etwas tut, das verboten, aber nicht wirklich schlimm ist, und Frau Bock die K\u00fcchent\u00fcr ja genau deshalb abgeschlossen hat, damit sich auch ja niemand an den Zimtwecken vergreift und sie die Kontrolle \u00fcber Geb\u00e4ck und Genuss beh\u00e4lt.<\/p>\n<p>Und nat\u00fcrlich wei\u00df ich heute, dass auch die leckersten Zimtwecken der Welt nicht so lecker sein k\u00f6nnen, wie die Zimtwecken, die ich mir damals in meiner Phantasie vorgestellt habe, ganz einfach, weil sie eben ein Produkt der Phantasie sind. Aber ich wei\u00df auch, dass ich es sch\u00f6n finde, dass es B\u00fccher mit solchen Phantasien gibt. B\u00fccher und Phantasien, die unschuldig sind und gl\u00fccklich machen.<\/p>\n<p><img loading=\"lazy\" decoding=\"async\" class=\"alignnone size-full wp-image-2829\" src=\"https:\/\/johannes-fischer.net\/blog\/wp-content\/uploads\/2018\/12\/cover-karlsson-vom-dach.jpg\" alt=\"\" width=\"300\" height=\"423\" srcset=\"https:\/\/johannes-fischer.net\/blog\/wp-content\/uploads\/2018\/12\/cover-karlsson-vom-dach.jpg 300w, https:\/\/johannes-fischer.net\/blog\/wp-content\/uploads\/2018\/12\/cover-karlsson-vom-dach-213x300.jpg 213w\" sizes=\"(max-width: 300px) 100vw, 300px\" \/><\/p>\n<p>Astrid Lindgren, <em>Karlsson vom Dach<\/em>. Das schwedische Original erschien 1955, die deutsche \u00dcbersetzung wenig sp\u00e4ter. Das hier abgebildete Cover stammt von der deutschen Ausgabe von 1994<\/p>\n<p><em><strong>Zur Orientierung&#8230;<\/strong><\/em><\/p>\n<p>Dieser Artikel ist Teil eines Quiz&#8217; mit\/\u00fcber Romananf\u00e4nge. 24 Romananf\u00e4nge werden vorgestellt, wer will, kann versuchen, Titel und Autor\/Autorin des Romans zu erraten. Die Links f\u00fchren entweder direkt zum n\u00e4chsten Romananfang oder zu anderen Romananf\u00e4ngen.<\/p>\n<ul>\n<li>Weiter zu <a href=\"https:\/\/johannes-fischer.net\/blog\/romananfang-15\/\">Romananfang 15<\/a><\/li>\n<li><a href=\"https:\/\/johannes-fischer.net\/blog\/literaturquiz-romananfaenge-einleitung\/\">Literaturquiz Romananf\u00e4nge &#8211; Von Anfang an&#8230;<\/a><\/li>\n<li><a href=\"https:\/\/johannes-fischer.net\/blog\/romananfang-1\/\">Romananfang 1<\/a><\/li>\n<li><a href=\"https:\/\/johannes-fischer.net\/blog\/romananfang-2\/\">Romananfang 2<\/a><\/li>\n<li><a href=\"https:\/\/johannes-fischer.net\/blog\/romananfang-3\/\">Romananfang 3<\/a><\/li>\n<li><a href=\"https:\/\/johannes-fischer.net\/blog\/romananfang-4\/\">Romananfang 4<\/a><\/li>\n<li><a href=\"https:\/\/johannes-fischer.net\/blog\/romananfang-5\/\">Romananfang 5<\/a><\/li>\n<li><a href=\"https:\/\/johannes-fischer.net\/blog\/romananfang-6\/\">Romananfang 6<\/a><\/li>\n<li><a href=\"https:\/\/johannes-fischer.net\/blog\/romananfang-7\/\">Romananfang 7<\/a><\/li>\n<li><a href=\"https:\/\/johannes-fischer.net\/blog\/romananfang-8\/\">Romananfang 8<\/a><\/li>\n<li><a href=\"https:\/\/johannes-fischer.net\/blog\/romananfang-9\/\">Romananfang 9<\/a><\/li>\n<li><a href=\"https:\/\/johannes-fischer.net\/blog\/romananfang-10\">Romananfang 10<\/a><\/li>\n<li><a href=\"https:\/\/johannes-fischer.net\/blog\/romananfang-11\/\">Romananfang 11<\/a><\/li>\n<li><a href=\"https:\/\/johannes-fischer.net\/blog\/romananfang-12\/\">Romananfang 12<\/a><\/li>\n<li><a href=\"https:\/\/johannes-fischer.net\/blog\/romananfang-13\/\">Romananfang 13<\/a><\/li>\n<li><a href=\"https:\/\/johannes-fischer.net\/blog\/romananfang-14\">Romananfang 14<\/a><\/li>\n<li><a href=\"https:\/\/johannes-fischer.net\/blog\/romananfang-15\">Romananfang 15<\/a><\/li>\n<li><a href=\"https:\/\/johannes-fischer.net\/blog\/romananfang-16\/\">Romananfang 16<\/a><\/li>\n<li><a href=\"https:\/\/johannes-fischer.net\/blog\/romananfang-17\/\">Romananfang 17<\/a><\/li>\n<li><a href=\"https:\/\/johannes-fischer.net\/blog\/romananfang-18\/\">Romananfang 18<\/a><\/li>\n<li><a href=\"https:\/\/johannes-fischer.net\/blog\/romananfang-19\/\">Romananfang 19<\/a><\/li>\n<li><a href=\"https:\/\/johannes-fischer.net\/blog\/romananfang-20\/\">Romananfang 20<\/a><\/li>\n<li><a href=\"https:\/\/johannes-fischer.net\/blog\/romananfang-21\/\">Romananfang 21<\/a><\/li>\n<li><a href=\"https:\/\/johannes-fischer.net\/blog\/romananfang-22\/\">Romananfang 22<\/a><\/li>\n<li><a href=\"https:\/\/johannes-fischer.net\/blog\/romananfang-23\/\">Romananfang 23<\/a><\/li>\n<li><a href=\"https:\/\/johannes-fischer.net\/blog\/romananfang-24\/\">Romananfang 24<\/a><\/li>\n<\/ul>\n<p>&nbsp;<\/p>\n<div class='sfsi_Sicons' style='width: 100%; display: inline-block; vertical-align: middle; text-align:left'><div style='margin:0px 8px 0px 0px; line-height: 24px'><span><\/span><\/div><div class='sfsi_socialwpr'><div class='sf_subscrbe' style='text-align:left;vertical-align: middle;float:left;width:64px'><a href=\"http:\/\/www.specificfeeds.com\/widgets\/emailSubscribeEncFeed\/Q0FJU2IrL21rdElzb0J1Mnd4UWp5M2JZMHQ5YXBNTW01ZnhPcUtDWnpWVFVEcEgvdGwvUHQ3R2lnWTEyVjh2WmFlaE1KbEw2YnBuZ3hRMFFqNEZoQWgyNFlqRGZydzNJZEFYS3VPMjhCZVNHbFNuNU5qbXI1OGNjeW8zb1dXVlh8aDdxZGtDYTZTaTNPNTZZcENLZXhwbkF0bTlJWFpwWitxQTAwdHRkU3VOdz0=\/OA==\/\" target=\"_blank\"><img decoding=\"async\" src=\"https:\/\/johannes-fischer.net\/blog\/wp-content\/plugins\/ultimate-social-media-icons\/images\/follow_subscribe.png\" alt=\"error\" \/><\/a><\/div><div class='sf_fb' style='text-align:left;vertical-align: middle;width:98px'><div class=\"fb-like\" data-href=\"https:\/\/johannes-fischer.net\/blog\/romananfang-14-astrid-lindgren-karlsson-vom-dach\/\" data-width=\"180\" data-send=\"false\" data-show-faces=\"false\"  data-action=\"like\" data-share=\"true\"data-layout=\"button\" ><\/div><\/div><div class='sf_twiter' style='text-align:left;float:left;vertical-align: middle;width:auto'><a href=\"http:\/\/twitter.com\/share\" data-count=\"none\" class=\"sr-twitter-button twitter-share-button\" lang=\"en\" data-url=\"https:\/\/johannes-fischer.net\/blog\/romananfang-14-astrid-lindgren-karlsson-vom-dach\/\" data-text=\"Romananfang 14 \u2013 Astrid Lindgren &#8220;Karlsson vom Dach&#8221;\" ><\/a><\/div><\/div><\/div>","protected":false},"excerpt":{"rendered":"<p>Lillebror mag ein ganz gew\u00f6hnlicher Junge mit einer ganz gew\u00f6hnlicher Familie sein, aber das Buch, in dem er lebt, ist etwas Besonderes \u2013 und eines der erfolgreichsten Kinderb\u00fccher der Welt.&hellip; <\/p>\n","protected":false},"author":1,"featured_media":0,"parent":0,"menu_order":0,"comment_status":"open","ping_status":"open","template":"","meta":{"footnotes":""},"_links":{"self":[{"href":"https:\/\/johannes-fischer.net\/blog\/wp-json\/wp\/v2\/pages\/2984"}],"collection":[{"href":"https:\/\/johannes-fischer.net\/blog\/wp-json\/wp\/v2\/pages"}],"about":[{"href":"https:\/\/johannes-fischer.net\/blog\/wp-json\/wp\/v2\/types\/page"}],"author":[{"embeddable":true,"href":"https:\/\/johannes-fischer.net\/blog\/wp-json\/wp\/v2\/users\/1"}],"replies":[{"embeddable":true,"href":"https:\/\/johannes-fischer.net\/blog\/wp-json\/wp\/v2\/comments?post=2984"}],"version-history":[{"count":6,"href":"https:\/\/johannes-fischer.net\/blog\/wp-json\/wp\/v2\/pages\/2984\/revisions"}],"predecessor-version":[{"id":3184,"href":"https:\/\/johannes-fischer.net\/blog\/wp-json\/wp\/v2\/pages\/2984\/revisions\/3184"}],"wp:attachment":[{"href":"https:\/\/johannes-fischer.net\/blog\/wp-json\/wp\/v2\/media?parent=2984"}],"curies":[{"name":"wp","href":"https:\/\/api.w.org\/{rel}","templated":true}]}}