{"id":2980,"date":"2018-12-30T09:08:57","date_gmt":"2018-12-30T08:08:57","guid":{"rendered":"https:\/\/johannes-fischer.net\/blog\/?page_id=2980"},"modified":"2019-01-06T16:51:21","modified_gmt":"2019-01-06T15:51:21","slug":"romananfang-13-chinua-achebe-alles-zerfaellt","status":"publish","type":"page","link":"https:\/\/johannes-fischer.net\/blog\/romananfang-13-chinua-achebe-alles-zerfaellt\/","title":{"rendered":"Romananfang 13 \u2013 Chinua Achebe &#8220;Alles zerf\u00e4llt&#8221;"},"content":{"rendered":"<p>Okonkwo ist die Hauptfigur in <em>Things Fall Apart<\/em> (<em>Alles zerf\u00e4llt<\/em>), dem 1958 erschienenen Deb\u00fctroman des nigerianischen Autors Chinua Achebe (1930 bis 2013). Der Roman spielt in einem nigerianischen Dorf Ende des 19. Jahrhunderts, kurz vor und w\u00e4hrend der Ankunft der Europ\u00e4er, und erz\u00e4hlt die Geschichte von Okonkwo, der zwar stark und mutig ist, aber dennoch hilflos zusehen muss, wie sein Leben, seine Familie und sein Dorf durch die Kolonisierung durch die Europ\u00e4er aus den Fugen ger\u00e4t und zerst\u00f6rt wird.<\/p>\n<p><em>Alles zerf\u00e4llt <\/em>gilt als der erste bedeutende afrikanische Roman, der auf Englisch erschienen ist. Zum ersten Mal erhielt hier eine afrikanische Hauptfigur eine Stimme und Afrikaner wurden nicht nur als Karikatur oder als klischeehafte Stereotypen gezeichnet, sondern als vielschichtige ambivalente Charaktere.<\/p>\n<p><em>Things Fall Apart<\/em> war auch das erste Buch in der <em>African Writers Series<\/em> des englischen Verlags William Heinemann, der sp\u00e4ter noch zahlreiche weitere afrikanische Autoren ver\u00f6ffentlichen sollte und so viel f\u00fcr die Verbreitung der afrikanischen Literatur in Englisch getan hat.<\/p>\n<p>Glaubt man der Webseite <em><a href=\"https:\/\/www.die-besten-aller-zeiten.de\/buecher\/meistverkauften\/\">Die besten aller Zeiten<\/a>,<\/em> so z\u00e4hlt <em>Things Fall Apart<\/em> mit elf Millionen weltweit verkauften Exemplaren zu den 50 erfolgreichsten Bestsellern aller Zeiten.<\/p>\n<p><img loading=\"lazy\" decoding=\"async\" class=\"alignnone size-full wp-image-2812\" src=\"https:\/\/johannes-fischer.net\/blog\/wp-content\/uploads\/2018\/12\/ThingsFallApart-1958.jpg\" alt=\"\" width=\"300\" height=\"448\" srcset=\"https:\/\/johannes-fischer.net\/blog\/wp-content\/uploads\/2018\/12\/ThingsFallApart-1958.jpg 300w, https:\/\/johannes-fischer.net\/blog\/wp-content\/uploads\/2018\/12\/ThingsFallApart-1958-201x300.jpg 201w\" sizes=\"(max-width: 300px) 100vw, 300px\" \/><br \/>\nChinua Achebe, <em>Things Fall Apart<\/em>, Cover der 1958 bei Heinemann erschienenen Originalausgabe<\/p>\n<p><img loading=\"lazy\" decoding=\"async\" class=\"alignnone size-full wp-image-2813\" src=\"https:\/\/johannes-fischer.net\/blog\/wp-content\/uploads\/2018\/12\/achebe-2.jpg\" alt=\"\" width=\"300\" height=\"464\" srcset=\"https:\/\/johannes-fischer.net\/blog\/wp-content\/uploads\/2018\/12\/achebe-2.jpg 300w, https:\/\/johannes-fischer.net\/blog\/wp-content\/uploads\/2018\/12\/achebe-2-194x300.jpg 194w\" sizes=\"(max-width: 300px) 100vw, 300px\" \/><br \/>\nChinua Achebe, <em>Alles zerf\u00e4llt<\/em>, Cover der bei Fischer Klassik 2014 erschienenen Ausgabe<\/p>\n<p><em><strong>Zur Orientierung&#8230;<\/strong><\/em><\/p>\n<p>Dieser Artikel ist Teil eines Quiz&#8217; mit\/\u00fcber Romananf\u00e4nge. 24 Romananf\u00e4nge werden vorgestellt, wer will, kann versuchen, Titel und Autor\/Autorin des Romans zu erraten. Die Links f\u00fchren entweder direkt zum n\u00e4chsten Romananfang oder zu anderen Romananf\u00e4ngen.<\/p>\n<ul>\n<li>Weiter zu <a href=\"https:\/\/johannes-fischer.net\/blog\/romananfang-14\/\">Romananfang 14<\/a><\/li>\n<li><a href=\"https:\/\/johannes-fischer.net\/blog\/literaturquiz-romananfaenge-einleitung\/\">Literaturquiz Romananf\u00e4nge &#8211; Von Anfang an&#8230;<\/a><\/li>\n<li><a href=\"https:\/\/johannes-fischer.net\/blog\/romananfang-1\/\">Romananfang 1<\/a><\/li>\n<li><a href=\"https:\/\/johannes-fischer.net\/blog\/romananfang-2\/\">Romananfang 2<\/a><\/li>\n<li><a href=\"https:\/\/johannes-fischer.net\/blog\/romananfang-3\/\">Romananfang 3<\/a><\/li>\n<li><a href=\"https:\/\/johannes-fischer.net\/blog\/romananfang-4\/\">Romananfang 4<\/a><\/li>\n<li><a href=\"https:\/\/johannes-fischer.net\/blog\/romananfang-5\/\">Romananfang 5<\/a><\/li>\n<li><a href=\"https:\/\/johannes-fischer.net\/blog\/romananfang-6\/\">Romananfang 6<\/a><\/li>\n<li><a href=\"https:\/\/johannes-fischer.net\/blog\/romananfang-7\/\">Romananfang 7<\/a><\/li>\n<li><a href=\"https:\/\/johannes-fischer.net\/blog\/romananfang-8\/\">Romananfang 8<\/a><\/li>\n<li><a href=\"https:\/\/johannes-fischer.net\/blog\/romananfang-9\/\">Romananfang 9<\/a><\/li>\n<li><a href=\"https:\/\/johannes-fischer.net\/blog\/romananfang-10\">Romananfang 10<\/a><\/li>\n<li><a href=\"https:\/\/johannes-fischer.net\/blog\/romananfang-11\/\">Romananfang 11<\/a><\/li>\n<li><a href=\"https:\/\/johannes-fischer.net\/blog\/romananfang-12\/\">Romananfang 12<\/a><\/li>\n<li><a href=\"https:\/\/johannes-fischer.net\/blog\/romananfang-13\/\">Romananfang 13<\/a><\/li>\n<li><a href=\"https:\/\/johannes-fischer.net\/blog\/romananfang-14\">Romananfang 14<\/a><\/li>\n<li><a href=\"https:\/\/johannes-fischer.net\/blog\/romananfang-15\">Romananfang 15<\/a><\/li>\n<li><a href=\"https:\/\/johannes-fischer.net\/blog\/romananfang-16\/\">Romananfang 16<\/a><\/li>\n<li><a href=\"https:\/\/johannes-fischer.net\/blog\/romananfang-17\/\">Romananfang 17<\/a><\/li>\n<li><a href=\"https:\/\/johannes-fischer.net\/blog\/romananfang-18\/\">Romananfang 18<\/a><\/li>\n<li><a href=\"https:\/\/johannes-fischer.net\/blog\/romananfang-19\/\">Romananfang 19<\/a><\/li>\n<li><a href=\"https:\/\/johannes-fischer.net\/blog\/romananfang-20\/\">Romananfang 20<\/a><\/li>\n<li><a href=\"https:\/\/johannes-fischer.net\/blog\/romananfang-21\/\">Romananfang 21<\/a><\/li>\n<li><a href=\"https:\/\/johannes-fischer.net\/blog\/romananfang-22\/\">Romananfang 22<\/a><\/li>\n<li><a href=\"https:\/\/johannes-fischer.net\/blog\/romananfang-23\/\">Romananfang 23<\/a><\/li>\n<li><a href=\"https:\/\/johannes-fischer.net\/blog\/romananfang-24\/\">Romananfang 24<\/a><\/li>\n<\/ul>\n<p>&nbsp;<\/p>\n<div class='sfsi_Sicons' style='width: 100%; display: inline-block; vertical-align: middle; text-align:left'><div style='margin:0px 8px 0px 0px; line-height: 24px'><span><\/span><\/div><div class='sfsi_socialwpr'><div class='sf_subscrbe' style='text-align:left;vertical-align: middle;float:left;width:64px'><a href=\"http:\/\/www.specificfeeds.com\/widgets\/emailSubscribeEncFeed\/Q0FJU2IrL21rdElzb0J1Mnd4UWp5M2JZMHQ5YXBNTW01ZnhPcUtDWnpWVFVEcEgvdGwvUHQ3R2lnWTEyVjh2WmFlaE1KbEw2YnBuZ3hRMFFqNEZoQWgyNFlqRGZydzNJZEFYS3VPMjhCZVNHbFNuNU5qbXI1OGNjeW8zb1dXVlh8aDdxZGtDYTZTaTNPNTZZcENLZXhwbkF0bTlJWFpwWitxQTAwdHRkU3VOdz0=\/OA==\/\" target=\"_blank\"><img decoding=\"async\" src=\"https:\/\/johannes-fischer.net\/blog\/wp-content\/plugins\/ultimate-social-media-icons\/images\/follow_subscribe.png\" alt=\"error\" \/><\/a><\/div><div class='sf_fb' style='text-align:left;vertical-align: middle;width:98px'><div class=\"fb-like\" data-href=\"https:\/\/johannes-fischer.net\/blog\/romananfang-13-chinua-achebe-alles-zerfaellt\/\" data-width=\"180\" data-send=\"false\" data-show-faces=\"false\"  data-action=\"like\" data-share=\"true\"data-layout=\"button\" ><\/div><\/div><div class='sf_twiter' style='text-align:left;float:left;vertical-align: middle;width:auto'><a href=\"http:\/\/twitter.com\/share\" data-count=\"none\" class=\"sr-twitter-button twitter-share-button\" lang=\"en\" data-url=\"https:\/\/johannes-fischer.net\/blog\/romananfang-13-chinua-achebe-alles-zerfaellt\/\" data-text=\"Romananfang 13 \u2013 Chinua Achebe &#8220;Alles zerf\u00e4llt&#8221;\" ><\/a><\/div><\/div><\/div>","protected":false},"excerpt":{"rendered":"<p>Okonkwo ist die Hauptfigur in Things Fall Apart (Alles zerf\u00e4llt), dem 1958 erschienenen Deb\u00fctroman des nigerianischen Autors Chinua Achebe (1930 bis 2013). Der Roman spielt in einem nigerianischen Dorf Ende&hellip; <\/p>\n","protected":false},"author":1,"featured_media":0,"parent":0,"menu_order":0,"comment_status":"open","ping_status":"open","template":"","meta":{"footnotes":""},"_links":{"self":[{"href":"https:\/\/johannes-fischer.net\/blog\/wp-json\/wp\/v2\/pages\/2980"}],"collection":[{"href":"https:\/\/johannes-fischer.net\/blog\/wp-json\/wp\/v2\/pages"}],"about":[{"href":"https:\/\/johannes-fischer.net\/blog\/wp-json\/wp\/v2\/types\/page"}],"author":[{"embeddable":true,"href":"https:\/\/johannes-fischer.net\/blog\/wp-json\/wp\/v2\/users\/1"}],"replies":[{"embeddable":true,"href":"https:\/\/johannes-fischer.net\/blog\/wp-json\/wp\/v2\/comments?post=2980"}],"version-history":[{"count":5,"href":"https:\/\/johannes-fischer.net\/blog\/wp-json\/wp\/v2\/pages\/2980\/revisions"}],"predecessor-version":[{"id":3182,"href":"https:\/\/johannes-fischer.net\/blog\/wp-json\/wp\/v2\/pages\/2980\/revisions\/3182"}],"wp:attachment":[{"href":"https:\/\/johannes-fischer.net\/blog\/wp-json\/wp\/v2\/media?parent=2980"}],"curies":[{"name":"wp","href":"https:\/\/api.w.org\/{rel}","templated":true}]}}