{"id":2976,"date":"2018-12-30T09:03:52","date_gmt":"2018-12-30T08:03:52","guid":{"rendered":"https:\/\/johannes-fischer.net\/blog\/?page_id=2976"},"modified":"2019-01-06T16:50:09","modified_gmt":"2019-01-06T15:50:09","slug":"romananfang-12-jane-austen-stolz-und-vorurteil","status":"publish","type":"page","link":"https:\/\/johannes-fischer.net\/blog\/romananfang-12-jane-austen-stolz-und-vorurteil\/","title":{"rendered":"Romananfang 12 \u2013 Jane Austen, &#8220;Stolz und Vorurteil&#8221;"},"content":{"rendered":"<p>Der Filmregisseur Billy Wilder hat einmal erz\u00e4hlt, dass er eines Nachts im Traum die Idee zu einem phantastischen Film hatte. Im Traum war der gesamte Film vor Wilders Augen abgelaufen und der Regisseur war begeistert. Der Film war spannend, unterhaltsam, witzig, r\u00fchrend, vielschichtig und w\u00fcrde mit Sicherheit ein gro\u00dfer Erfolg werden. Und da der Film so gut war, hat Wilder die Story mitten in der Nacht, als er kurz aufgewacht war, in einem Notizbuch festgehalten, das immer neben seinem Bett lag. Am n\u00e4chsten Morgen konnte sich Wilder tats\u00e4chlich nicht mehr an den wunderbaren Film erinnern, aber das machte ihm keine allzu gro\u00dfen Sorgen, denn schlie\u00dflich hatte er die Geschichte ja aufgeschrieben. Doch als er sein Notizbuch aufschlug, stand dort nur: \u201eBoy meets Girl.\u201c<\/p>\n<p>Das allerdings ist die Grundidee von unz\u00e4hligen Romanen, Erz\u00e4hlungen, Theaterst\u00fccken und Filmen. Eine der erfolgreichsten Geschichten mit dieser Grundidee ist Jane Austens Roman <em>Stolz und Vorurteil<\/em>. Er erz\u00e4hlt, wie sich der reiche, gut aussehende, aber leider auch etwas hochm\u00fctige Fitzwilliam Darcy (<em>Boy<\/em>), und die kluge und lebhafte Elizabeth Bennet (<em>Girl<\/em>) treffen und nach vielen Irrungen, Intrigen und T\u00e4uschungen durch sich selbst und durch andere am Ende erkennen, dass sie sich lieben und zusammen leben wollen.<\/p>\n<p>Der Roman ist ein Ph\u00e4nomen. Er wurde 1813 ver\u00f6ffentlicht und erfreut sich seitdem anhaltender und ungebrochener Beliebtheit. Er wurde oft und erfolgreich verfilmt und im 19. Jahrhundert ebenso gern gelesen wie im 20. oder zu Beginn des 21. Jahrhunderts. Aber warum? Was macht diesen Roman so \u00fcberaus popul\u00e4r und beliebt?<\/p>\n<p>Ist es die technisch brillant erz\u00e4hlte spannende Geschichte voller \u00fcberraschender Wendungen? Oder die gut beobachteten und feinsinnig beschriebenen Figuren, die auch \u00fcber 200 Jahre nach ihrem ersten Auftreten nicht wirklich gealtert sind? Die Attraktivit\u00e4t von Elizabeth und Darcy, die zu Phantasien und Tr\u00e4umen einl\u00e4dt? Der Wunsch nach einer erf\u00fcllten Partnerschaft mit einem geliebten Menschen, die Darcy und Elizabeth ihrem Stolz und ihrer Vorurteile zum Trotz am Ende doch noch verg\u00f6nnt ist? Die wunderbar elegante Sprache und die feine Ironie, mit der Austen die eigentlich doch schrecklichen Zw\u00e4nge und Obsessionen einer Gesellschaft beschreibt, in der Frauen gezwungen waren, oft nicht aus Liebe sondern aus finanziellen Erw\u00e4gungen heraus zu heiraten? Oder die sch\u00f6ne Mischung aus Romantik und Realismus, die dazu f\u00fchrt, dass Darcy und Elizabeth erst zueinander finden, nachdem sie etliche Krisen hinter sich haben, aus denen sie gel\u00e4utert mit besserem Bewusstsein f\u00fcr die eigenen Schw\u00e4chen hervorgegangen sind? Oder schlicht und einfach die traumhafte Attraktivit\u00e4t der Grundidee \u201eBoy meets Girl\u201c?<\/p>\n<p>Vielleicht findet man beim Wiederlesen des Romans ja die richtige Antwort auf diese Fragen.<\/p>\n<p><img loading=\"lazy\" decoding=\"async\" class=\"alignnone size-full wp-image-2790\" src=\"https:\/\/johannes-fischer.net\/blog\/wp-content\/uploads\/2018\/12\/PrideAndPrejudiceTitlePage.jpg\" alt=\"\" width=\"300\" height=\"485\" srcset=\"https:\/\/johannes-fischer.net\/blog\/wp-content\/uploads\/2018\/12\/PrideAndPrejudiceTitlePage.jpg 300w, https:\/\/johannes-fischer.net\/blog\/wp-content\/uploads\/2018\/12\/PrideAndPrejudiceTitlePage-186x300.jpg 186w\" sizes=\"(max-width: 300px) 100vw, 300px\" \/><br \/>\n<em>Jane Austen, Pride and Prejudice, Abbildung der Titelseite der Ausgabe von 1813, die in London bei T. Egerton erschienen ist. Archiv: Lilly Library, Indiana University, Foto: <a href=\"https:\/\/commons.wikimedia.org\/w\/index.php?curid=3776031\">Wikimedia<\/a><\/em><\/p>\n<p><a href=\"http:\/\/johannes-fischer.net\/blog\/\">Zur\u00fcck zur Webseite&#8230;<\/a><\/p>\n<p><em><strong>Zur Orientierung&#8230;<\/strong><\/em><\/p>\n<p>Dieser Artikel ist Teil eines Quiz&#8217; mit\/\u00fcber Romananf\u00e4nge. 24 Romananf\u00e4nge werden vorgestellt, wer will, kann versuchen, Titel und Autor\/Autorin des Romans zu erraten. Die Links f\u00fchren entweder direkt zum n\u00e4chsten Romananfang oder zu anderen Romananf\u00e4ngen.<\/p>\n<ul>\n<li>Weiter zu <a href=\"https:\/\/johannes-fischer.net\/blog\/romananfang-13\/\/\">Romananfang 13<\/a><\/li>\n<li><a href=\"https:\/\/johannes-fischer.net\/blog\/literaturquiz-romananfaenge-einleitung\/\">Literaturquiz Romananf\u00e4nge &#8211; Von Anfang an&#8230;<\/a><\/li>\n<li><a href=\"https:\/\/johannes-fischer.net\/blog\/romananfang-1\/\">Romananfang 1<\/a><\/li>\n<li><a href=\"https:\/\/johannes-fischer.net\/blog\/romananfang-2\/\">Romananfang 2<\/a><\/li>\n<li><a href=\"https:\/\/johannes-fischer.net\/blog\/romananfang-3\/\">Romananfang 3<\/a><\/li>\n<li><a href=\"https:\/\/johannes-fischer.net\/blog\/romananfang-4\/\">Romananfang 4<\/a><\/li>\n<li><a href=\"https:\/\/johannes-fischer.net\/blog\/romananfang-5\/\">Romananfang 5<\/a><\/li>\n<li><a href=\"https:\/\/johannes-fischer.net\/blog\/romananfang-6\/\">Romananfang 6<\/a><\/li>\n<li><a href=\"https:\/\/johannes-fischer.net\/blog\/romananfang-7\/\">Romananfang 7<\/a><\/li>\n<li><a href=\"https:\/\/johannes-fischer.net\/blog\/romananfang-8\/\">Romananfang 8<\/a><\/li>\n<li><a href=\"https:\/\/johannes-fischer.net\/blog\/romananfang-9\/\">Romananfang 9<\/a><\/li>\n<li><a href=\"https:\/\/johannes-fischer.net\/blog\/romananfang-10\">Romananfang 10<\/a><\/li>\n<li><a href=\"https:\/\/johannes-fischer.net\/blog\/romananfang-11\/\">Romananfang 11<\/a><\/li>\n<li><a href=\"https:\/\/johannes-fischer.net\/blog\/romananfang-12\/\">Romananfang 12<\/a><\/li>\n<li><a href=\"https:\/\/johannes-fischer.net\/blog\/romananfang-13\/\">Romananfang 13<\/a><\/li>\n<li><a href=\"https:\/\/johannes-fischer.net\/blog\/romananfang-14\">Romananfang 14<\/a><\/li>\n<li><a href=\"https:\/\/johannes-fischer.net\/blog\/romananfang-15\">Romananfang 15<\/a><\/li>\n<li><a href=\"https:\/\/johannes-fischer.net\/blog\/romananfang-16\/\">Romananfang 16<\/a><\/li>\n<li><a href=\"https:\/\/johannes-fischer.net\/blog\/romananfang-17\/\">Romananfang 17<\/a><\/li>\n<li><a href=\"https:\/\/johannes-fischer.net\/blog\/romananfang-18\/\">Romananfang 18<\/a><\/li>\n<li><a href=\"https:\/\/johannes-fischer.net\/blog\/romananfang-19\/\">Romananfang 19<\/a><\/li>\n<li><a href=\"https:\/\/johannes-fischer.net\/blog\/romananfang-20\/\">Romananfang 20<\/a><\/li>\n<li><a href=\"https:\/\/johannes-fischer.net\/blog\/romananfang-21\/\">Romananfang 21<\/a><\/li>\n<li><a href=\"https:\/\/johannes-fischer.net\/blog\/romananfang-22\/\">Romananfang 22<\/a><\/li>\n<li><a href=\"https:\/\/johannes-fischer.net\/blog\/romananfang-23\/\">Romananfang 23<\/a><\/li>\n<li><a href=\"https:\/\/johannes-fischer.net\/blog\/romananfang-24\/\">Romananfang 24<\/a><\/li>\n<\/ul>\n<p>&nbsp;<\/p>\n<div class='sfsi_Sicons' style='width: 100%; display: inline-block; vertical-align: middle; text-align:left'><div style='margin:0px 8px 0px 0px; line-height: 24px'><span><\/span><\/div><div class='sfsi_socialwpr'><div class='sf_subscrbe' style='text-align:left;vertical-align: middle;float:left;width:64px'><a href=\"http:\/\/www.specificfeeds.com\/widgets\/emailSubscribeEncFeed\/Q0FJU2IrL21rdElzb0J1Mnd4UWp5M2JZMHQ5YXBNTW01ZnhPcUtDWnpWVFVEcEgvdGwvUHQ3R2lnWTEyVjh2WmFlaE1KbEw2YnBuZ3hRMFFqNEZoQWgyNFlqRGZydzNJZEFYS3VPMjhCZVNHbFNuNU5qbXI1OGNjeW8zb1dXVlh8aDdxZGtDYTZTaTNPNTZZcENLZXhwbkF0bTlJWFpwWitxQTAwdHRkU3VOdz0=\/OA==\/\" target=\"_blank\"><img decoding=\"async\" src=\"https:\/\/johannes-fischer.net\/blog\/wp-content\/plugins\/ultimate-social-media-icons\/images\/follow_subscribe.png\" alt=\"error\" \/><\/a><\/div><div class='sf_fb' style='text-align:left;vertical-align: middle;width:98px'><div class=\"fb-like\" data-href=\"https:\/\/johannes-fischer.net\/blog\/romananfang-12-jane-austen-stolz-und-vorurteil\/\" data-width=\"180\" data-send=\"false\" data-show-faces=\"false\"  data-action=\"like\" data-share=\"true\"data-layout=\"button\" ><\/div><\/div><div class='sf_twiter' style='text-align:left;float:left;vertical-align: middle;width:auto'><a href=\"http:\/\/twitter.com\/share\" data-count=\"none\" class=\"sr-twitter-button twitter-share-button\" lang=\"en\" data-url=\"https:\/\/johannes-fischer.net\/blog\/romananfang-12-jane-austen-stolz-und-vorurteil\/\" data-text=\"Romananfang 12 \u2013 Jane Austen, &#8220;Stolz und Vorurteil&#8221;\" ><\/a><\/div><\/div><\/div>","protected":false},"excerpt":{"rendered":"<p>Der Filmregisseur Billy Wilder hat einmal erz\u00e4hlt, dass er eines Nachts im Traum die Idee zu einem phantastischen Film hatte. Im Traum war der gesamte Film vor Wilders Augen abgelaufen&hellip; <\/p>\n","protected":false},"author":1,"featured_media":0,"parent":0,"menu_order":0,"comment_status":"open","ping_status":"open","template":"","meta":{"footnotes":""},"_links":{"self":[{"href":"https:\/\/johannes-fischer.net\/blog\/wp-json\/wp\/v2\/pages\/2976"}],"collection":[{"href":"https:\/\/johannes-fischer.net\/blog\/wp-json\/wp\/v2\/pages"}],"about":[{"href":"https:\/\/johannes-fischer.net\/blog\/wp-json\/wp\/v2\/types\/page"}],"author":[{"embeddable":true,"href":"https:\/\/johannes-fischer.net\/blog\/wp-json\/wp\/v2\/users\/1"}],"replies":[{"embeddable":true,"href":"https:\/\/johannes-fischer.net\/blog\/wp-json\/wp\/v2\/comments?post=2976"}],"version-history":[{"count":7,"href":"https:\/\/johannes-fischer.net\/blog\/wp-json\/wp\/v2\/pages\/2976\/revisions"}],"predecessor-version":[{"id":3181,"href":"https:\/\/johannes-fischer.net\/blog\/wp-json\/wp\/v2\/pages\/2976\/revisions\/3181"}],"wp:attachment":[{"href":"https:\/\/johannes-fischer.net\/blog\/wp-json\/wp\/v2\/media?parent=2976"}],"curies":[{"name":"wp","href":"https:\/\/api.w.org\/{rel}","templated":true}]}}