{"id":2974,"date":"2018-12-30T09:01:25","date_gmt":"2018-12-30T08:01:25","guid":{"rendered":"https:\/\/johannes-fischer.net\/blog\/?page_id=2974"},"modified":"2018-12-30T09:06:33","modified_gmt":"2018-12-30T08:06:33","slug":"romananfang-12","status":"publish","type":"page","link":"https:\/\/johannes-fischer.net\/blog\/romananfang-12\/","title":{"rendered":"Romananfang 12"},"content":{"rendered":"<p>Es ist eine allgemein anerkannte Wahrheit, da\u00df ein Junggeselle im Besitz eines sch\u00f6nen Verm\u00f6gens nichts dringender braucht als eine Frau.<br \/>\nWie wenig man auch von den Gef\u00fchlen oder Aussichten eines solchen Mannes wissen mag, wenn er zum ersten Mal in einer Gegend auftaucht \u2013 diese Grundwahrheit ist in den K\u00f6pfen der dort lebenden Familien so fest verankert, da\u00df man ihn bereits als das rechtm\u00e4\u00dfige Eigentum der einen oder anderen Tochter betrachtet.<\/p>\n<p><em>Welcher bekannte Roman beginnt mit diesem ber\u00fchmten, oft zitierten, Anfangssatz? Und wer hat ihn geschrieben?<\/em><\/p>\n<p><a href=\"https:\/\/johannes-fischer.net\/blog\/romananfang-12-jane-austen-stolz-und-vorurteil\/\">Antwort&#8230;<\/a><\/p>\n<div class='sfsi_Sicons' style='width: 100%; display: inline-block; vertical-align: middle; text-align:left'><div style='margin:0px 8px 0px 0px; line-height: 24px'><span><\/span><\/div><div class='sfsi_socialwpr'><div class='sf_subscrbe' style='text-align:left;vertical-align: middle;float:left;width:64px'><a href=\"http:\/\/www.specificfeeds.com\/widgets\/emailSubscribeEncFeed\/Q0FJU2IrL21rdElzb0J1Mnd4UWp5M2JZMHQ5YXBNTW01ZnhPcUtDWnpWVFVEcEgvdGwvUHQ3R2lnWTEyVjh2WmFlaE1KbEw2YnBuZ3hRMFFqNEZoQWgyNFlqRGZydzNJZEFYS3VPMjhCZVNHbFNuNU5qbXI1OGNjeW8zb1dXVlh8aDdxZGtDYTZTaTNPNTZZcENLZXhwbkF0bTlJWFpwWitxQTAwdHRkU3VOdz0=\/OA==\/\" target=\"_blank\"><img decoding=\"async\" src=\"https:\/\/johannes-fischer.net\/blog\/wp-content\/plugins\/ultimate-social-media-icons\/images\/follow_subscribe.png\" alt=\"error\" \/><\/a><\/div><div class='sf_fb' style='text-align:left;vertical-align: middle;width:98px'><div class=\"fb-like\" data-href=\"https:\/\/johannes-fischer.net\/blog\/romananfang-12\/\" data-width=\"180\" data-send=\"false\" data-show-faces=\"false\"  data-action=\"like\" data-share=\"true\"data-layout=\"button\" ><\/div><\/div><div class='sf_twiter' style='text-align:left;float:left;vertical-align: middle;width:auto'><a href=\"http:\/\/twitter.com\/share\" data-count=\"none\" class=\"sr-twitter-button twitter-share-button\" lang=\"en\" data-url=\"https:\/\/johannes-fischer.net\/blog\/romananfang-12\/\" data-text=\"Romananfang 12\" ><\/a><\/div><\/div><\/div>","protected":false},"excerpt":{"rendered":"<p>Es ist eine allgemein anerkannte Wahrheit, da\u00df ein Junggeselle im Besitz eines sch\u00f6nen Verm\u00f6gens nichts dringender braucht als eine Frau. Wie wenig man auch von den Gef\u00fchlen oder Aussichten eines&hellip; <\/p>\n","protected":false},"author":1,"featured_media":0,"parent":0,"menu_order":0,"comment_status":"open","ping_status":"open","template":"","meta":{"footnotes":""},"_links":{"self":[{"href":"https:\/\/johannes-fischer.net\/blog\/wp-json\/wp\/v2\/pages\/2974"}],"collection":[{"href":"https:\/\/johannes-fischer.net\/blog\/wp-json\/wp\/v2\/pages"}],"about":[{"href":"https:\/\/johannes-fischer.net\/blog\/wp-json\/wp\/v2\/types\/page"}],"author":[{"embeddable":true,"href":"https:\/\/johannes-fischer.net\/blog\/wp-json\/wp\/v2\/users\/1"}],"replies":[{"embeddable":true,"href":"https:\/\/johannes-fischer.net\/blog\/wp-json\/wp\/v2\/comments?post=2974"}],"version-history":[{"count":2,"href":"https:\/\/johannes-fischer.net\/blog\/wp-json\/wp\/v2\/pages\/2974\/revisions"}],"predecessor-version":[{"id":3068,"href":"https:\/\/johannes-fischer.net\/blog\/wp-json\/wp\/v2\/pages\/2974\/revisions\/3068"}],"wp:attachment":[{"href":"https:\/\/johannes-fischer.net\/blog\/wp-json\/wp\/v2\/media?parent=2974"}],"curies":[{"name":"wp","href":"https:\/\/api.w.org\/{rel}","templated":true}]}}