{"id":2972,"date":"2018-12-30T09:02:49","date_gmt":"2018-12-30T08:02:49","guid":{"rendered":"https:\/\/johannes-fischer.net\/blog\/?page_id=2972"},"modified":"2019-01-06T16:48:21","modified_gmt":"2019-01-06T15:48:21","slug":"romananfang-11-sten-nadolny-die-entdeckung-der-langsamkeit","status":"publish","type":"page","link":"https:\/\/johannes-fischer.net\/blog\/romananfang-11-sten-nadolny-die-entdeckung-der-langsamkeit\/","title":{"rendered":"Romananfang 11 \u2013 Sten Nadolny, &#8220;Die Entdeckung der Langsamkeit&#8221;"},"content":{"rendered":"<p>Ich glaube, es war der amerikanische Autor Larry Beinhart, der in seinem Buch <em>How to Write a Mystery<\/em> \u00fcberzeugend erkl\u00e4rt hat, was ein <em>Page-Turner<\/em> ist: Ein Buch, das man morgens um 4 durchgelesen aus der Hand legt w\u00e4hrend man sich schlecht f\u00fchlt.<\/p>\n<p>Ich kenne dieses Gef\u00fchl, B\u00fccher zu verschlingen, Seite um Seite, wie im Rausch, weil man wissen will, wie die Geschichte ausgeht. Aber manche B\u00fccher, so gut und interessant sie auch sind, will man gar nicht verschlingen. Zum Beispiel Sten Nadolnys 1983 erschienenen Roman <em>Die Entdeckung der Langsamkeit<\/em>.<\/p>\n<p>Hauptfigur ist der gleich am Anfang vorgestellte John Franklin, der zwar \u201eals Schnurhalter geeignet ist wie kein anderes Kind in Spilsby oder sogar in Lincolnshire\u201c, aber, warum auch immer, zugleich wirklich nicht der Schnellste ist, was ihm in Kindheit und Jugend so manche H\u00e4nselei einbringt. Doch Franklin mag langsam sein, dumm ist er nicht. Im Gegenteil: Er akzeptiert seine Langsamkeit und nutzt sie zu seinem Vorteil, indem er sie in Gr\u00fcndlichkeit, Sorgfalt, Geduld und Beharrlichkeit verwandelt.<\/p>\n<p>Der Roman erz\u00e4hlt die Lebensgeschichte Franklins und beschreibt, wie ihm diese Tugenden und Franklins Langsamkeit immer wieder geholfen haben. Die Lebensgeschichte der Romanfigur John Franklin basiert auf der Lebensgeschichte des realen John Franklin, Polarforscher und Konteradmiral der britischen Marine, der am 15. April 1786 tats\u00e4chlich in Spilsby, einem kleinem Ort in Lincolnshire, England, geboren wurde und am 11. Juni 1847 bei einer Expedition zur Erforschung der kanadischen Arktis gestorben ist.<\/p>\n<p>Zeitgen\u00f6ssische Berichte beschreiben den realen Franklin als weltoffen und wissenschaftlich interessiert, aber ungew\u00f6hnlich langsam scheint er nicht gewesen zu sein. Diese Langsamkeit hat Nadolny seinem Helden angedichtet, aber genau das macht den fiktiven Franklin interessant und sympathisch und das Buch zu einem Vergn\u00fcgen, weil sich Franklins lebensfrohe und bejahende Gelassenheit im Laufe der Erz\u00e4hlung immer mehr auf Leser oder Leserin \u00fcbertr\u00e4gt.<\/p>\n<p><img loading=\"lazy\" decoding=\"async\" class=\"alignnone size-full wp-image-2784\" src=\"https:\/\/johannes-fischer.net\/blog\/wp-content\/uploads\/2018\/12\/sten-nadolny-die-entdeckung-der-langsamkeit.jpg\" alt=\"\" width=\"300\" height=\"475\" srcset=\"https:\/\/johannes-fischer.net\/blog\/wp-content\/uploads\/2018\/12\/sten-nadolny-die-entdeckung-der-langsamkeit.jpg 300w, https:\/\/johannes-fischer.net\/blog\/wp-content\/uploads\/2018\/12\/sten-nadolny-die-entdeckung-der-langsamkeit-189x300.jpg 189w\" sizes=\"(max-width: 300px) 100vw, 300px\" \/><br \/>\n<em>Sten Nadolny, Die Entdeckung der Langsamkeit<\/em><br \/>\n<a href=\"http:\/\/johannes-fischer.net\/blog\/\">Zur\u00fcck zur Webseite&#8230;<\/a><\/p>\n<p><em><strong>Zur Orientierung&#8230;<\/strong><\/em><\/p>\n<p>Dieser Artikel ist Teil eines Quiz&#8217; mit\/\u00fcber Romananf\u00e4nge. 24 Romananf\u00e4nge werden vorgestellt, wer will, kann versuchen, Titel und Autor\/Autorin des Romans zu erraten. Die Links f\u00fchren entweder direkt zum n\u00e4chsten Romananfang oder zu anderen Romananf\u00e4ngen.<\/p>\n<ul>\n<li>Weiter zu <a href=\"https:\/\/johannes-fischer.net\/blog\/romananfang-12\/\">Romananfang 12<\/a><\/li>\n<li><a href=\"https:\/\/johannes-fischer.net\/blog\/literaturquiz-romananfaenge-einleitung\/\">Literaturquiz Romananf\u00e4nge &#8211; Von Anfang an&#8230;<\/a><\/li>\n<li><a href=\"https:\/\/johannes-fischer.net\/blog\/romananfang-1\/\">Romananfang 1<\/a><\/li>\n<li><a href=\"https:\/\/johannes-fischer.net\/blog\/romananfang-2\/\">Romananfang 2<\/a><\/li>\n<li><a href=\"https:\/\/johannes-fischer.net\/blog\/romananfang-3\/\">Romananfang 3<\/a><\/li>\n<li><a href=\"https:\/\/johannes-fischer.net\/blog\/romananfang-4\/\">Romananfang 4<\/a><\/li>\n<li><a href=\"https:\/\/johannes-fischer.net\/blog\/romananfang-5\/\">Romananfang 5<\/a><\/li>\n<li><a href=\"https:\/\/johannes-fischer.net\/blog\/romananfang-6\/\">Romananfang 6<\/a><\/li>\n<li><a href=\"https:\/\/johannes-fischer.net\/blog\/romananfang-7\/\">Romananfang 7<\/a><\/li>\n<li><a href=\"https:\/\/johannes-fischer.net\/blog\/romananfang-8\/\">Romananfang 8<\/a><\/li>\n<li><a href=\"https:\/\/johannes-fischer.net\/blog\/romananfang-9\/\">Romananfang 9<\/a><\/li>\n<li><a href=\"https:\/\/johannes-fischer.net\/blog\/romananfang-10\">Romananfang 10<\/a><\/li>\n<li><a href=\"https:\/\/johannes-fischer.net\/blog\/romananfang-11\/\">Romananfang 11<\/a><\/li>\n<li><a href=\"https:\/\/johannes-fischer.net\/blog\/romananfang-12\/\">Romananfang 12<\/a><\/li>\n<li><a href=\"https:\/\/johannes-fischer.net\/blog\/romananfang-13\/\">Romananfang 13<\/a><\/li>\n<li><a href=\"https:\/\/johannes-fischer.net\/blog\/romananfang-14\">Romananfang 14<\/a><\/li>\n<li><a href=\"https:\/\/johannes-fischer.net\/blog\/romananfang-15\">Romananfang 15<\/a><\/li>\n<li><a href=\"https:\/\/johannes-fischer.net\/blog\/romananfang-16\/\">Romananfang 16<\/a><\/li>\n<li><a href=\"https:\/\/johannes-fischer.net\/blog\/romananfang-17\/\">Romananfang 17<\/a><\/li>\n<li><a href=\"https:\/\/johannes-fischer.net\/blog\/romananfang-18\/\">Romananfang 18<\/a><\/li>\n<li><a href=\"https:\/\/johannes-fischer.net\/blog\/romananfang-19\/\">Romananfang 19<\/a><\/li>\n<li><a href=\"https:\/\/johannes-fischer.net\/blog\/romananfang-20\/\">Romananfang 20<\/a><\/li>\n<li><a href=\"https:\/\/johannes-fischer.net\/blog\/romananfang-21\/\">Romananfang 21<\/a><\/li>\n<li><a href=\"https:\/\/johannes-fischer.net\/blog\/romananfang-22\/\">Romananfang 22<\/a><\/li>\n<li><a href=\"https:\/\/johannes-fischer.net\/blog\/romananfang-23\/\">Romananfang 23<\/a><\/li>\n<li><a href=\"https:\/\/johannes-fischer.net\/blog\/romananfang-24\/\">Romananfang 24<\/a><\/li>\n<\/ul>\n<div class='sfsi_Sicons' style='width: 100%; display: inline-block; vertical-align: middle; text-align:left'><div style='margin:0px 8px 0px 0px; line-height: 24px'><span><\/span><\/div><div class='sfsi_socialwpr'><div class='sf_subscrbe' style='text-align:left;vertical-align: middle;float:left;width:64px'><a href=\"http:\/\/www.specificfeeds.com\/widgets\/emailSubscribeEncFeed\/Q0FJU2IrL21rdElzb0J1Mnd4UWp5M2JZMHQ5YXBNTW01ZnhPcUtDWnpWVFVEcEgvdGwvUHQ3R2lnWTEyVjh2WmFlaE1KbEw2YnBuZ3hRMFFqNEZoQWgyNFlqRGZydzNJZEFYS3VPMjhCZVNHbFNuNU5qbXI1OGNjeW8zb1dXVlh8aDdxZGtDYTZTaTNPNTZZcENLZXhwbkF0bTlJWFpwWitxQTAwdHRkU3VOdz0=\/OA==\/\" target=\"_blank\"><img decoding=\"async\" src=\"https:\/\/johannes-fischer.net\/blog\/wp-content\/plugins\/ultimate-social-media-icons\/images\/follow_subscribe.png\" alt=\"error\" \/><\/a><\/div><div class='sf_fb' style='text-align:left;vertical-align: middle;width:98px'><div class=\"fb-like\" data-href=\"https:\/\/johannes-fischer.net\/blog\/romananfang-11-sten-nadolny-die-entdeckung-der-langsamkeit\/\" data-width=\"180\" data-send=\"false\" data-show-faces=\"false\"  data-action=\"like\" data-share=\"true\"data-layout=\"button\" ><\/div><\/div><div class='sf_twiter' style='text-align:left;float:left;vertical-align: middle;width:auto'><a href=\"http:\/\/twitter.com\/share\" data-count=\"none\" class=\"sr-twitter-button twitter-share-button\" lang=\"en\" data-url=\"https:\/\/johannes-fischer.net\/blog\/romananfang-11-sten-nadolny-die-entdeckung-der-langsamkeit\/\" data-text=\"Romananfang 11 \u2013 Sten Nadolny, &#8220;Die Entdeckung der Langsamkeit&#8221;\" ><\/a><\/div><\/div><\/div>","protected":false},"excerpt":{"rendered":"<p>Ich glaube, es war der amerikanische Autor Larry Beinhart, der in seinem Buch How to Write a Mystery \u00fcberzeugend erkl\u00e4rt hat, was ein Page-Turner ist: Ein Buch, das man morgens&hellip; <\/p>\n","protected":false},"author":1,"featured_media":0,"parent":0,"menu_order":0,"comment_status":"open","ping_status":"open","template":"","meta":{"footnotes":""},"_links":{"self":[{"href":"https:\/\/johannes-fischer.net\/blog\/wp-json\/wp\/v2\/pages\/2972"}],"collection":[{"href":"https:\/\/johannes-fischer.net\/blog\/wp-json\/wp\/v2\/pages"}],"about":[{"href":"https:\/\/johannes-fischer.net\/blog\/wp-json\/wp\/v2\/types\/page"}],"author":[{"embeddable":true,"href":"https:\/\/johannes-fischer.net\/blog\/wp-json\/wp\/v2\/users\/1"}],"replies":[{"embeddable":true,"href":"https:\/\/johannes-fischer.net\/blog\/wp-json\/wp\/v2\/comments?post=2972"}],"version-history":[{"count":6,"href":"https:\/\/johannes-fischer.net\/blog\/wp-json\/wp\/v2\/pages\/2972\/revisions"}],"predecessor-version":[{"id":3179,"href":"https:\/\/johannes-fischer.net\/blog\/wp-json\/wp\/v2\/pages\/2972\/revisions\/3179"}],"wp:attachment":[{"href":"https:\/\/johannes-fischer.net\/blog\/wp-json\/wp\/v2\/media?parent=2972"}],"curies":[{"name":"wp","href":"https:\/\/api.w.org\/{rel}","templated":true}]}}