{"id":2968,"date":"2018-12-30T08:58:34","date_gmt":"2018-12-30T07:58:34","guid":{"rendered":"https:\/\/johannes-fischer.net\/blog\/?page_id=2968"},"modified":"2019-01-06T16:38:41","modified_gmt":"2019-01-06T15:38:41","slug":"romananfang-10-thomas-bernhard-frost","status":"publish","type":"page","link":"https:\/\/johannes-fischer.net\/blog\/romananfang-10-thomas-bernhard-frost\/","title":{"rendered":"Romananfang 10 \u2013 Thomas Bernhard &#8220;Frost&#8221;"},"content":{"rendered":"<p>Mit dieser wunderbaren Aufz\u00e4hlung von Scheu\u00dflichkeiten beginnt <em>Frost<\/em>, der erste, 1963 erschienene, Roman des am 9. Februar 1931 in Heerlen in den Niederlangen geborenen und am 12. Februar 1989 in Gmunden, in \u00d6sterreich gestorbenen Autors Thomas Bernhard. In dem Roman erz\u00e4hlt der nie namentlich genannte Ich-Erz\u00e4hler, wie er w\u00e4hrend seiner Famulatur \u2013 einem medizinischen Praktikum \u2013 von seinem Vorgesetzten gebeten wird, nach Weng zu reisen, um dort den Bruder des Vorgesetzten, einen Kunstmaler, zu beobachten. Der Ich-Erz\u00e4hler tut das und beobachtet und schildert dabei vor allem den immer st\u00e4rker werdenden Verfall des Malers. <em>Frost<\/em> endet damit, dass der Ich-Erz\u00e4hler in der Zeitung vom Verschwindens des Malers erf\u00e4hrt, woraufhin er seine Famulatur beendet und nach Wien zur\u00fcckreist.<\/p>\n<p>Doch Handlung hin oder her \u2013 schon in den ersten S\u00e4tzen seines ersten Romans schl\u00e4gt Bernhard einen Ton an, der so typisch f\u00fcr ihn ist und wird. Immer wieder wird in endlosen Monologen und langen Wortkaskaden mit vielen Wiederholungen der Zustand der Welt und die Umst\u00e4nde des eigenen Lebens beklagt, oft auch die eigene Inkonsequenz und die Unf\u00e4higkeit zu klaren Entscheidungen und entschlossenem Handeln, aber immer in einer rhythmisch wunderbaren Sprache, die so voller Kraft, Witz und Energie steckt, dass man sich fragt, ob diese Klagen ernst oder lustig gemeint sind und ob das, was man da liest, eigentlich traurig oder witzig ist.<\/p>\n<p>Gro\u00dfartig und wunderbar zu lesen ist es auf jeden Fall.<\/p>\n<p><img loading=\"lazy\" decoding=\"async\" class=\"alignnone size-full wp-image-2732\" src=\"https:\/\/johannes-fischer.net\/blog\/wp-content\/uploads\/2018\/12\/cover-frost.jpg\" sizes=\"(max-width: 300px) 100vw, 300px\" srcset=\"https:\/\/johannes-fischer.net\/blog\/wp-content\/uploads\/2018\/12\/cover-frost.jpg 300w, https:\/\/johannes-fischer.net\/blog\/wp-content\/uploads\/2018\/12\/cover-frost-189x300.jpg 189w\" alt=\"\" width=\"300\" height=\"477\" \/><br \/>\nThomas Bernhard, <em>Frost<\/em><\/p>\n<ul>\n<li><a href=\"http:\/\/johannes-fischer.net\/blog\/\">Zur\u00fcck zur Webseite,,,<\/a><\/li>\n<\/ul>\n<p><em><strong>Zur Orientierung&#8230;<\/strong><\/em><\/p>\n<p>Dieser Artikel ist Teil eines Quiz&#8217; mit\/\u00fcber Romananf\u00e4nge. 24 Romananf\u00e4nge werden vorgestellt, wer will, kann versuchen, Titel und Autor\/Autorin des Romans zu erraten. Die Links f\u00fchren entweder direkt zum n\u00e4chsten Romananfang oder zu anderen Romananf\u00e4ngen.<\/p>\n<ul>\n<li><a href=\"https:\/\/johannes-fischer.net\/blog\/romananfang-11\/\">Weiter zu Romananfang 11&#8230;<\/a><\/li>\n<li><a href=\"https:\/\/johannes-fischer.net\/blog\/literaturquiz-romananfaenge-einleitung\/\">Literaturquiz Romananf\u00e4nge &#8211; Von Anfang an&#8230;<\/a><\/li>\n<li><a href=\"https:\/\/johannes-fischer.net\/blog\/romananfang-1\/\">Romananfang 1<\/a><\/li>\n<li><a href=\"https:\/\/johannes-fischer.net\/blog\/romananfang-2\/\">Romananfang 2<\/a><\/li>\n<li><a href=\"https:\/\/johannes-fischer.net\/blog\/romananfang-3\/\">Romananfang 3<\/a><\/li>\n<li><a href=\"https:\/\/johannes-fischer.net\/blog\/romananfang-4\/\">Romananfang 4<\/a><\/li>\n<li><a href=\"https:\/\/johannes-fischer.net\/blog\/romananfang-5\/\">Romananfang 5<\/a><\/li>\n<li><a href=\"https:\/\/johannes-fischer.net\/blog\/romananfang-6\/\">Romananfang 6<\/a><\/li>\n<li><a href=\"https:\/\/johannes-fischer.net\/blog\/romananfang-7\/\">Romananfang 7<\/a><\/li>\n<li><a href=\"https:\/\/johannes-fischer.net\/blog\/romananfang-8\/\">Romananfang 8<\/a><\/li>\n<li><a href=\"https:\/\/johannes-fischer.net\/blog\/romananfang-9\/\">Romananfang 9<\/a><\/li>\n<li><a href=\"https:\/\/johannes-fischer.net\/blog\/romananfang-10\">Romananfang 10<\/a><\/li>\n<li><a href=\"https:\/\/johannes-fischer.net\/blog\/romananfang-11\/\">Romananfang 11<\/a><\/li>\n<li><a href=\"https:\/\/johannes-fischer.net\/blog\/romananfang-12\/\">Romananfang 12<\/a><\/li>\n<li><a href=\"https:\/\/johannes-fischer.net\/blog\/romananfang-13\/\">Romananfang 13<\/a><\/li>\n<li><a href=\"https:\/\/johannes-fischer.net\/blog\/romananfang-14\">Romananfang 14<\/a><\/li>\n<li><a href=\"https:\/\/johannes-fischer.net\/blog\/romananfang-15\">Romananfang 15<\/a><\/li>\n<li><a href=\"https:\/\/johannes-fischer.net\/blog\/romananfang-16\/\">Romananfang 16<\/a><\/li>\n<li><a href=\"https:\/\/johannes-fischer.net\/blog\/romananfang-17\/\">Romananfang 17<\/a><\/li>\n<li><a href=\"https:\/\/johannes-fischer.net\/blog\/romananfang-18\/\">Romananfang 18<\/a><\/li>\n<li><a href=\"https:\/\/johannes-fischer.net\/blog\/romananfang-19\/\">Romananfang 19<\/a><\/li>\n<li><a href=\"https:\/\/johannes-fischer.net\/blog\/romananfang-20\/\">Romananfang 20<\/a><\/li>\n<li><a href=\"https:\/\/johannes-fischer.net\/blog\/romananfang-21\/\">Romananfang 21<\/a><\/li>\n<li><a href=\"https:\/\/johannes-fischer.net\/blog\/romananfang-22\/\">Romananfang 22<\/a><\/li>\n<li><a href=\"https:\/\/johannes-fischer.net\/blog\/romananfang-23\/\">Romananfang 23<\/a><\/li>\n<li><a href=\"https:\/\/johannes-fischer.net\/blog\/romananfang-24\/\">Romananfang 24<\/a><\/li>\n<\/ul>\n<p>&nbsp;<\/p>\n<div class='sfsi_Sicons' style='width: 100%; display: inline-block; vertical-align: middle; text-align:left'><div style='margin:0px 8px 0px 0px; line-height: 24px'><span><\/span><\/div><div class='sfsi_socialwpr'><div class='sf_subscrbe' style='text-align:left;vertical-align: middle;float:left;width:64px'><a href=\"http:\/\/www.specificfeeds.com\/widgets\/emailSubscribeEncFeed\/Q0FJU2IrL21rdElzb0J1Mnd4UWp5M2JZMHQ5YXBNTW01ZnhPcUtDWnpWVFVEcEgvdGwvUHQ3R2lnWTEyVjh2WmFlaE1KbEw2YnBuZ3hRMFFqNEZoQWgyNFlqRGZydzNJZEFYS3VPMjhCZVNHbFNuNU5qbXI1OGNjeW8zb1dXVlh8aDdxZGtDYTZTaTNPNTZZcENLZXhwbkF0bTlJWFpwWitxQTAwdHRkU3VOdz0=\/OA==\/\" target=\"_blank\"><img decoding=\"async\" src=\"https:\/\/johannes-fischer.net\/blog\/wp-content\/plugins\/ultimate-social-media-icons\/images\/follow_subscribe.png\" alt=\"error\" \/><\/a><\/div><div class='sf_fb' style='text-align:left;vertical-align: middle;width:98px'><div class=\"fb-like\" data-href=\"https:\/\/johannes-fischer.net\/blog\/romananfang-10-thomas-bernhard-frost\/\" data-width=\"180\" data-send=\"false\" data-show-faces=\"false\"  data-action=\"like\" data-share=\"true\"data-layout=\"button\" ><\/div><\/div><div class='sf_twiter' style='text-align:left;float:left;vertical-align: middle;width:auto'><a href=\"http:\/\/twitter.com\/share\" data-count=\"none\" class=\"sr-twitter-button twitter-share-button\" lang=\"en\" data-url=\"https:\/\/johannes-fischer.net\/blog\/romananfang-10-thomas-bernhard-frost\/\" data-text=\"Romananfang 10 \u2013 Thomas Bernhard &#8220;Frost&#8221;\" ><\/a><\/div><\/div><\/div>","protected":false},"excerpt":{"rendered":"<p>Mit dieser wunderbaren Aufz\u00e4hlung von Scheu\u00dflichkeiten beginnt Frost, der erste, 1963 erschienene, Roman des am 9. Februar 1931 in Heerlen in den Niederlangen geborenen und am 12. Februar 1989 in&hellip; <\/p>\n","protected":false},"author":1,"featured_media":0,"parent":0,"menu_order":0,"comment_status":"open","ping_status":"open","template":"","meta":{"footnotes":""},"_links":{"self":[{"href":"https:\/\/johannes-fischer.net\/blog\/wp-json\/wp\/v2\/pages\/2968"}],"collection":[{"href":"https:\/\/johannes-fischer.net\/blog\/wp-json\/wp\/v2\/pages"}],"about":[{"href":"https:\/\/johannes-fischer.net\/blog\/wp-json\/wp\/v2\/types\/page"}],"author":[{"embeddable":true,"href":"https:\/\/johannes-fischer.net\/blog\/wp-json\/wp\/v2\/users\/1"}],"replies":[{"embeddable":true,"href":"https:\/\/johannes-fischer.net\/blog\/wp-json\/wp\/v2\/comments?post=2968"}],"version-history":[{"count":7,"href":"https:\/\/johannes-fischer.net\/blog\/wp-json\/wp\/v2\/pages\/2968\/revisions"}],"predecessor-version":[{"id":3172,"href":"https:\/\/johannes-fischer.net\/blog\/wp-json\/wp\/v2\/pages\/2968\/revisions\/3172"}],"wp:attachment":[{"href":"https:\/\/johannes-fischer.net\/blog\/wp-json\/wp\/v2\/media?parent=2968"}],"curies":[{"name":"wp","href":"https:\/\/api.w.org\/{rel}","templated":true}]}}