{"id":2964,"date":"2018-12-30T08:53:16","date_gmt":"2018-12-30T07:53:16","guid":{"rendered":"https:\/\/johannes-fischer.net\/blog\/?page_id=2964"},"modified":"2019-01-06T17:38:10","modified_gmt":"2019-01-06T16:38:10","slug":"romananfang-9-thomas-mann-buddenbrooks-verfall-einer-familie","status":"publish","type":"page","link":"https:\/\/johannes-fischer.net\/blog\/romananfang-9-thomas-mann-buddenbrooks-verfall-einer-familie\/","title":{"rendered":"Romananfang 9 &#8211; Thomas Mann, &#8220;Buddenbrooks: Verfall einer Familie&#8221;"},"content":{"rendered":"<p><em>\u201eWas ist das \u2013 Was \u2013 ist das\u2026\u201c <\/em>ist der ber\u00fchmte Anfangssatz der <em>Buddenbrooks<\/em> von Thomas Mann. Thomas Mann wurde am 6. Juni 1875 in L\u00fcbeck geboren und starb am 12. August 1955 in Z\u00fcrich, und <em>Buddenbrooks<\/em> war sein Romandeb\u00fct, f\u00fcr das er 28 Jahre sp\u00e4ter, 1929, den Nobelpreis f\u00fcr Literatur erhielt.<\/p>\n<p>Thomas Mann stand bei den <em>Buddenbrooks<\/em> noch am Anfang seiner Karriere als Schriftsteller, doch er ruhte er sich nach dem Erfolg seines Deb\u00fcts nicht auf seinen fr\u00fch erworbenen literarischen Lorbeeren aus, sondern entwickelte sich mit harter Arbeit und viel Disziplin kontinuierlich weiter, um sich sp\u00e4ter in seinen B\u00fcchern mit gro\u00dfen Werken wie der Bibel (<em>Joseph und seine Br\u00fcder<\/em>) oder Autoren wie Goethe (<em>Lotte in Weimar<\/em>, <em>Dr. Faustus<\/em>) zu messen.<\/p>\n<p><em>Buddenbrooks<\/em> war auch der erste Roman von Thomas Mann, den ich gelesen habe, daf\u00fcr sorgten schon die Schule und meine norddeutsche Herkunft. Und trotz der vielen tausend Seiten Mann, die ich sp\u00e4ter im Studium (zwei Semester <em>Dr. Faustus<\/em>) und aus Begeisterung f\u00fcr dieses wunderbare Deutsch gelesen habe, empfinde ich die <em>Buddenbrooks<\/em> immer noch als Manns sch\u00f6nsten Roman. Hier wirken die legend\u00e4r langen S\u00e4tze leichter und eleganter als in vielen sp\u00e4teren Werken und bei aller distanzierten Ironie sp\u00fcrt man doch stets die Anteilnahme des Autors am Schicksal seiner Figuren.<\/p>\n<p><img loading=\"lazy\" decoding=\"async\" class=\"alignnone size-full wp-image-2723\" src=\"https:\/\/johannes-fischer.net\/blog\/wp-content\/uploads\/2018\/12\/buddenbrooks-cover.jpg\" sizes=\"(max-width: 300px) 100vw, 300px\" srcset=\"https:\/\/johannes-fischer.net\/blog\/wp-content\/uploads\/2018\/12\/buddenbrooks-cover.jpg 300w, https:\/\/johannes-fischer.net\/blog\/wp-content\/uploads\/2018\/12\/buddenbrooks-cover-213x300.jpg 213w\" alt=\"\" width=\"300\" height=\"423\" \/><br \/>\nThomas Mann, <em>Buddenbrooks: Verfall einer Familie<\/em>, 1901 (Das Bild zeigt das Cover der Ausgabe in der Fischer-Taschenbibliothek von 2017)<\/p>\n<p><em><strong>Zur Orientierung&#8230;<\/strong><\/em><\/p>\n<p>Dieser Artikel ist Teil eines Quiz&#8217; mit\/\u00fcber Romananf\u00e4nge. 24 Romananf\u00e4nge werden vorgestellt, wer will, kann versuchen, Titel und Autor\/Autorin des Romans zu erraten. Die Links f\u00fchren entweder direkt zum n\u00e4chsten Romananfang oder zu anderen Romananf\u00e4ngen.<\/p>\n<ul>\n<li>Weiter zu <a href=\"https:\/\/johannes-fischer.net\/blog\/romananfang-10\/\">Romananfang 10<\/a><\/li>\n<li><a href=\"https:\/\/johannes-fischer.net\/blog\/literaturquiz-romananfaenge-einleitung\/\">Literaturquiz Romananf\u00e4nge &#8211; Von Anfang an&#8230;<\/a><\/li>\n<li><a href=\"https:\/\/johannes-fischer.net\/blog\/romananfang-1\/\">Romananfang 1<\/a><\/li>\n<li><a href=\"https:\/\/johannes-fischer.net\/blog\/romananfang-2\/\">Romananfang 2<\/a><\/li>\n<li><a href=\"https:\/\/johannes-fischer.net\/blog\/romananfang-3\/\">Romananfang 3<\/a><\/li>\n<li><a href=\"https:\/\/johannes-fischer.net\/blog\/romananfang-4\/\">Romananfang 4<\/a><\/li>\n<li><a href=\"https:\/\/johannes-fischer.net\/blog\/romananfang-5\/\">Romananfang 5<\/a><\/li>\n<li><a href=\"https:\/\/johannes-fischer.net\/blog\/romananfang-6\/\">Romananfang 6<\/a><\/li>\n<li><a href=\"https:\/\/johannes-fischer.net\/blog\/romananfang-7\/\">Romananfang 7<\/a><\/li>\n<li><a href=\"https:\/\/johannes-fischer.net\/blog\/romananfang-8\/\">Romananfang 8<\/a><\/li>\n<li><a href=\"https:\/\/johannes-fischer.net\/blog\/romananfang-9\/\">Romananfang 9<\/a><\/li>\n<li><a href=\"https:\/\/johannes-fischer.net\/blog\/romananfang-10\">Romananfang 10<\/a><\/li>\n<li><a href=\"https:\/\/johannes-fischer.net\/blog\/romananfang-11\/\">Romananfang 11<\/a><\/li>\n<li><a href=\"https:\/\/johannes-fischer.net\/blog\/romananfang-12\/\">Romananfang 12<\/a><\/li>\n<li><a href=\"https:\/\/johannes-fischer.net\/blog\/romananfang-13\/\">Romananfang 13<\/a><\/li>\n<li><a href=\"https:\/\/johannes-fischer.net\/blog\/romananfang-14\">Romananfang 14<\/a><\/li>\n<li><a href=\"https:\/\/johannes-fischer.net\/blog\/romananfang-15\">Romananfang 15<\/a><\/li>\n<li><a href=\"https:\/\/johannes-fischer.net\/blog\/romananfang-16\/\">Romananfang 16<\/a><\/li>\n<li><a href=\"https:\/\/johannes-fischer.net\/blog\/romananfang-17\/\">Romananfang 17<\/a><\/li>\n<li><a href=\"https:\/\/johannes-fischer.net\/blog\/romananfang-18\/\">Romananfang 18<\/a><\/li>\n<li><a href=\"https:\/\/johannes-fischer.net\/blog\/romananfang-19\/\">Romananfang 19<\/a><\/li>\n<li><a href=\"https:\/\/johannes-fischer.net\/blog\/romananfang-20\/\">Romananfang 20<\/a><\/li>\n<li><a href=\"https:\/\/johannes-fischer.net\/blog\/romananfang-21\/\">Romananfang 21<\/a><\/li>\n<li><a href=\"https:\/\/johannes-fischer.net\/blog\/romananfang-22\/\">Romananfang 22<\/a><\/li>\n<li><a href=\"https:\/\/johannes-fischer.net\/blog\/romananfang-23\/\">Romananfang 23<\/a><\/li>\n<li><a href=\"https:\/\/johannes-fischer.net\/blog\/romananfang-24\/\">Romananfang 24<\/a><\/li>\n<\/ul>\n<div class='sfsi_Sicons' style='width: 100%; display: inline-block; vertical-align: middle; text-align:left'><div style='margin:0px 8px 0px 0px; line-height: 24px'><span><\/span><\/div><div class='sfsi_socialwpr'><div class='sf_subscrbe' style='text-align:left;vertical-align: middle;float:left;width:64px'><a href=\"http:\/\/www.specificfeeds.com\/widgets\/emailSubscribeEncFeed\/Q0FJU2IrL21rdElzb0J1Mnd4UWp5M2JZMHQ5YXBNTW01ZnhPcUtDWnpWVFVEcEgvdGwvUHQ3R2lnWTEyVjh2WmFlaE1KbEw2YnBuZ3hRMFFqNEZoQWgyNFlqRGZydzNJZEFYS3VPMjhCZVNHbFNuNU5qbXI1OGNjeW8zb1dXVlh8aDdxZGtDYTZTaTNPNTZZcENLZXhwbkF0bTlJWFpwWitxQTAwdHRkU3VOdz0=\/OA==\/\" target=\"_blank\"><img decoding=\"async\" src=\"https:\/\/johannes-fischer.net\/blog\/wp-content\/plugins\/ultimate-social-media-icons\/images\/follow_subscribe.png\" alt=\"error\" \/><\/a><\/div><div class='sf_fb' style='text-align:left;vertical-align: middle;width:98px'><div class=\"fb-like\" data-href=\"https:\/\/johannes-fischer.net\/blog\/romananfang-9-thomas-mann-buddenbrooks-verfall-einer-familie\/\" data-width=\"180\" data-send=\"false\" data-show-faces=\"false\"  data-action=\"like\" data-share=\"true\"data-layout=\"button\" ><\/div><\/div><div class='sf_twiter' style='text-align:left;float:left;vertical-align: middle;width:auto'><a href=\"http:\/\/twitter.com\/share\" data-count=\"none\" class=\"sr-twitter-button twitter-share-button\" lang=\"en\" data-url=\"https:\/\/johannes-fischer.net\/blog\/romananfang-9-thomas-mann-buddenbrooks-verfall-einer-familie\/\" data-text=\"Romananfang 9 &#8211; Thomas Mann, &#8220;Buddenbrooks: Verfall einer Familie&#8221;\" ><\/a><\/div><\/div><\/div>","protected":false},"excerpt":{"rendered":"<p>\u201eWas ist das \u2013 Was \u2013 ist das\u2026\u201c ist der ber\u00fchmte Anfangssatz der Buddenbrooks von Thomas Mann. Thomas Mann wurde am 6. Juni 1875 in L\u00fcbeck geboren und starb am&hellip; <\/p>\n","protected":false},"author":1,"featured_media":0,"parent":0,"menu_order":0,"comment_status":"open","ping_status":"open","template":"","meta":{"footnotes":""},"_links":{"self":[{"href":"https:\/\/johannes-fischer.net\/blog\/wp-json\/wp\/v2\/pages\/2964"}],"collection":[{"href":"https:\/\/johannes-fischer.net\/blog\/wp-json\/wp\/v2\/pages"}],"about":[{"href":"https:\/\/johannes-fischer.net\/blog\/wp-json\/wp\/v2\/types\/page"}],"author":[{"embeddable":true,"href":"https:\/\/johannes-fischer.net\/blog\/wp-json\/wp\/v2\/users\/1"}],"replies":[{"embeddable":true,"href":"https:\/\/johannes-fischer.net\/blog\/wp-json\/wp\/v2\/comments?post=2964"}],"version-history":[{"count":5,"href":"https:\/\/johannes-fischer.net\/blog\/wp-json\/wp\/v2\/pages\/2964\/revisions"}],"predecessor-version":[{"id":3203,"href":"https:\/\/johannes-fischer.net\/blog\/wp-json\/wp\/v2\/pages\/2964\/revisions\/3203"}],"wp:attachment":[{"href":"https:\/\/johannes-fischer.net\/blog\/wp-json\/wp\/v2\/media?parent=2964"}],"curies":[{"name":"wp","href":"https:\/\/api.w.org\/{rel}","templated":true}]}}