{"id":2962,"date":"2018-12-30T08:51:04","date_gmt":"2018-12-30T07:51:04","guid":{"rendered":"https:\/\/johannes-fischer.net\/blog\/?page_id=2962"},"modified":"2018-12-30T08:53:54","modified_gmt":"2018-12-30T07:53:54","slug":"romananfang-9","status":"publish","type":"page","link":"https:\/\/johannes-fischer.net\/blog\/romananfang-9\/","title":{"rendered":"Romananfang 9"},"content":{"rendered":"<p>\u201eWas ist das \u2013 Was \u2013 ist das&#8230;\u201c<br \/>\n\u201eJe, den D\u00fcwel ook, c&#8217;est la question, ma tr\u00e8s ch\u00e8re demoiselle!\u201c<br \/>\nDie Konsulin &#8230;, neben ihrer Schwiegermutter auf dem geradlinigen, wei\u00df lackierten und mit einem goldenen L\u00f6wenkopf verzierten Sofa, dessen Polster hellgelb \u00fcberzogen waren, warf einen Blick auf ihren Gatten, der in einem Armsessel bei ihr sa\u00df, und kam ihrer kleinen Tochter zu Hilfe, die der Gro\u00dfvater am Fenster auf den Knien hielt. \u201eTony!\u201c sagte sie, \u201eich glaube, da\u00df mich Gott\u201c \u2013 Und die kleine Antonie, achtj\u00e4hrig und zartgebaut, in einem Kleidchen aus ganz leichter changierender Seide, den h\u00fcbschen Blondkopf ein wenig vom Gesichte des Gro\u00dfvaters abgewandt, blickte aus ihren graublauen Augen angestrengt nachdenkend und ohne etwas zu sehen ins Zimmer hinein, wiederholte noch einmal: \u201eWas ist das.\u201c<\/p>\n<p><em>Nach Ausfl\u00fcgen in die Welt des Schachs und in die Zeit der australischen Strafgefangenen dieses Mal wieder ein Klassiker. Welcher (sehr) bekannte deutsche Roman f\u00e4ngt mit dieser Familienszene an und wer hat ihn geschrieben?<\/em><\/p>\n<p><a href=\"https:\/\/johannes-fischer.net\/blog\/romananfang-9-thomas-mann-buddenbrooks-verfall-einer-familie\/\">Antwort&#8230;<\/a><\/p>\n<div class='sfsi_Sicons' style='width: 100%; display: inline-block; vertical-align: middle; text-align:left'><div style='margin:0px 8px 0px 0px; line-height: 24px'><span><\/span><\/div><div class='sfsi_socialwpr'><div class='sf_subscrbe' style='text-align:left;vertical-align: middle;float:left;width:64px'><a href=\"http:\/\/www.specificfeeds.com\/widgets\/emailSubscribeEncFeed\/Q0FJU2IrL21rdElzb0J1Mnd4UWp5M2JZMHQ5YXBNTW01ZnhPcUtDWnpWVFVEcEgvdGwvUHQ3R2lnWTEyVjh2WmFlaE1KbEw2YnBuZ3hRMFFqNEZoQWgyNFlqRGZydzNJZEFYS3VPMjhCZVNHbFNuNU5qbXI1OGNjeW8zb1dXVlh8aDdxZGtDYTZTaTNPNTZZcENLZXhwbkF0bTlJWFpwWitxQTAwdHRkU3VOdz0=\/OA==\/\" target=\"_blank\"><img decoding=\"async\" src=\"https:\/\/johannes-fischer.net\/blog\/wp-content\/plugins\/ultimate-social-media-icons\/images\/follow_subscribe.png\" alt=\"error\" \/><\/a><\/div><div class='sf_fb' style='text-align:left;vertical-align: middle;width:98px'><div class=\"fb-like\" data-href=\"https:\/\/johannes-fischer.net\/blog\/romananfang-9\/\" data-width=\"180\" data-send=\"false\" data-show-faces=\"false\"  data-action=\"like\" data-share=\"true\"data-layout=\"button\" ><\/div><\/div><div class='sf_twiter' style='text-align:left;float:left;vertical-align: middle;width:auto'><a href=\"http:\/\/twitter.com\/share\" data-count=\"none\" class=\"sr-twitter-button twitter-share-button\" lang=\"en\" data-url=\"https:\/\/johannes-fischer.net\/blog\/romananfang-9\/\" data-text=\"Romananfang 9\" ><\/a><\/div><\/div><\/div>","protected":false},"excerpt":{"rendered":"<p>\u201eWas ist das \u2013 Was \u2013 ist das&#8230;\u201c \u201eJe, den D\u00fcwel ook, c&#8217;est la question, ma tr\u00e8s ch\u00e8re demoiselle!\u201c Die Konsulin &#8230;, neben ihrer Schwiegermutter auf dem geradlinigen, wei\u00df lackierten&hellip; <\/p>\n","protected":false},"author":1,"featured_media":0,"parent":0,"menu_order":0,"comment_status":"open","ping_status":"open","template":"","meta":{"footnotes":""},"_links":{"self":[{"href":"https:\/\/johannes-fischer.net\/blog\/wp-json\/wp\/v2\/pages\/2962"}],"collection":[{"href":"https:\/\/johannes-fischer.net\/blog\/wp-json\/wp\/v2\/pages"}],"about":[{"href":"https:\/\/johannes-fischer.net\/blog\/wp-json\/wp\/v2\/types\/page"}],"author":[{"embeddable":true,"href":"https:\/\/johannes-fischer.net\/blog\/wp-json\/wp\/v2\/users\/1"}],"replies":[{"embeddable":true,"href":"https:\/\/johannes-fischer.net\/blog\/wp-json\/wp\/v2\/comments?post=2962"}],"version-history":[{"count":3,"href":"https:\/\/johannes-fischer.net\/blog\/wp-json\/wp\/v2\/pages\/2962\/revisions"}],"predecessor-version":[{"id":3058,"href":"https:\/\/johannes-fischer.net\/blog\/wp-json\/wp\/v2\/pages\/2962\/revisions\/3058"}],"wp:attachment":[{"href":"https:\/\/johannes-fischer.net\/blog\/wp-json\/wp\/v2\/media?parent=2962"}],"curies":[{"name":"wp","href":"https:\/\/api.w.org\/{rel}","templated":true}]}}