{"id":2958,"date":"2018-12-30T08:42:26","date_gmt":"2018-12-30T07:42:26","guid":{"rendered":"https:\/\/johannes-fischer.net\/blog\/?page_id=2958"},"modified":"2018-12-30T08:50:06","modified_gmt":"2018-12-30T07:50:06","slug":"romananfang-8","status":"publish","type":"page","link":"https:\/\/johannes-fischer.net\/blog\/romananfang-8\/","title":{"rendered":"Romananfang 8"},"content":{"rendered":"<!-- \/wp:image -->\r\n\r\n<!-- wp:paragraph -->\r\n<p>Fast ein ganzes Jahr lang hatte die Alexander sich mit ihrer Str\u00e4flingsfracht durch die Wellen des Ozeans gek\u00e4mpft, jetzt war sie am Ende der Welt angekommen. Es gab kein Schloss an der T\u00fcr der H\u00fctte, in der William Thornhill, deportiert im Jahre des Herrn 1806 f\u00fcr die Dauer seines nat\u00fcrlichen Lebens, seine erste Nacht in der Strafkolonie Seiner Majest\u00e4t in Neus\u00fcdwales verbrachte. Genau genommen gab es auch nichts, das die Bezeichnung T\u00fcr oder Wand verdient h\u00e4tte, nur ein Geflecht aus St\u00f6cken und Lehm und vor der T\u00fcr\u00f6ffnung einen Lappen aus Baumrinde. Schl\u00f6sser, T\u00fcren, W\u00e4nde, das alles wurde hier nicht gebraucht. In diesem Gef\u00e4ngnis bestanden die Gitter aus Tausenden und Abertausenden Meilen Wasser.<\/p>\r\n<!-- \/wp:paragraph -->\r\n\r\n<!-- wp:paragraph -->\r\n<p><em>Klar, hier geht es um australische Geschichte und die Zeit Australiens als englische Strafkolonie. Aber welcher Roman beschreibt das Schicksal des Strafgefangenen William Thornhill? Und wer hat ihn geschrieben?<\/em><\/p>\r\n<p>Die Antwort &#8211; und einen kleinen Ausflug in die Geschichte Australiens &#8211; gibt es <a href=\"https:\/\/johannes-fischer.net\/blog\/romananfang-8-kate-grenville-the-secret-river\/\">hier&#8230;<\/a><\/p><div class='sfsi_Sicons' style='width: 100%; display: inline-block; vertical-align: middle; text-align:left'><div style='margin:0px 8px 0px 0px; line-height: 24px'><span><\/span><\/div><div class='sfsi_socialwpr'><div class='sf_subscrbe' style='text-align:left;vertical-align: middle;float:left;width:64px'><a href=\"http:\/\/www.specificfeeds.com\/widgets\/emailSubscribeEncFeed\/Q0FJU2IrL21rdElzb0J1Mnd4UWp5M2JZMHQ5YXBNTW01ZnhPcUtDWnpWVFVEcEgvdGwvUHQ3R2lnWTEyVjh2WmFlaE1KbEw2YnBuZ3hRMFFqNEZoQWgyNFlqRGZydzNJZEFYS3VPMjhCZVNHbFNuNU5qbXI1OGNjeW8zb1dXVlh8aDdxZGtDYTZTaTNPNTZZcENLZXhwbkF0bTlJWFpwWitxQTAwdHRkU3VOdz0=\/OA==\/\" target=\"_blank\"><img decoding=\"async\" src=\"https:\/\/johannes-fischer.net\/blog\/wp-content\/plugins\/ultimate-social-media-icons\/images\/follow_subscribe.png\" alt=\"error\" \/><\/a><\/div><div class='sf_fb' style='text-align:left;vertical-align: middle;width:98px'><div class=\"fb-like\" data-href=\"https:\/\/johannes-fischer.net\/blog\/romananfang-8\/\" data-width=\"180\" data-send=\"false\" data-show-faces=\"false\"  data-action=\"like\" data-share=\"true\"data-layout=\"button\" ><\/div><\/div><div class='sf_twiter' style='text-align:left;float:left;vertical-align: middle;width:auto'><a href=\"http:\/\/twitter.com\/share\" data-count=\"none\" class=\"sr-twitter-button twitter-share-button\" lang=\"en\" data-url=\"https:\/\/johannes-fischer.net\/blog\/romananfang-8\/\" data-text=\"Romananfang 8\" ><\/a><\/div><\/div><\/div>","protected":false},"excerpt":{"rendered":"<p>Fast ein ganzes Jahr lang hatte die Alexander sich mit ihrer Str\u00e4flingsfracht durch die Wellen des Ozeans gek\u00e4mpft, jetzt war sie am Ende der Welt angekommen. Es gab kein Schloss&hellip; <\/p>\n","protected":false},"author":1,"featured_media":0,"parent":0,"menu_order":0,"comment_status":"open","ping_status":"open","template":"","meta":{"footnotes":""},"_links":{"self":[{"href":"https:\/\/johannes-fischer.net\/blog\/wp-json\/wp\/v2\/pages\/2958"}],"collection":[{"href":"https:\/\/johannes-fischer.net\/blog\/wp-json\/wp\/v2\/pages"}],"about":[{"href":"https:\/\/johannes-fischer.net\/blog\/wp-json\/wp\/v2\/types\/page"}],"author":[{"embeddable":true,"href":"https:\/\/johannes-fischer.net\/blog\/wp-json\/wp\/v2\/users\/1"}],"replies":[{"embeddable":true,"href":"https:\/\/johannes-fischer.net\/blog\/wp-json\/wp\/v2\/comments?post=2958"}],"version-history":[{"count":3,"href":"https:\/\/johannes-fischer.net\/blog\/wp-json\/wp\/v2\/pages\/2958\/revisions"}],"predecessor-version":[{"id":3054,"href":"https:\/\/johannes-fischer.net\/blog\/wp-json\/wp\/v2\/pages\/2958\/revisions\/3054"}],"wp:attachment":[{"href":"https:\/\/johannes-fischer.net\/blog\/wp-json\/wp\/v2\/media?parent=2958"}],"curies":[{"name":"wp","href":"https:\/\/api.w.org\/{rel}","templated":true}]}}