{"id":2951,"date":"2018-12-30T08:37:18","date_gmt":"2018-12-30T07:37:18","guid":{"rendered":"https:\/\/johannes-fischer.net\/blog\/?page_id=2951"},"modified":"2018-12-30T11:13:50","modified_gmt":"2018-12-30T10:13:50","slug":"romananfang-6-robert-louis-stevenson-die-schatzinsel","status":"publish","type":"page","link":"https:\/\/johannes-fischer.net\/blog\/romananfang-6-robert-louis-stevenson-die-schatzinsel\/","title":{"rendered":"Romananfang 6 \u2013 Robert Louis Stevenson, &#8220;Die Schatzinsel&#8221;"},"content":{"rendered":"<p>Ja, das ist der Auftakt zu einem klassischen Abenteuerroman \u2013 Robert Louis Stevensons (13. November 1850 bis 3. Dezember 1894) <em>Schatzinsel<\/em>. Mit Piraten, Schatzsuche, skrupellosen Schurken, hinterh\u00e4ltigem Verrat, gef\u00e4hrlichen Abenteuern und einem jungen, naiven, unschuldigen Helden. Eine gute Mischung f\u00fcr einen Bestseller.<\/p>\n<p><em>Treasure Island<\/em>, wie der Roman im Original hei\u00dft, erschien zun\u00e4chst vom 1. Oktober 1881 bis zum 28. Januar 1882 als Fortsetzungsroman in der Zeitschrift <em>Young Folks<\/em>, die Buchausgabe folgte 1883, die erste deutsche \u00dcbersetzung kam 1897. Seitdem wurde <em>Treasure Island<\/em> immer wieder neu \u00fcbersetzt und erschien in immer neuen Ausgaben. Man machte H\u00f6rspiele, Theaterst\u00fccke, Comics und in letzter Zeit auch Computerspiele aus dem Buch, verfilmt wurde es sowieso, das erste Mal 1912, zuletzt 2012.<\/p>\n<p>Nat\u00fcrlich ist <em>Die Schatzinsel<\/em> kein moderner Roman mit gebrochenen Helden oder postmodernen Reflektionen \u00fcber die Kunst des Erz\u00e4hlens, aber das Altmodische dieses Romans macht seinen Reiz aus. Denn gleich zu Beginn, mit dem Verweis auf die Abenteuer, die noch kommen werden und dem Portr\u00e4t des Seemanns, zeigt Stevenson, dass er wei\u00df, wie man Spannung erzeugt, und dass er genau beobachten und beschreiben kann. Damit verspricht der Anfang der <em>Schatzinsel<\/em> etwas, was die Menschen schon immer gesch\u00e4tzt haben: eine spannende, gut geschriebene Geschichte voller Spannung und Abenteuer. Dieses Versprechen h\u00e4lt der Roman, zuverl\u00e4ssig, immer wieder, erfolgreich, und schon seit mehr als hundert Jahren.<\/p>\n<p><img loading=\"lazy\" decoding=\"async\" class=\"alignnone size-full wp-image-2667\" src=\"https:\/\/johannes-fischer.net\/blog\/wp-content\/uploads\/2018\/12\/die-schatzinsel-cover-300.jpg\" sizes=\"(max-width: 300px) 100vw, 300px\" srcset=\"https:\/\/johannes-fischer.net\/blog\/wp-content\/uploads\/2018\/12\/die-schatzinsel-cover-300.jpg 300w, https:\/\/johannes-fischer.net\/blog\/wp-content\/uploads\/2018\/12\/die-schatzinsel-cover-300-207x300.jpg 207w\" alt=\"\" width=\"300\" height=\"435\" \/><br \/>\nRobert Louis Stevenson, <em>Die Schatzinsel<\/em><\/p>\n<ul>\n<li><a href=\"http:\/\/johannes-fischer.net\/blog\/\">Zur\u00fcck zur Webseite&#8230;<\/a><\/li>\n<li><a href=\"https:\/\/johannes-fischer.net\/blog\/romananfang-7\/\">Weiter zu Romananfang 7&#8230;<\/a><\/li>\n<li><a href=\"https:\/\/johannes-fischer.net\/blog\/literaturquiz-romananfaenge-einleitung\/\">Literaturquiz Romananf\u00e4nge &#8211; Von Anfang an&#8230;<\/a><\/li>\n<\/ul>\n<div class='sfsi_Sicons' style='width: 100%; display: inline-block; vertical-align: middle; text-align:left'><div style='margin:0px 8px 0px 0px; line-height: 24px'><span><\/span><\/div><div class='sfsi_socialwpr'><div class='sf_subscrbe' style='text-align:left;vertical-align: middle;float:left;width:64px'><a href=\"http:\/\/www.specificfeeds.com\/widgets\/emailSubscribeEncFeed\/Q0FJU2IrL21rdElzb0J1Mnd4UWp5M2JZMHQ5YXBNTW01ZnhPcUtDWnpWVFVEcEgvdGwvUHQ3R2lnWTEyVjh2WmFlaE1KbEw2YnBuZ3hRMFFqNEZoQWgyNFlqRGZydzNJZEFYS3VPMjhCZVNHbFNuNU5qbXI1OGNjeW8zb1dXVlh8aDdxZGtDYTZTaTNPNTZZcENLZXhwbkF0bTlJWFpwWitxQTAwdHRkU3VOdz0=\/OA==\/\" target=\"_blank\"><img decoding=\"async\" src=\"https:\/\/johannes-fischer.net\/blog\/wp-content\/plugins\/ultimate-social-media-icons\/images\/follow_subscribe.png\" alt=\"error\" \/><\/a><\/div><div class='sf_fb' style='text-align:left;vertical-align: middle;width:98px'><div class=\"fb-like\" data-href=\"https:\/\/johannes-fischer.net\/blog\/romananfang-6-robert-louis-stevenson-die-schatzinsel\/\" data-width=\"180\" data-send=\"false\" data-show-faces=\"false\"  data-action=\"like\" data-share=\"true\"data-layout=\"button\" ><\/div><\/div><div class='sf_twiter' style='text-align:left;float:left;vertical-align: middle;width:auto'><a href=\"http:\/\/twitter.com\/share\" data-count=\"none\" class=\"sr-twitter-button twitter-share-button\" lang=\"en\" data-url=\"https:\/\/johannes-fischer.net\/blog\/romananfang-6-robert-louis-stevenson-die-schatzinsel\/\" data-text=\"Romananfang 6 \u2013 Robert Louis Stevenson, &#8220;Die Schatzinsel&#8221;\" ><\/a><\/div><\/div><\/div>","protected":false},"excerpt":{"rendered":"<p>Ja, das ist der Auftakt zu einem klassischen Abenteuerroman \u2013 Robert Louis Stevensons (13. November 1850 bis 3. Dezember 1894) Schatzinsel. Mit Piraten, Schatzsuche, skrupellosen Schurken, hinterh\u00e4ltigem Verrat, gef\u00e4hrlichen Abenteuern&hellip; <\/p>\n","protected":false},"author":1,"featured_media":0,"parent":0,"menu_order":0,"comment_status":"open","ping_status":"open","template":"","meta":{"footnotes":""},"_links":{"self":[{"href":"https:\/\/johannes-fischer.net\/blog\/wp-json\/wp\/v2\/pages\/2951"}],"collection":[{"href":"https:\/\/johannes-fischer.net\/blog\/wp-json\/wp\/v2\/pages"}],"about":[{"href":"https:\/\/johannes-fischer.net\/blog\/wp-json\/wp\/v2\/types\/page"}],"author":[{"embeddable":true,"href":"https:\/\/johannes-fischer.net\/blog\/wp-json\/wp\/v2\/users\/1"}],"replies":[{"embeddable":true,"href":"https:\/\/johannes-fischer.net\/blog\/wp-json\/wp\/v2\/comments?post=2951"}],"version-history":[{"count":3,"href":"https:\/\/johannes-fischer.net\/blog\/wp-json\/wp\/v2\/pages\/2951\/revisions"}],"predecessor-version":[{"id":3128,"href":"https:\/\/johannes-fischer.net\/blog\/wp-json\/wp\/v2\/pages\/2951\/revisions\/3128"}],"wp:attachment":[{"href":"https:\/\/johannes-fischer.net\/blog\/wp-json\/wp\/v2\/media?parent=2951"}],"curies":[{"name":"wp","href":"https:\/\/api.w.org\/{rel}","templated":true}]}}