{"id":2943,"date":"2018-12-30T08:28:03","date_gmt":"2018-12-30T07:28:03","guid":{"rendered":"https:\/\/johannes-fischer.net\/blog\/?page_id=2943"},"modified":"2019-01-06T17:34:00","modified_gmt":"2019-01-06T16:34:00","slug":"romananfang-4-italo-calvino-wenn-ein-reisender-in-einer-winternacht","status":"publish","type":"page","link":"https:\/\/johannes-fischer.net\/blog\/romananfang-4-italo-calvino-wenn-ein-reisender-in-einer-winternacht\/","title":{"rendered":"Romananfang 4 \u2013 Italo Calvino, &#8220;Wenn ein Reisender in einer Winternacht&#8221;"},"content":{"rendered":"<p>Der Roman <em>Wenn ein Reisender in einer Winternacht<\/em> des italienischen Autors Italo Calvino (1923 bis 1985) beginnt mit einem literarischen Spiel, einem Verweis auf das eigene Buch und der direkten Ansprache des Lesers oder der Leserin. Auch im weiteren Verlauf der Handlung bleibt <em>der Leser<\/em> die Hauptfigur des Buches. Schon das macht <em>Wenn ein Reisender in einer Winternacht<\/em> ungew\u00f6hnlich und zu einem der seltenen Romane, die in der \u201eDu-Form\u201c oder, grammatikalisch vornehmer, in der zweiten Person Singular geschrieben sind.<\/p>\n<p>Den<em> Leser<\/em> zur Hauptfigur des eigenen Romans zu machen, ist jedoch nur eines der vielen literarischen Kabinettst\u00fcckchen Calvinos, mit denen er \u00fcber das Erz\u00e4hlen, die Literatur und das Lesen philosophiert. Dazu geh\u00f6rt auch die Form des Romans: Er besteht aus zehn miteinander verkn\u00fcpften Geschichten, von denen aber keine zu Ende erz\u00e4hlt wird. Wenn sie spannend werden, bricht der Autor die Geschichten ab und f\u00e4ngt mit einer neuen an, die bald darauf das gleiche Schicksal ereilt.<\/p>\n<p>Eine Geschichte in <em>Wenn ein Reisender in einer Winternacht<\/em> hat jedoch ein Happy End. Die Liebesgeschichte zwischen der Du-Figur, dem <em>Leser,<\/em> und Ludmilla, die der <em>Leser<\/em> in einer Buchhandlung kennengelernt hat, in die er gegangen ist, um zu erfahren, wie der von ihm angefangene Roman <em>Wenn ein Reisender in einer Winternacht<\/em> von Italo Calvino, der so pl\u00f6tzlich abbrach, eigentlich weiter geht. Doch auch das Happy End zwischen <em>dem Leser<\/em> und Ludmilla am Ende des Romans wird zu einem Spiel mit der Fiktion und einem Spiel mit Leser und Leserin:<\/p>\n<blockquote><p>\u201eLeser und Leserin, nun seid ihr Mann und Frau. Ein gro\u00dfes Ehebett empf\u00e4ngt eure parallelen Lekt\u00fcren. Ludmilla klappt ihr Buch zu, macht ihr Licht aus, legt ihren Kopf auf das Kissen, sagt: ,Mach du auch aus. Bist du nicht lesem\u00fcde?\u2019 Und du: ,Einen Moment noch. Ich beende grad <em>Wenn ein Reisender in einer Winternacht<\/em> von Italo Calvino.\u2019\u201c<\/p><\/blockquote>\n<p>Seine eigenwillige Form, die vielen literarischen Anspielungen, Parodien und Zitate, die bunte Mischung aus unterschiedlichen Genres und Stilen und nicht zuletzt der fortgesetzte Hinweis darauf, dass die im Roman pr\u00e4sentierte Fiktion Fiktion ist, machen <em>Wenn ein Reisender in einer Winternacht<\/em> zu einem klassischen postmodernen Roman.<\/p>\n<p>So habe ich den Roman auch w\u00e4hrend meines Anglistik-Studiums in Frankfurt gelesen, als die Postmoderne noch sehr modern war, und ich habe mich damals auch wunderbar am\u00fcsiert. Heute wirken die vielen literarischen Kunstst\u00fcckchen des Romans nicht mehr ganz so modern, aber die Frische, die spielerische Leichtigkeit, die Lebendigkeit und die Intelligenz, mit der Calvino \u00fcber die Faszination von Erz\u00e4hlungen und Literatur und die Lust am Lesen nachdenkt, haben immer noch gewinnenden Charme.<\/p>\n<p><img loading=\"lazy\" decoding=\"async\" class=\"alignnone size-full wp-image-2643\" src=\"https:\/\/johannes-fischer.net\/blog\/wp-content\/uploads\/2018\/12\/italo-calvino-wenn-ein-reisender-in-einer-winternacht-cover.jpg\" sizes=\"(max-width: 300px) 100vw, 300px\" srcset=\"https:\/\/johannes-fischer.net\/blog\/wp-content\/uploads\/2018\/12\/italo-calvino-wenn-ein-reisender-in-einer-winternacht-cover.jpg 300w, https:\/\/johannes-fischer.net\/blog\/wp-content\/uploads\/2018\/12\/italo-calvino-wenn-ein-reisender-in-einer-winternacht-cover-189x300.jpg 189w\" alt=\"\" width=\"300\" height=\"477\" \/><br \/>\nItalo Calvino, <em>Wenn ein Reisender in einer Winternacht<\/em>. Das italienische Original erschien 1979, die deutsche \u00dcbersetzung 1983.<\/p>\n<ul>\n<li><em><strong>Zur Orientierung&#8230;<\/strong><\/em>\n<p>Dieser Artikel ist Teil eines Quiz&#8217; mit\/\u00fcber Romananf\u00e4nge. 24 Romananf\u00e4nge werden vorgestellt, wer will, kann versuchen, Titel und Autor\/Autorin des Romans zu erraten. Die Links f\u00fchren entweder direkt zum n\u00e4chsten Romananfang oder zu anderen Romananf\u00e4ngen.<\/p>\n<ul>\n<li>Weiter zu <a href=\"https:\/\/johannes-fischer.net\/blog\/romananfang-5\/\">Romananfang 5<\/a><\/li>\n<li><a href=\"https:\/\/johannes-fischer.net\/blog\/literaturquiz-romananfaenge-einleitung\/\">Literaturquiz Romananf\u00e4nge &#8211; Von Anfang an&#8230;<\/a><\/li>\n<li><a href=\"https:\/\/johannes-fischer.net\/blog\/romananfang-1\/\">Romananfang 1<\/a><\/li>\n<li><a href=\"https:\/\/johannes-fischer.net\/blog\/romananfang-2\/\">Romananfang 2<\/a><\/li>\n<li><a href=\"https:\/\/johannes-fischer.net\/blog\/romananfang-3\/\">Romananfang 3<\/a><\/li>\n<li><a href=\"https:\/\/johannes-fischer.net\/blog\/romananfang-4\/\">Romananfang 4<\/a><\/li>\n<li><a href=\"https:\/\/johannes-fischer.net\/blog\/romananfang-5\/\">Romananfang 5<\/a><\/li>\n<li><a href=\"https:\/\/johannes-fischer.net\/blog\/romananfang-6\/\">Romananfang 6<\/a><\/li>\n<li><a href=\"https:\/\/johannes-fischer.net\/blog\/romananfang-7\/\">Romananfang 7<\/a><\/li>\n<li><a href=\"https:\/\/johannes-fischer.net\/blog\/romananfang-8\/\">Romananfang 8<\/a><\/li>\n<li><a href=\"https:\/\/johannes-fischer.net\/blog\/romananfang-9\/\">Romananfang 9<\/a><\/li>\n<li><a href=\"https:\/\/johannes-fischer.net\/blog\/romananfang-10\">Romananfang 10<\/a><\/li>\n<li><a href=\"https:\/\/johannes-fischer.net\/blog\/romananfang-11\/\">Romananfang 11<\/a><\/li>\n<li><a href=\"https:\/\/johannes-fischer.net\/blog\/romananfang-12\/\">Romananfang 12<\/a><\/li>\n<li><a href=\"https:\/\/johannes-fischer.net\/blog\/romananfang-13\/\">Romananfang 13<\/a><\/li>\n<li><a href=\"https:\/\/johannes-fischer.net\/blog\/romananfang-14\">Romananfang 14<\/a><\/li>\n<li><a href=\"https:\/\/johannes-fischer.net\/blog\/romananfang-15\">Romananfang 15<\/a><\/li>\n<li><a href=\"https:\/\/johannes-fischer.net\/blog\/romananfang-16\/\">Romananfang 16<\/a><\/li>\n<li><a href=\"https:\/\/johannes-fischer.net\/blog\/romananfang-17\/\">Romananfang 17<\/a><\/li>\n<li><a href=\"https:\/\/johannes-fischer.net\/blog\/romananfang-18\/\">Romananfang 18<\/a><\/li>\n<li><a href=\"https:\/\/johannes-fischer.net\/blog\/romananfang-19\/\">Romananfang 19<\/a><\/li>\n<li><a href=\"https:\/\/johannes-fischer.net\/blog\/romananfang-20\/\">Romananfang 20<\/a><\/li>\n<li><a href=\"https:\/\/johannes-fischer.net\/blog\/romananfang-21\/\">Romananfang 21<\/a><\/li>\n<li><a href=\"https:\/\/johannes-fischer.net\/blog\/romananfang-22\/\">Romananfang 22<\/a><\/li>\n<li><a href=\"https:\/\/johannes-fischer.net\/blog\/romananfang-23\/\">Romananfang 23<\/a><\/li>\n<li><a href=\"https:\/\/johannes-fischer.net\/blog\/romananfang-24\/\">Romananfang 24<\/a><\/li>\n<\/ul>\n<\/li>\n<\/ul>\n<div class='sfsi_Sicons' style='width: 100%; display: inline-block; vertical-align: middle; text-align:left'><div style='margin:0px 8px 0px 0px; line-height: 24px'><span><\/span><\/div><div class='sfsi_socialwpr'><div class='sf_subscrbe' style='text-align:left;vertical-align: middle;float:left;width:64px'><a href=\"http:\/\/www.specificfeeds.com\/widgets\/emailSubscribeEncFeed\/Q0FJU2IrL21rdElzb0J1Mnd4UWp5M2JZMHQ5YXBNTW01ZnhPcUtDWnpWVFVEcEgvdGwvUHQ3R2lnWTEyVjh2WmFlaE1KbEw2YnBuZ3hRMFFqNEZoQWgyNFlqRGZydzNJZEFYS3VPMjhCZVNHbFNuNU5qbXI1OGNjeW8zb1dXVlh8aDdxZGtDYTZTaTNPNTZZcENLZXhwbkF0bTlJWFpwWitxQTAwdHRkU3VOdz0=\/OA==\/\" target=\"_blank\"><img decoding=\"async\" src=\"https:\/\/johannes-fischer.net\/blog\/wp-content\/plugins\/ultimate-social-media-icons\/images\/follow_subscribe.png\" alt=\"error\" \/><\/a><\/div><div class='sf_fb' style='text-align:left;vertical-align: middle;width:98px'><div class=\"fb-like\" data-href=\"https:\/\/johannes-fischer.net\/blog\/romananfang-4-italo-calvino-wenn-ein-reisender-in-einer-winternacht\/\" data-width=\"180\" data-send=\"false\" data-show-faces=\"false\"  data-action=\"like\" data-share=\"true\"data-layout=\"button\" ><\/div><\/div><div class='sf_twiter' style='text-align:left;float:left;vertical-align: middle;width:auto'><a href=\"http:\/\/twitter.com\/share\" data-count=\"none\" class=\"sr-twitter-button twitter-share-button\" lang=\"en\" data-url=\"https:\/\/johannes-fischer.net\/blog\/romananfang-4-italo-calvino-wenn-ein-reisender-in-einer-winternacht\/\" data-text=\"Romananfang 4 \u2013 Italo Calvino, &#8220;Wenn ein Reisender in einer Winternacht&#8221;\" ><\/a><\/div><\/div><\/div>","protected":false},"excerpt":{"rendered":"<p>Der Roman Wenn ein Reisender in einer Winternacht des italienischen Autors Italo Calvino (1923 bis 1985) beginnt mit einem literarischen Spiel, einem Verweis auf das eigene Buch und der direkten&hellip; <\/p>\n","protected":false},"author":1,"featured_media":0,"parent":0,"menu_order":0,"comment_status":"open","ping_status":"open","template":"","meta":{"footnotes":""},"_links":{"self":[{"href":"https:\/\/johannes-fischer.net\/blog\/wp-json\/wp\/v2\/pages\/2943"}],"collection":[{"href":"https:\/\/johannes-fischer.net\/blog\/wp-json\/wp\/v2\/pages"}],"about":[{"href":"https:\/\/johannes-fischer.net\/blog\/wp-json\/wp\/v2\/types\/page"}],"author":[{"embeddable":true,"href":"https:\/\/johannes-fischer.net\/blog\/wp-json\/wp\/v2\/users\/1"}],"replies":[{"embeddable":true,"href":"https:\/\/johannes-fischer.net\/blog\/wp-json\/wp\/v2\/comments?post=2943"}],"version-history":[{"count":5,"href":"https:\/\/johannes-fischer.net\/blog\/wp-json\/wp\/v2\/pages\/2943\/revisions"}],"predecessor-version":[{"id":3199,"href":"https:\/\/johannes-fischer.net\/blog\/wp-json\/wp\/v2\/pages\/2943\/revisions\/3199"}],"wp:attachment":[{"href":"https:\/\/johannes-fischer.net\/blog\/wp-json\/wp\/v2\/media?parent=2943"}],"curies":[{"name":"wp","href":"https:\/\/api.w.org\/{rel}","templated":true}]}}