{"id":2941,"date":"2018-12-30T08:25:43","date_gmt":"2018-12-30T07:25:43","guid":{"rendered":"https:\/\/johannes-fischer.net\/blog\/?page_id=2941"},"modified":"2018-12-30T08:28:53","modified_gmt":"2018-12-30T07:28:53","slug":"romananfang-4","status":"publish","type":"page","link":"https:\/\/johannes-fischer.net\/blog\/romananfang-4\/","title":{"rendered":"Romananfang 4"},"content":{"rendered":"<p>Du schickst dich an, den neuen Roman [Romantitel] von [Name] zu lesen. Entspanne dich. Sammle dich. Schieb jeden anderen Gedanken beiseite. La\u00df deine Umwelt im ungewissen verschwimmen. Mach lieber die T\u00fcr zu, dr\u00fcben l\u00e4uft immer das Fernsehen. Sag es den anderen gleich: \u201eNein, ich will nicht fernsehen!\u201c Heb die Stimme, sonst h\u00f6ren sie\u2019s nicht: \u201eIch lese! Ich will nicht gest\u00f6rt werden!\u201c Vielleicht haben sie\u2019s nicht geh\u00f6rt bei all dem Krach; sag\u2019s noch lauter, schrei: \u201eIch fange gerade an, den neuen Roman von [Name] zu lesen!\u201c Oder sag\u2019s auch nicht, wenn du nicht willst; hoffentlich lassen sie dich in Ruhe.<\/p>\n<p><em>Wer l\u00e4dt hier nachdr\u00fccklich, aber umst\u00e4ndlich zum Lesen ein? Und in welchem Roman?<\/em><\/p>\n<p><a href=\"https:\/\/johannes-fischer.net\/blog\/romananfang-4-italo-calvino-wenn-ein-reisender-in-einer-winternacht\/\">Zur Antwort&#8230;<\/a><\/p>\n<div class='sfsi_Sicons' style='width: 100%; display: inline-block; vertical-align: middle; text-align:left'><div style='margin:0px 8px 0px 0px; line-height: 24px'><span><\/span><\/div><div class='sfsi_socialwpr'><div class='sf_subscrbe' style='text-align:left;vertical-align: middle;float:left;width:64px'><a href=\"http:\/\/www.specificfeeds.com\/widgets\/emailSubscribeEncFeed\/Q0FJU2IrL21rdElzb0J1Mnd4UWp5M2JZMHQ5YXBNTW01ZnhPcUtDWnpWVFVEcEgvdGwvUHQ3R2lnWTEyVjh2WmFlaE1KbEw2YnBuZ3hRMFFqNEZoQWgyNFlqRGZydzNJZEFYS3VPMjhCZVNHbFNuNU5qbXI1OGNjeW8zb1dXVlh8aDdxZGtDYTZTaTNPNTZZcENLZXhwbkF0bTlJWFpwWitxQTAwdHRkU3VOdz0=\/OA==\/\" target=\"_blank\"><img decoding=\"async\" src=\"https:\/\/johannes-fischer.net\/blog\/wp-content\/plugins\/ultimate-social-media-icons\/images\/follow_subscribe.png\" alt=\"error\" \/><\/a><\/div><div class='sf_fb' style='text-align:left;vertical-align: middle;width:98px'><div class=\"fb-like\" data-href=\"https:\/\/johannes-fischer.net\/blog\/romananfang-4\/\" data-width=\"180\" data-send=\"false\" data-show-faces=\"false\"  data-action=\"like\" data-share=\"true\"data-layout=\"button\" ><\/div><\/div><div class='sf_twiter' style='text-align:left;float:left;vertical-align: middle;width:auto'><a href=\"http:\/\/twitter.com\/share\" data-count=\"none\" class=\"sr-twitter-button twitter-share-button\" lang=\"en\" data-url=\"https:\/\/johannes-fischer.net\/blog\/romananfang-4\/\" data-text=\"Romananfang 4\" ><\/a><\/div><\/div><\/div>","protected":false},"excerpt":{"rendered":"<p>Du schickst dich an, den neuen Roman [Romantitel] von [Name] zu lesen. Entspanne dich. Sammle dich. Schieb jeden anderen Gedanken beiseite. La\u00df deine Umwelt im ungewissen verschwimmen. Mach lieber die&hellip; <\/p>\n","protected":false},"author":1,"featured_media":0,"parent":0,"menu_order":0,"comment_status":"open","ping_status":"open","template":"","meta":{"footnotes":""},"_links":{"self":[{"href":"https:\/\/johannes-fischer.net\/blog\/wp-json\/wp\/v2\/pages\/2941"}],"collection":[{"href":"https:\/\/johannes-fischer.net\/blog\/wp-json\/wp\/v2\/pages"}],"about":[{"href":"https:\/\/johannes-fischer.net\/blog\/wp-json\/wp\/v2\/types\/page"}],"author":[{"embeddable":true,"href":"https:\/\/johannes-fischer.net\/blog\/wp-json\/wp\/v2\/users\/1"}],"replies":[{"embeddable":true,"href":"https:\/\/johannes-fischer.net\/blog\/wp-json\/wp\/v2\/comments?post=2941"}],"version-history":[{"count":3,"href":"https:\/\/johannes-fischer.net\/blog\/wp-json\/wp\/v2\/pages\/2941\/revisions"}],"predecessor-version":[{"id":3040,"href":"https:\/\/johannes-fischer.net\/blog\/wp-json\/wp\/v2\/pages\/2941\/revisions\/3040"}],"wp:attachment":[{"href":"https:\/\/johannes-fischer.net\/blog\/wp-json\/wp\/v2\/media?parent=2941"}],"curies":[{"name":"wp","href":"https:\/\/api.w.org\/{rel}","templated":true}]}}