{"id":2938,"date":"2018-12-30T01:24:26","date_gmt":"2018-12-30T00:24:26","guid":{"rendered":"https:\/\/johannes-fischer.net\/blog\/?page_id=2938"},"modified":"2019-01-06T17:33:02","modified_gmt":"2019-01-06T16:33:02","slug":"romananfang-3-tim-krabbe-das-rennen","status":"publish","type":"page","link":"https:\/\/johannes-fischer.net\/blog\/romananfang-3-tim-krabbe-das-rennen\/","title":{"rendered":"Romananfang 3 &#8211; Tim Krabb\u00e9, &#8220;Das Rennen&#8221;"},"content":{"rendered":"<p><em>Meyruis, Loz\u00e8re, 26. Juni 1977. <\/em>Mit dieser knappen Orts- und Datumsangabe beginnt das Buch <em>Das Rennen<\/em> des holl\u00e4ndischen Autors Tim Krabb\u00e9. Es gilt als eines der besten, wenn nicht als das beste Buch \u00fcber das Radfahren. Auf jeden Fall ist es das beste Buch \u00fcber das Radfahren, das ich kenne. Krabb\u00e9 schildert darin Kilometer f\u00fcr Kilometer den Verlauf eines Radrennens f\u00fcr Amateure und schreibt dabei \u00fcber das Radfahren, Wettkampf, Schach und warum man im Leben tut, was man tut. Packend, spannend, mit einem gesunden Schuss Selbstironie, voller interessanter Geschichten und Einsichten \u00fcber Wettkampf und Sport.<\/p>\n<p><img loading=\"lazy\" decoding=\"async\" class=\"alignnone size-full wp-image-2633\" src=\"https:\/\/johannes-fischer.net\/blog\/wp-content\/uploads\/2018\/12\/tim-krabbe-das-rennen-cover.jpg\" sizes=\"(max-width: 319px) 100vw, 319px\" srcset=\"https:\/\/johannes-fischer.net\/blog\/wp-content\/uploads\/2018\/12\/tim-krabbe-das-rennen-cover.jpg 319w, https:\/\/johannes-fischer.net\/blog\/wp-content\/uploads\/2018\/12\/tim-krabbe-das-rennen-cover-192x300.jpg 192w\" alt=\"\" width=\"319\" height=\"499\" \/><br \/>\n<em>Tim Krabb\u00e9, <\/em>Das Rennen<em>, Buchcover der 2006 bei Reclam erschienenen deutschen Ausgabe. Das holl\u00e4ndische Original <\/em>De Renner<em> erschien 1978 im Prometheus Verlag, Amsterdam.<br \/>\n<\/em><\/p>\n<p><em><strong>Zur Orientierung&#8230;<\/strong><\/em><\/p>\n<p>Dieser Artikel ist Teil eines Quiz&#8217; mit\/\u00fcber Romananf\u00e4nge. 24 Romananf\u00e4nge werden vorgestellt, wer will, kann versuchen, Titel und Autor\/Autorin des Romans zu erraten. Die Links f\u00fchren entweder direkt zum n\u00e4chsten Romananfang oder zu anderen Romananf\u00e4ngen.<\/p>\n<ul>\n<li>Weiter zu <a href=\"https:\/\/johannes-fischer.net\/blog\/romananfang-4\/\">Romananfang 4<\/a><\/li>\n<li><a href=\"https:\/\/johannes-fischer.net\/blog\/literaturquiz-romananfaenge-einleitung\/\">Literaturquiz Romananf\u00e4nge &#8211; Von Anfang an&#8230;<\/a><\/li>\n<li><a href=\"https:\/\/johannes-fischer.net\/blog\/romananfang-1\/\">Romananfang 1<\/a><\/li>\n<li><a href=\"https:\/\/johannes-fischer.net\/blog\/romananfang-2\/\">Romananfang 2<\/a><\/li>\n<li><a href=\"https:\/\/johannes-fischer.net\/blog\/romananfang-3\/\">Romananfang 3<\/a><\/li>\n<li><a href=\"https:\/\/johannes-fischer.net\/blog\/romananfang-4\/\">Romananfang 4<\/a><\/li>\n<li><a href=\"https:\/\/johannes-fischer.net\/blog\/romananfang-5\/\">Romananfang 5<\/a><\/li>\n<li><a href=\"https:\/\/johannes-fischer.net\/blog\/romananfang-6\/\">Romananfang 6<\/a><\/li>\n<li><a href=\"https:\/\/johannes-fischer.net\/blog\/romananfang-7\/\">Romananfang 7<\/a><\/li>\n<li><a href=\"https:\/\/johannes-fischer.net\/blog\/romananfang-8\/\">Romananfang 8<\/a><\/li>\n<li><a href=\"https:\/\/johannes-fischer.net\/blog\/romananfang-9\/\">Romananfang 9<\/a><\/li>\n<li><a href=\"https:\/\/johannes-fischer.net\/blog\/romananfang-10\">Romananfang 10<\/a><\/li>\n<li><a href=\"https:\/\/johannes-fischer.net\/blog\/romananfang-11\/\">Romananfang 11<\/a><\/li>\n<li><a href=\"https:\/\/johannes-fischer.net\/blog\/romananfang-12\/\">Romananfang 12<\/a><\/li>\n<li><a href=\"https:\/\/johannes-fischer.net\/blog\/romananfang-13\/\">Romananfang 13<\/a><\/li>\n<li><a href=\"https:\/\/johannes-fischer.net\/blog\/romananfang-14\">Romananfang 14<\/a><\/li>\n<li><a href=\"https:\/\/johannes-fischer.net\/blog\/romananfang-15\">Romananfang 15<\/a><\/li>\n<li><a href=\"https:\/\/johannes-fischer.net\/blog\/romananfang-16\/\">Romananfang 16<\/a><\/li>\n<li><a href=\"https:\/\/johannes-fischer.net\/blog\/romananfang-17\/\">Romananfang 17<\/a><\/li>\n<li><a href=\"https:\/\/johannes-fischer.net\/blog\/romananfang-18\/\">Romananfang 18<\/a><\/li>\n<li><a href=\"https:\/\/johannes-fischer.net\/blog\/romananfang-19\/\">Romananfang 19<\/a><\/li>\n<li><a href=\"https:\/\/johannes-fischer.net\/blog\/romananfang-20\/\">Romananfang 20<\/a><\/li>\n<li><a href=\"https:\/\/johannes-fischer.net\/blog\/romananfang-21\/\">Romananfang 21<\/a><\/li>\n<li><a href=\"https:\/\/johannes-fischer.net\/blog\/romananfang-22\/\">Romananfang 22<\/a><\/li>\n<li><a href=\"https:\/\/johannes-fischer.net\/blog\/romananfang-23\/\">Romananfang 23<\/a><\/li>\n<li><a href=\"https:\/\/johannes-fischer.net\/blog\/romananfang-24\/\">Romananfang 24<\/a><\/li>\n<\/ul>\n<p><strong>Siehe auch<\/strong><\/p>\n<ul>\n<li><a href=\"https:\/\/johannes-fischer.net\/blog\/2017\/10\/29\/radfahren-extrem-juliana-buhring-mein-weltrennen\/\">Radfahren extrem: Julia Buhrings \u201eMein Weltrennen\u201c<\/a><br \/>\n<a href=\"https:\/\/johannes-fischer.net\/blog\/2016\/07\/31\/radfahren-literarisch-elmar-schenkels-entspannte-cyclomanie\/\">Radfahren literarisch: Elmar Schenkels \u201eCyclomanie\u201c<\/a><br \/>\n<a href=\"https:\/\/johannes-fischer.net\/blog\/2017\/03\/01\/zufaellige-zitate-david-byrne-bicycle-diaries\/\">Zuf\u00e4llige Zitate: David Byrnes \u201eBiclyle Diaries\u201c<\/a><\/li>\n<li><a href=\"http:\/\/johannes-fischer.net\/blog\/\">Zur\u00fcck zur Webseite&#8230;<\/a><\/li>\n<li><a href=\"https:\/\/johannes-fischer.net\/blog\/romananfang-4\/\">Weiter zu Romananfang 4&#8230;<\/a><\/li>\n<li><a href=\"https:\/\/johannes-fischer.net\/blog\/literaturquiz-romananfaenge-einleitung\/\">Literaturquiz Romananf\u00e4nge &#8211; Von Anfang an&#8230;<\/a><\/li>\n<\/ul>\n<p>&nbsp;<\/p>\n<div class='sfsi_Sicons' style='width: 100%; display: inline-block; vertical-align: middle; text-align:left'><div style='margin:0px 8px 0px 0px; line-height: 24px'><span><\/span><\/div><div class='sfsi_socialwpr'><div class='sf_subscrbe' style='text-align:left;vertical-align: middle;float:left;width:64px'><a href=\"http:\/\/www.specificfeeds.com\/widgets\/emailSubscribeEncFeed\/Q0FJU2IrL21rdElzb0J1Mnd4UWp5M2JZMHQ5YXBNTW01ZnhPcUtDWnpWVFVEcEgvdGwvUHQ3R2lnWTEyVjh2WmFlaE1KbEw2YnBuZ3hRMFFqNEZoQWgyNFlqRGZydzNJZEFYS3VPMjhCZVNHbFNuNU5qbXI1OGNjeW8zb1dXVlh8aDdxZGtDYTZTaTNPNTZZcENLZXhwbkF0bTlJWFpwWitxQTAwdHRkU3VOdz0=\/OA==\/\" target=\"_blank\"><img decoding=\"async\" src=\"https:\/\/johannes-fischer.net\/blog\/wp-content\/plugins\/ultimate-social-media-icons\/images\/follow_subscribe.png\" alt=\"error\" \/><\/a><\/div><div class='sf_fb' style='text-align:left;vertical-align: middle;width:98px'><div class=\"fb-like\" data-href=\"https:\/\/johannes-fischer.net\/blog\/romananfang-3-tim-krabbe-das-rennen\/\" data-width=\"180\" data-send=\"false\" data-show-faces=\"false\"  data-action=\"like\" data-share=\"true\"data-layout=\"button\" ><\/div><\/div><div class='sf_twiter' style='text-align:left;float:left;vertical-align: middle;width:auto'><a href=\"http:\/\/twitter.com\/share\" data-count=\"none\" class=\"sr-twitter-button twitter-share-button\" lang=\"en\" data-url=\"https:\/\/johannes-fischer.net\/blog\/romananfang-3-tim-krabbe-das-rennen\/\" data-text=\"Romananfang 3 &#8211; Tim Krabb\u00e9, &#8220;Das Rennen&#8221;\" ><\/a><\/div><\/div><\/div>","protected":false},"excerpt":{"rendered":"<p>Meyruis, Loz\u00e8re, 26. Juni 1977. Mit dieser knappen Orts- und Datumsangabe beginnt das Buch Das Rennen des holl\u00e4ndischen Autors Tim Krabb\u00e9. Es gilt als eines der besten, wenn nicht als&hellip; <\/p>\n","protected":false},"author":1,"featured_media":0,"parent":0,"menu_order":0,"comment_status":"closed","ping_status":"closed","template":"","meta":{"footnotes":""},"_links":{"self":[{"href":"https:\/\/johannes-fischer.net\/blog\/wp-json\/wp\/v2\/pages\/2938"}],"collection":[{"href":"https:\/\/johannes-fischer.net\/blog\/wp-json\/wp\/v2\/pages"}],"about":[{"href":"https:\/\/johannes-fischer.net\/blog\/wp-json\/wp\/v2\/types\/page"}],"author":[{"embeddable":true,"href":"https:\/\/johannes-fischer.net\/blog\/wp-json\/wp\/v2\/users\/1"}],"replies":[{"embeddable":true,"href":"https:\/\/johannes-fischer.net\/blog\/wp-json\/wp\/v2\/comments?post=2938"}],"version-history":[{"count":6,"href":"https:\/\/johannes-fischer.net\/blog\/wp-json\/wp\/v2\/pages\/2938\/revisions"}],"predecessor-version":[{"id":3198,"href":"https:\/\/johannes-fischer.net\/blog\/wp-json\/wp\/v2\/pages\/2938\/revisions\/3198"}],"wp:attachment":[{"href":"https:\/\/johannes-fischer.net\/blog\/wp-json\/wp\/v2\/media?parent=2938"}],"curies":[{"name":"wp","href":"https:\/\/api.w.org\/{rel}","templated":true}]}}