{"id":2936,"date":"2018-12-30T01:22:48","date_gmt":"2018-12-30T00:22:48","guid":{"rendered":"https:\/\/johannes-fischer.net\/blog\/?page_id=2936"},"modified":"2018-12-30T01:25:09","modified_gmt":"2018-12-30T00:25:09","slug":"romananfang-3","status":"publish","type":"page","link":"https:\/\/johannes-fischer.net\/blog\/romananfang-3\/","title":{"rendered":"Romananfang 3"},"content":{"rendered":"<p><em>Meyruis, Loz\u00e8re, 26. Juni 1977.<\/em> Warm, bew\u00f6lkter Himmel. Ich nehme meine Sachen aus dem Auto und setze mein Fahrrad zusammen. Von Stra\u00dfencaf\u00e9s aus schauen Touristen und Einwohner zu. Nicht-Rennfahrer. Die Leere in ihrem Leben schockiert mich.<br \/>\nDer Ort voller Autos mit Geweihen aus R\u00e4dern und Rahmen. Ein paar Teilnehmer fahren bereits herum. L\u00e4cheln, gr\u00fc\u00dfen. Es sind Unbekannte darunter. Klasse? Versager? Gute Fahrer haben charakteristische K\u00f6pfe und schlechte Fahrer haben charakteristische K\u00f6pfe \u2013 aber das gilt nur f\u00fcr Fahrer, die man schon kennt.<br \/>\nIch hole in einer Kneipe meine R\u00fcckennummer ab, sch\u00fcttle auf dem R\u00fcckweg eine Hand.<br \/>\n\u201eIn Form?\u201c<br \/>\n\u201eDas wird sich beim Rennen zeigen.\u201c<br \/>\n\u201eHaha, ja.\u201c<\/p>\n<p><em>Wer will sich hier aufs Fahrrad schwingen? Und in welchem Roman?<\/em><\/p>\n<p><a href=\"https:\/\/johannes-fischer.net\/blog\/romananfang-3-tim-krabbe-das-rennen\/\">Antwort&#8230;<\/a><\/p>\n<div class='sfsi_Sicons' style='width: 100%; display: inline-block; vertical-align: middle; text-align:left'><div style='margin:0px 8px 0px 0px; line-height: 24px'><span><\/span><\/div><div class='sfsi_socialwpr'><div class='sf_subscrbe' style='text-align:left;vertical-align: middle;float:left;width:64px'><a href=\"http:\/\/www.specificfeeds.com\/widgets\/emailSubscribeEncFeed\/Q0FJU2IrL21rdElzb0J1Mnd4UWp5M2JZMHQ5YXBNTW01ZnhPcUtDWnpWVFVEcEgvdGwvUHQ3R2lnWTEyVjh2WmFlaE1KbEw2YnBuZ3hRMFFqNEZoQWgyNFlqRGZydzNJZEFYS3VPMjhCZVNHbFNuNU5qbXI1OGNjeW8zb1dXVlh8aDdxZGtDYTZTaTNPNTZZcENLZXhwbkF0bTlJWFpwWitxQTAwdHRkU3VOdz0=\/OA==\/\" target=\"_blank\"><img decoding=\"async\" src=\"https:\/\/johannes-fischer.net\/blog\/wp-content\/plugins\/ultimate-social-media-icons\/images\/follow_subscribe.png\" alt=\"error\" \/><\/a><\/div><div class='sf_fb' style='text-align:left;vertical-align: middle;width:98px'><div class=\"fb-like\" data-href=\"https:\/\/johannes-fischer.net\/blog\/romananfang-3\/\" data-width=\"180\" data-send=\"false\" data-show-faces=\"false\"  data-action=\"like\" data-share=\"true\"data-layout=\"button\" ><\/div><\/div><div class='sf_twiter' style='text-align:left;float:left;vertical-align: middle;width:auto'><a href=\"http:\/\/twitter.com\/share\" data-count=\"none\" class=\"sr-twitter-button twitter-share-button\" lang=\"en\" data-url=\"https:\/\/johannes-fischer.net\/blog\/romananfang-3\/\" data-text=\"Romananfang 3\" ><\/a><\/div><\/div><\/div>","protected":false},"excerpt":{"rendered":"<p>Meyruis, Loz\u00e8re, 26. Juni 1977. Warm, bew\u00f6lkter Himmel. Ich nehme meine Sachen aus dem Auto und setze mein Fahrrad zusammen. Von Stra\u00dfencaf\u00e9s aus schauen Touristen und Einwohner zu. Nicht-Rennfahrer. Die&hellip; <\/p>\n","protected":false},"author":1,"featured_media":0,"parent":0,"menu_order":0,"comment_status":"open","ping_status":"open","template":"","meta":{"footnotes":""},"_links":{"self":[{"href":"https:\/\/johannes-fischer.net\/blog\/wp-json\/wp\/v2\/pages\/2936"}],"collection":[{"href":"https:\/\/johannes-fischer.net\/blog\/wp-json\/wp\/v2\/pages"}],"about":[{"href":"https:\/\/johannes-fischer.net\/blog\/wp-json\/wp\/v2\/types\/page"}],"author":[{"embeddable":true,"href":"https:\/\/johannes-fischer.net\/blog\/wp-json\/wp\/v2\/users\/1"}],"replies":[{"embeddable":true,"href":"https:\/\/johannes-fischer.net\/blog\/wp-json\/wp\/v2\/comments?post=2936"}],"version-history":[{"count":3,"href":"https:\/\/johannes-fischer.net\/blog\/wp-json\/wp\/v2\/pages\/2936\/revisions"}],"predecessor-version":[{"id":3035,"href":"https:\/\/johannes-fischer.net\/blog\/wp-json\/wp\/v2\/pages\/2936\/revisions\/3035"}],"wp:attachment":[{"href":"https:\/\/johannes-fischer.net\/blog\/wp-json\/wp\/v2\/media?parent=2936"}],"curies":[{"name":"wp","href":"https:\/\/api.w.org\/{rel}","templated":true}]}}