{"id":2928,"date":"2018-12-30T01:13:18","date_gmt":"2018-12-30T00:13:18","guid":{"rendered":"https:\/\/johannes-fischer.net\/blog\/?page_id=2928"},"modified":"2019-01-06T16:33:30","modified_gmt":"2019-01-06T15:33:30","slug":"romananfang-1-gustave-flaubert-lehrjahre-des-gefuehls","status":"publish","type":"page","link":"https:\/\/johannes-fischer.net\/blog\/romananfang-1-gustave-flaubert-lehrjahre-des-gefuehls\/","title":{"rendered":"Romananfang 1 &#8211; Gustave Flaubert, &#8220;Lehrjahre des Gef\u00fchls&#8221;"},"content":{"rendered":"<p><em>Lehrjahre des Gef\u00fchls oder L\u2019\u00c9ducation sentimentale<\/em> wie der Roman im Original hei\u00dft, erschien 1869 und war nach <em>Madame Bovary<\/em> (1857) und <em>Salammb\u00f4<\/em> (1862) der dritte ver\u00f6ffentlichte Roman Flauberts. <em>L\u2019\u00c9ducation sentimentale<\/em> erz\u00e4hlt die Geschichte eines jungen Mannes aus der Provinz, der in Paris sein Gl\u00fcck sucht und von Erfolg in Liebe, Beruf und Kunst in der Gro\u00dfstadt tr\u00e4umt. Geschichten von jungen M\u00e4nnern, die dem Ruf des Schicksals folgen und sich ins Ungewisse aufmachen, um nach vielen Abenteuern und Krisen gereift und gel\u00e4utert ihren Platz im Leben zu finden, folgen dem klassischen Erz\u00e4hlmuster der Heldenreise, das von vielen Schreibratgebern empfohlen wird, wenn man einen \u201everdammt guten Roman\u201c schreiben will. Aber Flauberts \u201eHeld\u201c Frederic Moreau ist kein Held, sondern z\u00f6gert und zaudert unentwegt und entwickelt sich im Laufe des Romans immer mehr zu einem abgestumpften Durchschnittsb\u00fcrger.<\/p>\n<p>Mit dieser Abkehr von romantischen Erz\u00e4hlmustern ver\u00e4nderte Flaubert die Literaturgeschichte nachhaltig. In den Worten des US-amerikanischen Literaturkritikers, Essayisten und Autors James Wood, dessen Wertsch\u00e4tzung Flauberts auf diesem Blog <a href=\"https:\/\/johannes-fischer.net\/blog\/2015\/04\/20\/zufaellige-zitate-flaubert-und-die-moderne-erzaehlung\/\">schon einmal zitiert<\/a> wurde:<\/p>\n<blockquote><p>Romanautoren sollten Flaubert danken wie Dichter dem Fr\u00fchling: mit ihm f\u00e4ngt alles wieder an. Tats\u00e4chlich gibt es eine Zeit vor Flaubert und eine Zeit nach ihm. Flaubert bestimmte ma\u00dfgeblich, was die meisten Leserinnen und Autoren unter moderner realistischer Erz\u00e4hlung verstehen, und sein Einfluss ist fast zu vertraut, um ihn noch zu bemerken. Bei guter Prosa bemerken wir selten, dass sie das vielsagende und brillante Detail mag; dass sie ein hohes Ma\u00df visueller Erkenntnis bevorzugt; dass sie eine unsentimentale Fassung bewahrt und wei\u00df, wann sie sich, wie ein guter Diener, \u00fcberfl\u00fcssiger Kommentare enthalten muss; dass sie gut und schlecht neutral bewertet; dass sie nach der Wahrheit sucht, auch auf die Gefahr hin uns abzusto\u00dfen; und dass der Fingerabdruck des Autors bei all dem paradoxerweise Spuren hinterl\u00e4sst, aber nicht sichtbar ist. Manches davon kann man bei Defoe, Austen oder Balzac finden, aber vor Flaubert nicht all das.<\/p><\/blockquote>\n<p>James Wood, <em>How Fiction Works<\/em>, 2009, S. 32 (meine \u00dcbersetzung).<\/p>\n<p><img loading=\"lazy\" decoding=\"async\" class=\"alignnone size-full wp-image-1320\" src=\"https:\/\/johannes-fischer.net\/blog\/wp-content\/uploads\/2014\/05\/220px-Gustave_Flaubert.jpg\" sizes=\"(max-width: 220px) 100vw, 220px\" srcset=\"https:\/\/johannes-fischer.net\/blog\/wp-content\/uploads\/2014\/05\/220px-Gustave_Flaubert.jpg 220w, https:\/\/johannes-fischer.net\/blog\/wp-content\/uploads\/2014\/05\/220px-Gustave_Flaubert-210x300.jpg 210w\" alt=\"\" width=\"220\" height=\"314\" \/><br \/>\n<em>Gustave Flaubert (Foto: Wikipedia)<\/em><\/p>\n<p>Nat\u00fcrlich sind diese Erz\u00e4hltechniken Flauberts heute nicht mehr modern. Aber auch fast 150 Jahre nach Erscheinen der <em>L\u2019\u00c9ducation sentimentale<\/em> machen sie den Roman vielschichtig, spannend und immer noch und immer wieder zu einem Genuss.<\/p>\n<p>Der hier zitierte Romananfang stammt aus der 1981 erschienenen \u201einsel taschenbuchausgabe 276\u201c. \u00dcbersetzt hat Paul Wiegler.<\/p>\n<p><img loading=\"lazy\" decoding=\"async\" class=\"alignnone size-full wp-image-2599\" src=\"https:\/\/johannes-fischer.net\/blog\/wp-content\/uploads\/2018\/12\/flaubert-lehrjahre-des-gef\u00fchls-bild.jpg\" sizes=\"(max-width: 351px) 100vw, 351px\" srcset=\"https:\/\/johannes-fischer.net\/blog\/wp-content\/uploads\/2018\/12\/flaubert-lehrjahre-des-gef\u00fchls-bild.jpg 351w, https:\/\/johannes-fischer.net\/blog\/wp-content\/uploads\/2018\/12\/flaubert-lehrjahre-des-gef\u00fchls-bild-204x300.jpg 204w\" alt=\"\" width=\"351\" height=\"517\" \/><\/p>\n<p><a href=\"http:\/\/johannes-fischer.net\/blog\/\">Zur\u00fcck zur Webseite<\/a><\/p>\n<p><em><strong>Zur Orientierung&#8230;<\/strong><\/em><\/p>\n<p>Dieser Artikel ist Teil eines Quiz&#8217; mit\/\u00fcber Romananf\u00e4nge. 24 Romananf\u00e4nge werden vorgestellt, wer will, kann versuchen, Titel und Autor\/Autorin des Romans zu erraten. Die Links f\u00fchren entweder direkt zum n\u00e4chsten Romananfang oder zu anderen Romananf\u00e4ngen.<\/p>\n<ul>\n<li><a href=\"https:\/\/johannes-fischer.net\/blog\/romananfang-2\/\">Weiter zu Romananfang 2&#8230;<\/a><\/li>\n<li><a href=\"https:\/\/johannes-fischer.net\/blog\/romananfang-1\/\">Romananfang 1<\/a><\/li>\n<li><a href=\"https:\/\/johannes-fischer.net\/blog\/romananfang-2\/\">Romananfang 2<\/a><\/li>\n<li><a href=\"https:\/\/johannes-fischer.net\/blog\/romananfang-3\/\">Romananfang 3<\/a><\/li>\n<li><a href=\"https:\/\/johannes-fischer.net\/blog\/romananfang-4\/\">Romananfang 4<\/a><\/li>\n<li><a href=\"https:\/\/johannes-fischer.net\/blog\/romananfang-5\/\">Romananfang 5<\/a><\/li>\n<li><a href=\"https:\/\/johannes-fischer.net\/blog\/romananfang-6\/\">Romananfang 6<\/a><\/li>\n<li><a href=\"https:\/\/johannes-fischer.net\/blog\/romananfang-7\/\">Romananfang 7<\/a><\/li>\n<li><a href=\"https:\/\/johannes-fischer.net\/blog\/romananfang-8\/\">Romananfang 8<\/a><\/li>\n<li><a href=\"https:\/\/johannes-fischer.net\/blog\/romananfang-9\/\">Romananfang 9<\/a><\/li>\n<li><a href=\"https:\/\/johannes-fischer.net\/blog\/romananfang-10\">Romananfang 10<\/a><\/li>\n<li><a href=\"https:\/\/johannes-fischer.net\/blog\/romananfang-11\/\">Romananfang 11<\/a><\/li>\n<li><a href=\"https:\/\/johannes-fischer.net\/blog\/romananfang-12\/\">Romananfang 12<\/a><\/li>\n<li><a href=\"https:\/\/johannes-fischer.net\/blog\/romananfang-13\/\">Romananfang 13<\/a><\/li>\n<li><a href=\"https:\/\/johannes-fischer.net\/blog\/romananfang-14\">Romananfang 14<\/a><\/li>\n<li><a href=\"https:\/\/johannes-fischer.net\/blog\/romananfang-15\">Romananfang 15<\/a><\/li>\n<li><a href=\"https:\/\/johannes-fischer.net\/blog\/romananfang-16\/\">Romananfang 16<\/a><\/li>\n<li><a href=\"https:\/\/johannes-fischer.net\/blog\/romananfang-17\/\">Romananfang 17<\/a><\/li>\n<li><a href=\"https:\/\/johannes-fischer.net\/blog\/romananfang-18\/\">Romananfang 18<\/a><\/li>\n<li><a href=\"https:\/\/johannes-fischer.net\/blog\/romananfang-19\/\">Romananfang 19<\/a><\/li>\n<li><a href=\"https:\/\/johannes-fischer.net\/blog\/romananfang-20\/\">Romananfang 20<\/a><\/li>\n<li><a href=\"https:\/\/johannes-fischer.net\/blog\/romananfang-21\/\">Romananfang 21<\/a><\/li>\n<li><a href=\"https:\/\/johannes-fischer.net\/blog\/romananfang-22\/\">Romananfang 22<\/a><\/li>\n<li><a href=\"https:\/\/johannes-fischer.net\/blog\/romananfang-23\/\">Romananfang 23<\/a><\/li>\n<li><a href=\"https:\/\/johannes-fischer.net\/blog\/romananfang-24\/\">Romananfang 24<\/a><\/li>\n<\/ul>\n<p><strong>Siehe auch<br \/>\n<\/strong><a href=\"https:\/\/johannes-fischer.net\/blog\/2018\/12\/02\/romananfaenge-ein-literarischer-adventskalender-2\/*%2012.%20Dezember%201821%20\u2020%208.%20Mai%201880%20in%20Canteleu,%20Normandie\">Zur Erinnerung an Gustave Flaubert (12. Dezember 1821 bis 8. Mai 1880)<\/a><\/p>\n<p>&nbsp;<\/p>\n<p>&nbsp;<\/p>\n<div class='sfsi_Sicons' style='width: 100%; display: inline-block; vertical-align: middle; text-align:left'><div style='margin:0px 8px 0px 0px; line-height: 24px'><span><\/span><\/div><div class='sfsi_socialwpr'><div class='sf_subscrbe' style='text-align:left;vertical-align: middle;float:left;width:64px'><a href=\"http:\/\/www.specificfeeds.com\/widgets\/emailSubscribeEncFeed\/Q0FJU2IrL21rdElzb0J1Mnd4UWp5M2JZMHQ5YXBNTW01ZnhPcUtDWnpWVFVEcEgvdGwvUHQ3R2lnWTEyVjh2WmFlaE1KbEw2YnBuZ3hRMFFqNEZoQWgyNFlqRGZydzNJZEFYS3VPMjhCZVNHbFNuNU5qbXI1OGNjeW8zb1dXVlh8aDdxZGtDYTZTaTNPNTZZcENLZXhwbkF0bTlJWFpwWitxQTAwdHRkU3VOdz0=\/OA==\/\" target=\"_blank\"><img decoding=\"async\" src=\"https:\/\/johannes-fischer.net\/blog\/wp-content\/plugins\/ultimate-social-media-icons\/images\/follow_subscribe.png\" alt=\"error\" \/><\/a><\/div><div class='sf_fb' style='text-align:left;vertical-align: middle;width:98px'><div class=\"fb-like\" data-href=\"https:\/\/johannes-fischer.net\/blog\/romananfang-1-gustave-flaubert-lehrjahre-des-gefuehls\/\" data-width=\"180\" data-send=\"false\" data-show-faces=\"false\"  data-action=\"like\" data-share=\"true\"data-layout=\"button\" ><\/div><\/div><div class='sf_twiter' style='text-align:left;float:left;vertical-align: middle;width:auto'><a href=\"http:\/\/twitter.com\/share\" data-count=\"none\" class=\"sr-twitter-button twitter-share-button\" lang=\"en\" data-url=\"https:\/\/johannes-fischer.net\/blog\/romananfang-1-gustave-flaubert-lehrjahre-des-gefuehls\/\" data-text=\"Romananfang 1 &#8211; Gustave Flaubert, &#8220;Lehrjahre des Gef\u00fchls&#8221;\" ><\/a><\/div><\/div><\/div>","protected":false},"excerpt":{"rendered":"<p>Lehrjahre des Gef\u00fchls oder L\u2019\u00c9ducation sentimentale wie der Roman im Original hei\u00dft, erschien 1869 und war nach Madame Bovary (1857) und Salammb\u00f4 (1862) der dritte ver\u00f6ffentlichte Roman Flauberts. L\u2019\u00c9ducation sentimentale&hellip; <\/p>\n","protected":false},"author":1,"featured_media":0,"parent":0,"menu_order":0,"comment_status":"open","ping_status":"open","template":"","meta":{"footnotes":""},"_links":{"self":[{"href":"https:\/\/johannes-fischer.net\/blog\/wp-json\/wp\/v2\/pages\/2928"}],"collection":[{"href":"https:\/\/johannes-fischer.net\/blog\/wp-json\/wp\/v2\/pages"}],"about":[{"href":"https:\/\/johannes-fischer.net\/blog\/wp-json\/wp\/v2\/types\/page"}],"author":[{"embeddable":true,"href":"https:\/\/johannes-fischer.net\/blog\/wp-json\/wp\/v2\/users\/1"}],"replies":[{"embeddable":true,"href":"https:\/\/johannes-fischer.net\/blog\/wp-json\/wp\/v2\/comments?post=2928"}],"version-history":[{"count":4,"href":"https:\/\/johannes-fischer.net\/blog\/wp-json\/wp\/v2\/pages\/2928\/revisions"}],"predecessor-version":[{"id":3168,"href":"https:\/\/johannes-fischer.net\/blog\/wp-json\/wp\/v2\/pages\/2928\/revisions\/3168"}],"wp:attachment":[{"href":"https:\/\/johannes-fischer.net\/blog\/wp-json\/wp\/v2\/media?parent=2928"}],"curies":[{"name":"wp","href":"https:\/\/api.w.org\/{rel}","templated":true}]}}