{"id":25,"date":"2013-03-13T21:16:14","date_gmt":"2013-03-13T21:16:14","guid":{"rendered":"http:\/\/johannes-fischer.net\/blog\/?page_id=25"},"modified":"2013-10-05T16:53:49","modified_gmt":"2013-10-05T14:53:49","slug":"seite-1","status":"publish","type":"page","link":"https:\/\/johannes-fischer.net\/blog\/seite-1\/","title":{"rendered":"\u00dcber den Blog"},"content":{"rendered":"<p><em>Sch\u00f6ner Schein<\/em> hei\u00dft dieser Blog, denn er besch\u00e4ftigt sich mit der Welt des Fiktiven, mit Literatur, Film und Schach, Welten, in denen ich gerne unterwegs bin. Gelegentlich mache ich mir dabei Notizen, in diesem Blog \u00f6ffentlich. Diese Notizen sollen mir und anderen Spa\u00df machen, anregen, informieren und unterhalten. Wenn man so will, sind es Einladungen zu Spazierg\u00e4ngen in die Welt des Fiktiven. F\u00fcr \u201eReisetipps\u201c bin ich dankbar, f\u00fcr Anregungen und Empfehlungen ebenso, Kritik habe ich weniger gern, aber wenn sie n\u00fctzt, ist auch sie willkommen.<\/p>\n<p>Weitere Notizen zu Literatur, Film und Schach gibt es auf <a href=\"http:\/\/facebook.com\/johannes.h.fischer\">meiner Facebook-Seite<\/a>.<\/p>\n<p>Kontakt: <a href=\"mailto:info@johannes-fischer.net\">info@johannes-fischer.net<\/a><\/p>\n<div class='sfsi_Sicons' style='width: 100%; display: inline-block; vertical-align: middle; text-align:left'><div style='margin:0px 8px 0px 0px; line-height: 24px'><span><\/span><\/div><div class='sfsi_socialwpr'><div class='sf_subscrbe' style='text-align:left;vertical-align: middle;float:left;width:64px'><a href=\"http:\/\/www.specificfeeds.com\/widgets\/emailSubscribeEncFeed\/Q0FJU2IrL21rdElzb0J1Mnd4UWp5M2JZMHQ5YXBNTW01ZnhPcUtDWnpWVFVEcEgvdGwvUHQ3R2lnWTEyVjh2WmFlaE1KbEw2YnBuZ3hRMFFqNEZoQWgyNFlqRGZydzNJZEFYS3VPMjhCZVNHbFNuNU5qbXI1OGNjeW8zb1dXVlh8aDdxZGtDYTZTaTNPNTZZcENLZXhwbkF0bTlJWFpwWitxQTAwdHRkU3VOdz0=\/OA==\/\" target=\"_blank\"><img decoding=\"async\" src=\"https:\/\/johannes-fischer.net\/blog\/wp-content\/plugins\/ultimate-social-media-icons\/images\/follow_subscribe.png\" alt=\"error\" \/><\/a><\/div><div class='sf_fb' style='text-align:left;vertical-align: middle;width:98px'><div class=\"fb-like\" data-href=\"https:\/\/johannes-fischer.net\/blog\/seite-1\/\" data-width=\"180\" data-send=\"false\" data-show-faces=\"false\"  data-action=\"like\" data-share=\"true\"data-layout=\"button\" ><\/div><\/div><div class='sf_twiter' style='text-align:left;float:left;vertical-align: middle;width:auto'><a href=\"http:\/\/twitter.com\/share\" data-count=\"none\" class=\"sr-twitter-button twitter-share-button\" lang=\"en\" data-url=\"https:\/\/johannes-fischer.net\/blog\/seite-1\/\" data-text=\"\u00dcber den Blog\" ><\/a><\/div><\/div><\/div>","protected":false},"excerpt":{"rendered":"<p>Sch\u00f6ner Schein hei\u00dft dieser Blog, denn er besch\u00e4ftigt sich mit der Welt des Fiktiven, mit Literatur, Film und Schach, Welten, in denen ich gerne unterwegs bin. Gelegentlich mache ich mir&hellip; <\/p>\n","protected":false},"author":1,"featured_media":0,"parent":0,"menu_order":0,"comment_status":"open","ping_status":"closed","template":"","meta":{"footnotes":""},"_links":{"self":[{"href":"https:\/\/johannes-fischer.net\/blog\/wp-json\/wp\/v2\/pages\/25"}],"collection":[{"href":"https:\/\/johannes-fischer.net\/blog\/wp-json\/wp\/v2\/pages"}],"about":[{"href":"https:\/\/johannes-fischer.net\/blog\/wp-json\/wp\/v2\/types\/page"}],"author":[{"embeddable":true,"href":"https:\/\/johannes-fischer.net\/blog\/wp-json\/wp\/v2\/users\/1"}],"replies":[{"embeddable":true,"href":"https:\/\/johannes-fischer.net\/blog\/wp-json\/wp\/v2\/comments?post=25"}],"version-history":[{"count":13,"href":"https:\/\/johannes-fischer.net\/blog\/wp-json\/wp\/v2\/pages\/25\/revisions"}],"predecessor-version":[{"id":840,"href":"https:\/\/johannes-fischer.net\/blog\/wp-json\/wp\/v2\/pages\/25\/revisions\/840"}],"wp:attachment":[{"href":"https:\/\/johannes-fischer.net\/blog\/wp-json\/wp\/v2\/media?parent=25"}],"curies":[{"name":"wp","href":"https:\/\/api.w.org\/{rel}","templated":true}]}}