{"id":223,"date":"2013-05-12T10:19:27","date_gmt":"2013-05-12T08:19:27","guid":{"rendered":"http:\/\/johannes-fischer.net\/blog\/?page_id=223"},"modified":"2013-10-16T17:21:52","modified_gmt":"2013-10-16T15:21:52","slug":"links","status":"publish","type":"page","link":"https:\/\/johannes-fischer.net\/blog\/links\/","title":{"rendered":"Links"},"content":{"rendered":"<p>Links &#8211; sie machen das Internet so wunderbar. Hier eine (nat\u00fcrlich unvollst\u00e4ndige) Liste mit Seiten, die ich mag. Die Links sind thematisch in die Bereiche <a href=\"#Literatur\">Literatur<\/a>, <a href=\"#Buchl\u00e4den\">Buchl\u00e4den<\/a>, <a href=\"#Krimis\">Krimis<\/a> und <a href=\"#Schach\">Schach<\/a> unterteilt und alphabetisch geordnet. Au\u00dferdem habe ich\u00a0 jeden Link kurz kommentiert.<\/p>\n<p>Empfehlungen und Tipps f\u00fcr m\u00f6gliche Erg\u00e4nzungen sind <a href=\"mailto:info@johannes-fischer.net\">willkommen<\/a>. Doch in jedem Fall: viel Spa\u00df beim St\u00f6bern!<\/p>\n<p><a name=\"Literatur\"><\/a><strong>Literatur<\/strong><\/p>\n<p><a href=\"http:\/\/culturmag.de\/\" target=\"blank\">Culturmag<\/a><br \/>\nUnter dem Motto &#8220;Literatur, Musik &amp; Positionen&#8221; ver\u00f6ffentlicht das Onlinemagazin Artikel zu Literatur (<a href=\"http:\/\/culturmag.de\/category\/litmag\">Litmag<\/a>), Kriminalliteratur (<a href=\"http:\/\/culturmag.de\/category\/crimemag\">Crimemag<\/a>) und Musik (<a href=\"http:\/\/culturmag.de\/category\/musik\">Musikmag<\/a>). Au\u00dferdem Rubriken zu diversen Themen.<\/p>\n<p><a href=\"http:\/\/www.perlentaucher.de\/\" target=\"blank\">Perlentaucher<\/a><br \/>\nUmfangreiche und inspirierende Sammlung von Rezensionen und Empfehlungen zu Literatur aller Art.<\/p>\n<p><a name=\"Buchl\u00e4den\"><\/a><strong>Buchl\u00e4den<\/strong><\/p>\n<p><a href=\"http:\/\/www.gostenhofer-buchhandlung.de\/\" target=\"blank\">Gostenhofer Buchhandlung<\/a><br \/>\nMeine Lieblingsbuchhandlung in N\u00fcrnberg. Angenehme Atmosph\u00e4re und freundliche, kompetente Beratung.<\/p>\n<p><a href=\"http:\/\/www.land-in-sicht-buchladen.de\/start.html\" target=\"blank\">Land in Sicht<\/a><br \/>\nImmer, wenn ich in Frankfurt bin, besuche ich diesen sch\u00f6nen Buchladen im Frankfurter Nordend. Er bietet eine phantastische Auswahl an B\u00fcchern und hat eine wunderbare Atmosph\u00e4re.<\/p>\n<p><a name=\"Krimis\"><\/a><strong>Krimis<\/strong><\/p>\n<p>Ich bin mit Krimis und Agententhrillern gro\u00df geworden und lese sie auch heute noch leidenschaftlich gern. Sind sie spannend, leider auch gern schlechte. So kommen Krimis und Thriller auf dieser Seite zu ihrem Recht. Hier ein paar Links zum Thema.<\/p>\n<p><a href=\"http:\/\/www.alligatorpapiere.de\/\" target=\"blank\">Alligatorpapiere<br \/>\n<\/a>Fr\u00fcher lieferten die Alligatorpapiere zwei Mal pro Woche, eine Zeit lang sogar jeden Wochentag, Verweise auf aktuelle Krimirezensionen im Internet. Doch am 7. Oktober 2013 stellten die Betreiber der Seite diesen Service ein. Doch als Archiv ist die Seite immer noch n\u00fctzlich und gut.<\/p>\n<p><a href=\"http:\/\/www.flubow.ch\/\" target=\"blank\">Flubow.ch<\/a><br \/>\nHier geht es um &#8220;Krimiautoren des 20. Jahrhunderts &#8211; vergessene und verschm\u00e4hte, verhunzte und untersch\u00e4tzte&#8221;. Eine Seite f\u00fcr Entdeckungen und Wiederentdeckungen.<\/p>\n<p><a href=\"http:\/\/www.hammett-krimis.de\/\" target=\"blank\">Hammett<\/a><br \/>\nDie Seite der Berliner Krimibuchhandlung Hammett mit Rezensionen zu alter und neuer Kriminalliteratur.<\/p>\n<p><a href=\"http:\/\/www.kaliber38.de\/\" target=\"blank\">Kaliber38<br \/>\n<\/a>Sch\u00f6ner Titel, viel Thomas W\u00f6rtche und viel Informationen zum Thema Kriminalliteratur.<\/p>\n<p><a href=\"http:\/\/www.krimi-couch.de\/\" target=\"blank\">Krimi-Couch<\/a><br \/>\nInformationen, Rezensionen, Empfehlungen.<\/p>\n<p><a href=\"http:\/\/kriminalakte.wordpress.com\/\" target=\"blank\">Kriminalakte<\/a><br \/>\nAxel Bussmer gibt Fernsehtipps und berichtet \u00fcber &#8220;Mord und Totschlag in Buch und Film &#8211; und anderes&#8221;. Informativ, aktuell, gut.<\/p>\n<p><a href=\"http:\/\/www.krimilexikon.de\/\" target=\"blank\">Lexikon der deutschen Krimiautoren<\/a><br \/>\n&#8220;Lebens- und Werkdaten von mehr als 400 deutschsprachigen Kriminalschriftstellern.&#8221;<\/p>\n<p><a href=\"http:\/\/www.kroegers-krimitipp.blogspot.de\/\" target=\"blank\">Ulrich Kroegers Krimitipp<\/a><br \/>\nTipps und Rezensionen vom Krimiliebhaber und Krimiexperten.<\/p>\n<p><a name=\"Schach\"><\/a><strong>Schach<\/strong><\/p>\n<p><a href=\"http:\/\/chessbase.de\/\" target=\"blank\">Chessbase.de<\/a><br \/>\nHier bin ich parteiisch, denn ich arbeite f\u00fcr ChessBase. In der <a href=\"http:\/\/johannes-fischer.net\/blog\/auslese\/\">Auslese<\/a> dieses Blogs habe ich ein paar der Artikel, die ich im Laufe der Jahre f\u00fcr <a href=\"http:\/\/chessbase.de\/\">ChessBase<\/a> geschrieben habe, versammelt und verlinkt. Doch Parteilichkeit hin oder her: Die von Andr\u00e9 Schulz betreute Seite ist informativ, aktuell, gut und hat als eine der ersten Schachseiten versucht, Schach locker, leicht, witzig, unterhaltsam und mit vielen Bildern zu pr\u00e4sentieren. So hat ChessBase vielen Schachspielern ein Gesicht gegeben und viel f\u00fcr das Image des Schachs getan.<\/p>\n<p><a href=\"http:\/\/chessbase.com\/\" target=\"blank\">Chessbase.com<\/a><br \/>\nDie englischsprachige ChessBase-Seite. T\u00e4glich aktuelle Meldungen, Bilder, Videos, Informationen und Informationen zum Schachgeschehen. Vielleicht die weltweit meist gelesenste Seite zum Thema Schach.<\/p>\n<p><a href=\"http:\/\/chesscafe.com\/\" target=\"blank\">Chesscaf\u00e9<\/a><br \/>\nInformative Seite mit zahlreichen Artikeln \u00fcber Schachtraining, Schachkultur, Schachgeschichte, etc.<\/p>\n<p><a href=\"http:\/\/www.chess-tigers.de\/\">Chesstigers<\/a><br \/>\nHans-Walter Schmitt ist leidenschaftlicher Schachfan und Organisator. Er hat die legend\u00e4ren Mainzer Chess Classic ins Leben gerufen und zu einem phantastischen Turnier gemacht. Mit den Chesstigers will er m\u00f6glichst vielen Menschen Schach beibringen und f\u00fcr das Spiel begeistern. Die Webseite enth\u00e4lt Trainingsmaterial zu diversen Aspekten des Schachs und von Mike Rosa geschriebene Informationen zum aktuellen Schachgeschehen.<\/p>\n<p><a href=\"http:\/\/www.chessvibes.com\/\" target=\"blank\">Chessvibes<\/a><br \/>\nPeter Doggers Schachseite. Viele Videos und informative und gut recherchierte Berichte \u00fcber aktuelle Turniere.<\/p>\n<p><a href=\"http:\/\/www.davidsmerdon.com\/\" target=\"blank\">David Smerdons Blog<\/a><br \/>\nAm\u00fcsanter und lesenswerter Blog des in Amsterdam lebenden australischen Gro\u00dfmeisters David Smerdon.<\/p>\n<p><a href=\"http:\/\/www.deep-chess.de\/\" target=\"blank\">DeepChess!!! Media<\/a><br \/>\nAktuelle Schachnachrichten und Informationen zum Thema Schach. Besonders interessant ist die Rubrik &#8220;On-Air&#8221; mit zahlreiche Videos &#8211; Interviews mit Schachspielern und Schachspielerinnen, Berichte \u00fcber Schachereignisse, etc.<\/p>\n<p><a href=\"http:\/\/www.schachbund.de\/\" target=\"blank\">DSB<\/a><br \/>\nDie Seite des Deutschen Schachbunds<\/p>\n<p><a href=\"http:\/\/entwicklungsvorsprung.de\/\" target=\"blank\">Entwicklungsvorsprung<\/a><br \/>\nIM Georgios Souleidis ist r\u00fchriger Schachjournalist, der unter anderem das Portal der Schachbundesliga betreut. Au\u00dferdem ist er einer der ersten Schachblogger \u00fcberhaupt und ver\u00f6ffentlicht seit Jahren unter dem sch\u00f6nen Namen &#8220;Entwicklungsvorsprung&#8221; aktuelle Meldungen, Beobachtungen und Gedanken zum Schachgeschehen.<\/p>\n<p><a href=\"http:\/\/glareanverlag.wordpress.com\/category\/schach\/\" target=\"blank\">Glarean Magazin<\/a><br \/>\n&#8220;Literatur, Musik, Schach &#8211; Denken, F\u00fchlen, Spielen&#8221; lautet das Motto des Glarean Magazins.<\/p>\n<p><a href=\"http:\/\/www.ballo.de\/\" target=\"blank\">Harald Ball\u00f3<\/a><br \/>\nInteressante Seite mit zahlreichen &#8220;Schachzetteln&#8221;, kurzen und langen Artikeln zum Thema Schach.<\/p>\n<p><a href=\"http:\/\/www.karlonline.org\/home.htm\" target=\"blank\">KARL<\/a><br \/>\nMehr \u00fcber den KARL und meine enge Verbindung zu dieser Zeitschrift verr\u00e4t die KARL-Webseite. In der <a href=\"http:\/\/johannes-fischer.net\/blog\/auslese\/\">Auslese<\/a> dieses Blogs habe ich ein paar der Artikel, die ich im Laufe der Jahre f\u00fcr die KARL-Webseite geschrieben habe, versammelt und verlinkt.<\/p>\n<p><a href=\"http:\/\/lasker-gesellschaft.de\/\" target=\"blank\">Lasker-Gesellschaft<\/a><br \/>\nDie Lasker-Gesellschaft pflegt die Erinnerung an Dr. Emanuel Lasker, den bislang einzigen deutschen Schachweltmeister.<\/p>\n<p><a href=\"http:\/\/www.arcticsec.no\/index.php?button=blog\" target=\"blank\">Magnus Carlsens Blog<\/a><br \/>\nSpielt Magnus Carlsen ein Turnier, dann ver\u00f6ffentlicht er auf seinem Blog oft kurze Betrachtungen seiner Partien. Und was die Nummer eins der Welt \u00fcber Schach zu sagen hat, ist nat\u00fcrlich immer interessant. Kurze Carlsen-Statements bietet auch der <a href=\"https:\/\/twitter.com\/MagnusCarlsen\" target=\"blank\">Twitter-Account<\/a> des Norwegers.<\/p>\n<p><a href=\"http:\/\/melanie-ohme.net\/\" target=\"blank\">Melanie Ohme<\/a><br \/>\nDie Webseite von Melanie Ohme, WIM, Mitglied der deutschen Frauennationalmannschaft und mehrfache deutsche Jugendmeisterin, bietet Turnierberichte nebst Analysen.<\/p>\n<p><a href=\"http:\/\/niclas-huschenbeth.de\/index.php\/en\/\" target=\"blank\">Niclas Huschenbeth<\/a><br \/>\nDie immer lesenswerte Seite des Hamburger Gro\u00dfmeisters und Deutschen Meisters von 2010. Huschenbeth studiert zur Zeit in den USA und bloggt auf deutsch und englisch \u00fcber Turniere und das Schachgeschehen in den USA. Ein Highlight der Seite sind die Videos mit Huschenbeths Analysen aktueller Partien.<\/p>\n<p><a href=\"http:\/\/www.schach.com\/\">Schach.com<\/a><br \/>\nMeldungen und Kurznachrichten zu aktuellen Turnieren. Ideal f\u00fcr einen raschen \u00dcberblick \u00fcber das Schachgeschehen.<\/p>\n<p><a href=\"http:\/\/www.schachhaus-maedler.de\/shopsystem\/index.php\" target=\"blank\">Schachhaus M\u00e4dler<\/a><br \/>\nDer in Dresden lebende Manfred M\u00e4dler ist eine Legende unter den Schachh\u00e4ndlern. In seinem Online-Shop bietet er aktuelle und antiquarische Schachb\u00fccher an.<\/p>\n<p><a href=\"http:\/\/www.schuenemann-verlag.de\/schach-magazin\/\" target=\"blank\">Schachmagazin 64<\/a><br \/>\nDie Webseite des monatlich erscheinenden Magazins bietet zahlreiche Leseproben aktueller und nicht mehr ganz aktueller Hefte.<\/p>\n<p><a href=\"http:\/\/www.niggemann.com\/\" target=\"blank\">Schachversand Niggemann<\/a><br \/>\nDeutschlands gr\u00f6\u00dfter Schachbuchh\u00e4ndler mit einer riesigen Auswahl an Schachb\u00fcchern &#8211; oft mit Rezensionen &#8211; und Schachmaterial.<\/p>\n<p><a href=\"http:\/\/susanpolgar.blogspot.de\/\" target=\"blank\">Susan Polgars Blogspot<\/a><br \/>\nSusan Polgar macht Werbung f\u00fcr sich und ihre diversen Schachprojekten und informiert mit zahlreichen Links \u00fcber das aktuelle Schachgeschehen in den USA und aller Welt.<\/p>\n<p><a href=\"http:\/\/theweekinchess.com\/\" target=\"blank\">The Week in Chess<\/a><br \/>\nMark Crowthers Klassiker. Aktuelle Berichte und Partien zum Download.<\/p>\n<p><a href=\"http:\/\/timkr.home.xs4all.nl\/chess\/chess.html\" target=\"blank\">Tim Krabb\u00e9s Chess Curiosities<\/a><br \/>\nDer holl\u00e4ndische Schriftsteller und starke Schachspieler Tim Krabb\u00e9 interessiert sich f\u00fcr Schachkuriosit\u00e4ten. Diese Seite versammelt zahlreiche Artikel zum Thema. Eine Fundgrube.<\/p>\n<div class='sfsi_Sicons' style='width: 100%; display: inline-block; vertical-align: middle; text-align:left'><div style='margin:0px 8px 0px 0px; line-height: 24px'><span><\/span><\/div><div class='sfsi_socialwpr'><div class='sf_subscrbe' style='text-align:left;vertical-align: middle;float:left;width:64px'><a href=\"http:\/\/www.specificfeeds.com\/widgets\/emailSubscribeEncFeed\/Q0FJU2IrL21rdElzb0J1Mnd4UWp5M2JZMHQ5YXBNTW01ZnhPcUtDWnpWVFVEcEgvdGwvUHQ3R2lnWTEyVjh2WmFlaE1KbEw2YnBuZ3hRMFFqNEZoQWgyNFlqRGZydzNJZEFYS3VPMjhCZVNHbFNuNU5qbXI1OGNjeW8zb1dXVlh8aDdxZGtDYTZTaTNPNTZZcENLZXhwbkF0bTlJWFpwWitxQTAwdHRkU3VOdz0=\/OA==\/\" target=\"_blank\"><img decoding=\"async\" src=\"https:\/\/johannes-fischer.net\/blog\/wp-content\/plugins\/ultimate-social-media-icons\/images\/follow_subscribe.png\" alt=\"error\" \/><\/a><\/div><div class='sf_fb' style='text-align:left;vertical-align: middle;width:98px'><div class=\"fb-like\" data-href=\"https:\/\/johannes-fischer.net\/blog\/links\/\" data-width=\"180\" data-send=\"false\" data-show-faces=\"false\"  data-action=\"like\" data-share=\"true\"data-layout=\"button\" ><\/div><\/div><div class='sf_twiter' style='text-align:left;float:left;vertical-align: middle;width:auto'><a href=\"http:\/\/twitter.com\/share\" data-count=\"none\" class=\"sr-twitter-button twitter-share-button\" lang=\"en\" data-url=\"https:\/\/johannes-fischer.net\/blog\/links\/\" data-text=\"Links\" ><\/a><\/div><\/div><\/div>","protected":false},"excerpt":{"rendered":"<p>Links &#8211; sie machen das Internet so wunderbar. Hier eine (nat\u00fcrlich unvollst\u00e4ndige) Liste mit Seiten, die ich mag. Die Links sind thematisch in die Bereiche Literatur, Buchl\u00e4den, Krimis und Schach&hellip; <\/p>\n","protected":false},"author":1,"featured_media":0,"parent":0,"menu_order":0,"comment_status":"open","ping_status":"open","template":"","meta":{"footnotes":""},"_links":{"self":[{"href":"https:\/\/johannes-fischer.net\/blog\/wp-json\/wp\/v2\/pages\/223"}],"collection":[{"href":"https:\/\/johannes-fischer.net\/blog\/wp-json\/wp\/v2\/pages"}],"about":[{"href":"https:\/\/johannes-fischer.net\/blog\/wp-json\/wp\/v2\/types\/page"}],"author":[{"embeddable":true,"href":"https:\/\/johannes-fischer.net\/blog\/wp-json\/wp\/v2\/users\/1"}],"replies":[{"embeddable":true,"href":"https:\/\/johannes-fischer.net\/blog\/wp-json\/wp\/v2\/comments?post=223"}],"version-history":[{"count":24,"href":"https:\/\/johannes-fischer.net\/blog\/wp-json\/wp\/v2\/pages\/223\/revisions"}],"predecessor-version":[{"id":883,"href":"https:\/\/johannes-fischer.net\/blog\/wp-json\/wp\/v2\/pages\/223\/revisions\/883"}],"wp:attachment":[{"href":"https:\/\/johannes-fischer.net\/blog\/wp-json\/wp\/v2\/media?parent=223"}],"curies":[{"name":"wp","href":"https:\/\/api.w.org\/{rel}","templated":true}]}}