{"id":2082,"date":"2017-04-15T17:13:44","date_gmt":"2017-04-15T15:13:44","guid":{"rendered":"https:\/\/johannes-fischer.net\/blog\/?page_id=2082"},"modified":"2017-04-15T17:20:22","modified_gmt":"2017-04-15T15:20:22","slug":"truegerische-illusionen","status":"publish","type":"page","link":"https:\/\/johannes-fischer.net\/blog\/truegerische-illusionen\/","title":{"rendered":"Tr\u00fcgerische Illusionen"},"content":{"rendered":"<p><img loading=\"lazy\" decoding=\"async\" class=\"alignleft size-full wp-image-2083\" src=\"https:\/\/johannes-fischer.net\/blog\/wp-content\/uploads\/2017\/04\/slyusarchuk.jpg\" alt=\"\" width=\"225\" height=\"167\" \/>Zauberer sind faszinierend. Sie k\u00f6nnen Gedanken lesen, Kaninchen aus dem Hut zaubern, Frauen zers\u00e4gen, M\u00fcnzen durch Tische werfen und vieles mehr. Dr. Andriy Slyusarchuk (Foto), ein 39-j\u00e4hriger Neurologe aus der Ukraine, spielt Schach \u2013 blind besser als Rybka. Zum Beweis ist er vor kurzem zu einem Blindwettkampf gegen das Programm angetreten und hat mit 1,5:0,5 gewonnen, das ukrainische Fernsehen war dabei und hat gefilmt.<\/p>\n<p><iframe loading=\"lazy\" src=\"https:\/\/www.youtube.com\/embed\/Yge8Qx93wXU\" width=\"480\" height=\"390\" frameborder=\"0\" allowfullscreen=\"allowfullscreen\"><\/iframe><\/p>\n<p>Das ist nur eine der erstaunlichen Leistungen des Ukrainers. Nach eigener Aussage kennt er 20.000 B\u00fccher auswendig und 30 Millionen Nachkommenstellen der Zahl Pi. Die meisten Menschen sind dankbar, wenn sie den M\u00f6rder ihres letztes Urlaubskrimis erinnern, und wer im Alter von 39 Jahren 20.000 B\u00fccher gelesen haben will, m\u00fcsste, wenn er mit zwei lesen lernt \u2013 doch das tun Genies wie Slyusarchuk ja in der Regel \u2013 jedes Jahr 540 B\u00fccher lesen, also etwa anderthalb pro Tag. Wie lange es dauert, 30 Millionen Zahlen aufzusagen, kann jeder leicht herausfinden, indem er bis Hundert z\u00e4hlt, die Zeit misst, die er daf\u00fcr gebraucht hat und diesen Wert mal 300.000 nimmt. Schnellsprecher kommen vielleicht auf 100 Zahlen pro Minute, f\u00fcr 30 Millionen Zahlen br\u00e4uchten sie dann 5000 Stunden, das hei\u00dft, f\u00fcr 30 Millionen Zahlen br\u00e4uchte jemand 208 Tage \u2013 vorausgesetzt er rattert 100 Zahlen pro Minute 24 Stunden am Tag herunter. So gesehen kann man dankbar sein, dass der ukrainische Neurologe seine geistige Kraft in einem kurzen Schachwettkampf bewiesen hat.<\/p>\n<p>Dass Slyusarchuk vorher noch nie schachlich in Erscheinung getreten ist \u2013 weder GM, noch IM oder FM ist oder auch nur irgendeinen Titel gewonnen hat \u2013 macht ja nichts, M\u00e4nner wie er lesen einfach einmal kurz 3.000 B\u00fccher zum Thema und, schwupps, werden Schachprogramme vom Brett gefegt, die jeden Gro\u00dfmeister alt aussehen lassen. Ja, ja, die Kraft des Willens und das ungenutzte Potenzial des Gehirns.<\/p>\n<p>Das Ganze erinnert an den Schachautomaten des Wolfgang von Kempelen, nur mit vertauschten Rollen. Zu einer Zeit, als Maschinen noch kein Schach spielen konnten, konstruierte von Kempelen einen Apparat, der, so schien es, besser Schach spielte als der Mensch. Heute, wo Schachprogramme besser spielen als der Mensch, kommt Slyusarchuk und besiegt die Maschine.<\/p>\n<p>Zu Kempelens Zeit r\u00e4tselte man, wie der Automat funktionierte, heute dr\u00e4ngt sich die Frage auf, wie der Ukrainer gegen das Schachprogramm gewann. Vor allem, weil Slyusarchuk brillant gespielt hat, aber wie die ukrainischen Fernsehberichte zeigen, kaum \u00fcber seine Z\u00fcge nachdenkt, und <a href=\"http:\/\/chessbase.com\/newsdetail.asp?newsid=7190\"> Berichten von Schachgro\u00dfmeistern<\/a> zufolge nur wenig bis gar nichts vom Schach versteht.<\/p>\n<p>Wie man sp\u00e4ter herausfand, sa\u00df in Kempelens Schacht\u00fcrke ein Mensch und f\u00fchrte mit einer Hilfe einer komplizierten Apparatur die Z\u00fcge aus. Analog kann man vermuten, dass Slyusarchuk mit einem Computer gegen den Computer angetreten ist, vorzugsweise mit einem starken gegen eine schw\u00e4chere Version \u2013 schlie\u00dflich wollte er ja gewinnen. Die interessante Frage ist, wie er das gemacht hat. Denn wenn Slyusarchuk mit einem Trick aus dem Grundkurs der Zauberschule Rybka schl\u00e4gt, dann k\u00f6nnte jeder Schachspieler, dessen Ehrgeiz gr\u00f6\u00dfer ist als sein Gef\u00fchl f\u00fcr Fairness, auf den Gedanken kommen, den Ukrainer zu imitieren. Ist dieser Spieler sowieso schon gut und tritt unauff\u00e4lliger, bescheidener und nicht so prahlerisch auf wie Dr. Slyusarchuk, dann hat er gute Chancen, unentdeckt zu bleiben. Geld, Ruhm und der Respekt einer gutgl\u00e4ubigen Schachwelt sind ihm sicher.<\/p>\n<p><a href=\"http:\/\/de.chessbase.com\/portals\/3\/files\/2011\/slyusarchuk\/partien.htm\">Partien&#8230;<\/a><\/p>\n<p><em>(Erstver\u00f6ffentlichung: <a href=\"http:\/\/de.chessbase.com\/\">ChessBase<\/a>, 9. Mai 2011)<\/em><\/p>\n<div class='sfsi_Sicons' style='width: 100%; display: inline-block; vertical-align: middle; text-align:left'><div style='margin:0px 8px 0px 0px; line-height: 24px'><span><\/span><\/div><div class='sfsi_socialwpr'><div class='sf_subscrbe' style='text-align:left;vertical-align: middle;float:left;width:64px'><a href=\"http:\/\/www.specificfeeds.com\/widgets\/emailSubscribeEncFeed\/Q0FJU2IrL21rdElzb0J1Mnd4UWp5M2JZMHQ5YXBNTW01ZnhPcUtDWnpWVFVEcEgvdGwvUHQ3R2lnWTEyVjh2WmFlaE1KbEw2YnBuZ3hRMFFqNEZoQWgyNFlqRGZydzNJZEFYS3VPMjhCZVNHbFNuNU5qbXI1OGNjeW8zb1dXVlh8aDdxZGtDYTZTaTNPNTZZcENLZXhwbkF0bTlJWFpwWitxQTAwdHRkU3VOdz0=\/OA==\/\" target=\"_blank\"><img decoding=\"async\" src=\"https:\/\/johannes-fischer.net\/blog\/wp-content\/plugins\/ultimate-social-media-icons\/images\/follow_subscribe.png\" alt=\"error\" \/><\/a><\/div><div class='sf_fb' style='text-align:left;vertical-align: middle;width:98px'><div class=\"fb-like\" data-href=\"https:\/\/johannes-fischer.net\/blog\/truegerische-illusionen\/\" data-width=\"180\" data-send=\"false\" data-show-faces=\"false\"  data-action=\"like\" data-share=\"true\"data-layout=\"button\" ><\/div><\/div><div class='sf_twiter' style='text-align:left;float:left;vertical-align: middle;width:auto'><a href=\"http:\/\/twitter.com\/share\" data-count=\"none\" class=\"sr-twitter-button twitter-share-button\" lang=\"en\" data-url=\"https:\/\/johannes-fischer.net\/blog\/truegerische-illusionen\/\" data-text=\"Tr\u00fcgerische Illusionen\" ><\/a><\/div><\/div><\/div>","protected":false},"excerpt":{"rendered":"<p>Zauberer sind faszinierend. Sie k\u00f6nnen Gedanken lesen, Kaninchen aus dem Hut zaubern, Frauen zers\u00e4gen, M\u00fcnzen durch Tische werfen und vieles mehr. Dr. Andriy Slyusarchuk (Foto), ein 39-j\u00e4hriger Neurologe aus der&hellip; <\/p>\n","protected":false},"author":1,"featured_media":0,"parent":0,"menu_order":0,"comment_status":"open","ping_status":"open","template":"","meta":{"footnotes":""},"_links":{"self":[{"href":"https:\/\/johannes-fischer.net\/blog\/wp-json\/wp\/v2\/pages\/2082"}],"collection":[{"href":"https:\/\/johannes-fischer.net\/blog\/wp-json\/wp\/v2\/pages"}],"about":[{"href":"https:\/\/johannes-fischer.net\/blog\/wp-json\/wp\/v2\/types\/page"}],"author":[{"embeddable":true,"href":"https:\/\/johannes-fischer.net\/blog\/wp-json\/wp\/v2\/users\/1"}],"replies":[{"embeddable":true,"href":"https:\/\/johannes-fischer.net\/blog\/wp-json\/wp\/v2\/comments?post=2082"}],"version-history":[{"count":4,"href":"https:\/\/johannes-fischer.net\/blog\/wp-json\/wp\/v2\/pages\/2082\/revisions"}],"predecessor-version":[{"id":2088,"href":"https:\/\/johannes-fischer.net\/blog\/wp-json\/wp\/v2\/pages\/2082\/revisions\/2088"}],"wp:attachment":[{"href":"https:\/\/johannes-fischer.net\/blog\/wp-json\/wp\/v2\/media?parent=2082"}],"curies":[{"name":"wp","href":"https:\/\/api.w.org\/{rel}","templated":true}]}}