{"id":160,"date":"2013-04-27T22:19:05","date_gmt":"2013-04-27T21:19:05","guid":{"rendered":"http:\/\/johannes-fischer.net\/blog\/?page_id=160"},"modified":"2019-04-15T22:44:26","modified_gmt":"2019-04-15T20:44:26","slug":"auslese","status":"publish","type":"page","link":"https:\/\/johannes-fischer.net\/blog\/auslese\/","title":{"rendered":"Auslese"},"content":{"rendered":"<p>Im Laufe der Jahre sind zahlreiche Artikel von mir im Internet erschienen, die meisten \u00fcber Schach. Was ich sonst noch beruflich getan habe und tue, verr\u00e4t meine <a href=\"http:\/\/www.textkontorfischer.de\/referenzen.html\" target=\"blank\" rel=\"noopener noreferrer\">Webseite<\/a>, hier jedoch eine Auswahl diverser Artikel, die ich im Laufe der Jahre bei ChessBase, im KARL oder an anderer Stelle erschienen sind.<\/p>\n<p><strong>ChessBase<\/strong><\/p>\n<p><a href=\"http:\/\/johannes-fischer.net\/blog\/2015\/06\/20\/faszination-fischer\/\">Faszination Fischer<\/a><br \/>\nReich bebilderte Besprechung von Liz Garbus&#8217; Dokumentarfilm &#8220;Bobby Fischer Against the World&#8221;.<\/p>\n<p><a href=\"https:\/\/johannes-fischer.net\/blog\/truegerische-illusionen\/\">Tr\u00fcgerische Illusionen<\/a><br \/>\nEin kurzer Beitrag \u00fcber Illusion (Betrug?) und Dr. Andriy Slyusarchuk, einen 39-j\u00e4hrigen Neurologen aus der Ukraine, der nicht viel vom Schach versteht, aber Rybka im Blindschach schl\u00e4gt. Ver\u00f6ffentlicht am 9. Mai 2011.<\/p>\n<p><a href=\"http:\/\/de.chessbase.com\/post\/john-nunns-quot-winning-quickly-at-che-quot-\/3\" target=\"blank\" rel=\"noopener noreferrer\">Kurz und heftig, lustig und lehrreich: John Nunn analysiert Kurzpartien<\/a><br \/>\nRezension von John Nunns <em>Winning Quickly at Chess<\/em>, einer Sammlung am\u00fcsanter Kurzpartien. Ver\u00f6ffentlicht am 18. Juni 2009.<\/p>\n<p><a href=\"http:\/\/de.chessbase.com\/post\/schach-auf-lgemlden\" target=\"blank\" rel=\"noopener noreferrer\">Einladung zur Schachausstellung: Gerhard Jostens <em>Schach auf \u00d6lgem\u00e4lden<\/em><\/a><br \/>\nRezension \u00fcber ein Buch, das sich mit dem Motiv des Schachs auf \u00d6lgem\u00e4lden besch\u00e4ftigt. Ver\u00f6ffentlicht am 29. Oktober 2007.<\/p>\n<p><a href=\"https:\/\/johannes-fischer.net\/blog\/2016\/09\/19\/eine-erotische-schachpartie-steve-mcqueen-in-thomas-crown-ist-nicht-zu-fassen\/\"> Eine erotische Schachpartie: Steve McQueen in <em>Thomas Crown ist nicht zu fassen<\/em><\/a><br \/>\nSteve McQueen war cool und spielte als eleganter Dieb Thomas Crown gegen Faye Dunaway eine der interessantesten Schachpartien der Filmgeschichte. Ver\u00f6ffentlicht am 19. Juni 2006.<\/p>\n<p><a href=\"http:\/\/chessbase.de\/Home\/TabId\/176\/PostId\/305359\/gennadi-sosonko-smart-chip-from-st-petersburg.aspx\" target=\"blank\" rel=\"noopener noreferrer\">Der Zauber der Erinnerung: Genna Sosonkos <em>Smart Chip from St. Petersburg<\/em><br \/>\n<\/a>Rezension von Sosonkos melancholischen, sch\u00f6nen Erinnerungen an Pers\u00f6nlichkeiten aus der Welt des Schachs. Ver\u00f6ffentlicht am 21. April 2006.<\/p>\n<p><a href=\"http:\/\/johannes-fischer.net\/blog\/2015\/06\/20\/botvinnik-gegen-fischer-varna-1962\/\" target=\"_blank\" rel=\"noopener noreferrer\">Mehr als nur eine Schachpartie: Botvinnik gegen Fischer, Schacholympiade Varna 1962<\/a><br \/>\nEin Bericht \u00fcber Manipulaton von Fotos und Fakten durch das sowjetische System und die systematische Verunglimpfung Bobby Fischers durch die sowjetische Schachberichterstattung. Ver\u00f6ffentlicht am 25. Februar 2006.<\/p>\n<p><a href=\"https:\/\/johannes-fischer.net\/blog\/2018\/10\/29\/im-archiv-geblaettert-die-schacholympiade-leipzig-1960\/\">Das unerf\u00fcllte Versprechen: Schacholympiade Leipzig 1960<\/a><br \/>\nBericht \u00fcber die Schacholympiade 1960. Einer der vielen H\u00f6hepunkten dieser Olympiade war die Begegnung zwischen Bobby Fischer und Mikhail Tal. Ver\u00f6ffentlicht am 13. Dezember 2005.<\/p>\n<p><a href=\"http:\/\/chessbase.de\/Home\/TabId\/176\/PostId\/304928\/frauen-im-schach-diskriminiert-oder-privilegiert-.aspx\" target=\"blank\" rel=\"noopener noreferrer\">Diskriminiert oder privilegiert? Ein Blick aufs Frauenschach anhand von Jennifer Shahades <em>Chess Bitch<\/em><\/a><br \/>\nVer\u00f6ffentlicht am 24. November 2005.<\/p>\n<p><a href=\"http:\/\/chessbase.de\/Home\/TabId\/176\/PostId\/304661\/siegen-1970.aspx\" target=\"blank\" rel=\"noopener noreferrer\">Schacholympiade Siegen 1970<\/a><br \/>\nBericht \u00fcber die Schacholympiade in Siegen 1970, in der sich Spassky und Fischer ein packendes Duell lieferten. Ver\u00f6ffentlicht am 28. August 2005.<\/p>\n<p><a href=\"https:\/\/johannes-fischer.net\/blog\/2015\/06\/19\/wie-bobby-fischer-den-kalten-krieg-gewann-ein-interview-mit-john-eidinow\/\">Wie Bobby den Kalten Krieg gewann: Ein Interview mit John Eidinow \u00fcber Fischer, Spassky und den Kalten Krieg<\/a><br \/>\nNachgefragt: Ein Gespr\u00e4ch mit John Eidinow, zusammen mit David Edmonds Autor des Buches <em>Wie Bobby Fischer den Kalten Krieg gewann<\/em>. Ver\u00f6ffentlicht am 19. Mai 2005.<\/p>\n<p><a href=\"http:\/\/johannes-fischer.net\/blog\/2015\/07\/16\/agatha-christie-beim-schachturnier-andy-soltis-schachroman-los-voraces-2019\/\"> Agatha Christie beim Schachturnier: Andy Soltis&#8217; Schachroman Los Voraces 2019<\/a><br \/>\nRezension eines am\u00fcsanten und witzigen Romans, der im wahrsten Sinne des Wortes ein Schachroman ist. Ver\u00f6ffentlicht am 11. April 2005.<\/p>\n<p><a href=\"http:\/\/chessbase.de\/Home\/TabId\/176\/PostId\/304004\/schach-im-krieg-baden-baden-1870.aspx\" target=\"blank\" rel=\"noopener noreferrer\">Das Internationale Schachturnier Baden-Baden 1870<\/a><br \/>\nEin Bericht \u00fcber das Schachturnier Baden-Baden 1870, das Adolph Anderssen gewann. Ver\u00f6ffentlicht am 2. Februar 2005.<\/p>\n<p><a href=\"http:\/\/chessbase.de\/Home\/TabId\/176\/PostId\/304233\/sheldrake-memorial.aspx\" target=\"blank\" rel=\"noopener noreferrer\">N\u00fcchtern betrachtet: Kasparov \u00fcber Fischer<\/a><br \/>\nEin kurzer Blick auf Neuerscheinungen \u00fcber Bobby Fischer. Ver\u00f6ffentlicht am 14. Januar 2005.<\/p>\n<p><a href=\"http:\/\/chessbase.de\/Home\/TabId\/176\/PostId\/303838\/ein-faszinierendes-leben-eine-vorbildliche-biographie.aspx\" target=\"blank\" rel=\"noopener noreferrer\"> Ein faszinierendes Leben, eine vorbildliche Biographie: Rezension von Pal Benk\u00f6s <em>My Life, Games and Compositions<\/em><\/a><br \/>\nRezension eines in mehr als einer Hinsicht interessanten Buches. Ver\u00f6ffentlicht am 9. Dezember 2004.<\/p>\n<p><strong>KARL-Online<\/strong><\/p>\n<p><a href=\"http:\/\/www.karlonline.org\/fischer_kol.htm\" target=\"blank\" rel=\"noopener noreferrer\"> Kritik in K\u00fcrze: Ein neuer Blick auf Bobby Fischer? Andrew Soltis&#8217; <em>Bobby Fischer Rediscovered<\/em><\/a><br \/>\nEine sch\u00f6ne Kombination: Andy Soltis&#8217; literatisches Geschick und Bobby Fischers Schach. Ver\u00f6ffentlicht am 15. M\u00e4rz 2004.<\/p>\n<p><a href=\"http:\/\/www.karlonline.org\/filmtipp.htm\" target=\"blank\" rel=\"noopener noreferrer\">Filmtipp: Fresh: Schach, Spannung, Drogen<\/a><br \/>\nKurze Besprechung eines spannenden Thrillers mit Samuel Jackson (<em>Pulp Fiction<\/em>, <em>Django Unchained<\/em> und viele andere gute und schlechte Filme), in dem Schach eine zentrale Rolle spielt. Ver\u00f6ffentlicht am 27. Februar 2004.<\/p>\n<p><a href=\"https:\/\/johannes-fischer.net\/blog\/2019\/04\/15\/im-archiv-geblaettert-get-carter-auf-der-suche-nach-einem-bestsellerautor\/\">Get Carter: Auf der Suche nach einem Bestsellerautor<\/a><br \/>\nKritische Besprechung von Stephen L. Carters entt\u00e4uschendem Roman <em>Schachmatt<\/em>. Erstver\u00f6ffentlichung am 16. Februar 2004.<\/p>\n<p><a href=\"http:\/\/www.karlonline.org\/kol24.htm\" target=\"blank\" rel=\"noopener noreferrer\"> Schach einfach gemacht: Siegbert Tarraschs <em>Die moderne Schachpartie<\/em><\/a><br \/>\nRezension eines oft untersch\u00e4tzten Klassikers. Ver\u00f6ffentlicht am 11. Januar 2004.<\/p>\n<p><a href=\"http:\/\/www.karlonline.org\/kol23.htm\" target=\"blank\" rel=\"noopener noreferrer\">&#8220;Shredder ist mein Freund&#8221;: Betrachtungen \u00fcber eine gef\u00fchlsm\u00e4ssige Beziehung zu einem gef\u00fchllosen Wesen<\/a><br \/>\nWarum Namen bei der Wahl des Computerprogramms wichtig sind. Ver\u00f6ffentlicht am 29. Dezember 2003.<\/p>\n<p><a href=\"http:\/\/www.karlonline.org\/kol22.htm\" target=\"blank\" rel=\"noopener noreferrer\">Gem\u00e4chliche K\u00e4mpfer: Volker-M. Antons und F. Baumbach Fernschachturnierbuch <em>Gladiatoren Ante Portas<\/em><\/a><br \/>\nDie Rezension geht unter anderem der Frage nach, warum die meisten Schachspieler so wenig Fernpartien kennen &#8211; obwohl sie davon profitieren k\u00f6nnten. Ver\u00f6ffentlicht am 17. Dezember 2003.<\/p>\n<p><a href=\"https:\/\/johannes-fischer.net\/blog\/2018\/06\/21\/im-archiv-geblaettert-schach-in-der-literatur\/\">Henning Mankells <em>Vor dem Frost<\/em>&#8220;und Walter Tevis&#8217; <em>The Queen&#8217;s Gambit<\/em>: Zwei literarische Begegnungen mit dem Schach<\/a><br \/>\nBesch\u00e4ftigt sich einmal mehr mit dem (viel zu oft schlechten) Image des Schachs in der Literatur. Ver\u00f6ffentlicht am 20. August 2003.<\/p>\n<p><a href=\"http:\/\/www.karlonline.org\/kol19.htm\" target=\"blank\" rel=\"noopener noreferrer\">Faszinierende Figuren: Colleen Schafroths F\u00fchrung durch die Schachgeschichte<\/a><br \/>\nRezension von Colleen Schafroths Buch <em>Schach: Eine Kulturgeschichte<\/em>. Schafroth ist Direktorin des Museum of Art in Goldendale, Washington, USA, und f\u00fchrt in diesem Buch anhand von sehenswerten Schachfiguren aus unterschiedlichsten Kulturen und Epochen durch die Schachgeschichte. Ver\u00f6ffentlicht am 14. Juli 2003.<\/p>\n<p><a href=\"http:\/\/www.karlonline.org\/kol12.htm\" target=\"blank\" rel=\"noopener noreferrer\">Ein exzessives Genie &#8211; Weltmeister Michail Tal<\/a><br \/>\nEin Portr\u00e4t des Angriffsk\u00fcnstlers. Ver\u00f6ffentlicht am 20. Januar 2003.<\/p>\n<p><a href=\"http:\/\/www.karlonline.org\/kol11.htm\" target=\"blank\" rel=\"noopener noreferrer\">Schachkrieg: Ein Fernsehbericht \u00fcber den WM-Kampf in Reykjavik 1972<\/a><br \/>\nImmer wieder spannend: Der WM-Kampf zwischen Spassky und Fischer in Reykjavik 1972. Ver\u00f6ffentlicht am 30. Oktober 2002.<\/p>\n<p><a href=\"http:\/\/www.karlonline.org\/kol09.htm\" target=\"blank\" rel=\"noopener noreferrer\">Mit offenen Augen und Ohren durch die Welt gehen:\u00a0Ein Interview mit der Philidor-Biografin Susanna Poldauf<\/a><br \/>\nEin Gespr\u00e4ch \u00fcber Schach, Musik und mehr. Ver\u00f6ffentlicht am 7. September 2002.<\/p>\n<p><a href=\"http:\/\/www.karlonline.org\/kol08.htm\" target=\"blank\" rel=\"noopener noreferrer\">Optimismus und Schachleidenschaft: Frank J. Marshall zum 125. Geburtstag<\/a><br \/>\nFrank Marshall war ein der st\u00e4rksten Schachspieler der USA. Vermarktet hat ihn seine Frau. Ver\u00f6ffentlicht am 9. August 2002.<\/p>\n<p><a href=\"http:\/\/www.karlonline.org\/kol05.htm\" target=\"blank\" rel=\"noopener noreferrer\">Ein Schachroman als Verwirrspiel: Ingomar von Kieseritzkys <i>Da kann man nichts machen<\/i><\/a><br \/>\nRezension eines \u00e4u\u00dferst unterhaltsamen Buches, in dem Schach am Rande auftaucht. Au\u00dferdem eine kurze Nacherz\u00e4hlung des Lebensgeschichte von Lionel Kieseritzky, der in der Unsterblichen Partie auf der falschen Seite sa\u00df. Ver\u00f6ffentlicht am 25. Februar 2002.<\/p>\n<p><a href=\"http:\/\/www.karlonline.org\/kol04.htm\" target=\"blank\" rel=\"noopener noreferrer\">Im Leben gescheitert: <i> &#8220;The English Morphy?&#8221; The Life and Games of Cecil de Vere<\/i>, von Owen Hindle &amp; Bob Jones<\/a><br \/>\nRezension eines Buches \u00fcber Cecil de Vere, einem talentierten Schachspieler des 19. Jahrhunderts mit tragischer Lebensgeschichte. Ver\u00f6ffentlicht am 3. Mai 2002.<\/p>\n<p><a href=\"http:\/\/www.karlonline.org\/202_2.htm\" target=\"blank\" rel=\"noopener noreferrer\"> Schachspieler, Sonderling, Genie<\/a>, Ein Portr\u00e4t Bobby Fischers, Leseprobe der KARL-Ausgabe 2\/2002.<br \/>\nImmer wieder Bobby Fischer.<\/p>\n<p><a href=\"http:\/\/johannes-fischer.net\/blog\/2015\/06\/20\/ein-symbolischer-rueckzug-kritische-anmerkungen-zu-stefan-zweigs-schachnovelle\/\" target=\"_blank\" rel=\"noopener noreferrer\">Ein symbolischer R\u00fcckzug: Kritische Anmerkungen zu Stefan Zweigs <em>Schachnovelle<\/em><\/a><br \/>\nEine Rezension, die erkl\u00e4rt, warum ich bei allem Respekt vor der literarischen Kunst Stefan Zweigs Vorbehalte gegen seine <em>Schachnovelle<\/em> habe. Ver\u00f6ffentlicht am 20. April 2002.<\/p>\n<p><a href=\"http:\/\/www.karlonline.org\/kol02.htm\" target=\"blank\" rel=\"noopener noreferrer\"> Ein ehrlicher S\u00fcnder: Jonathan Rowsons <i>The Seven Deadly Chess Sins<\/i><\/a><br \/>\nRezension eines lesenswerten und interessanten Buches \u00fcber Schachpsychologie, Schachphilosophie und die richtige Einstellung zum Schach und zum Leben. Ver\u00f6ffentlicht am 16. Februar 2002.<\/p>\n<p><a href=\"http:\/\/www.karlonline.org\/kol01.htm\" target=\"blank\" rel=\"noopener noreferrer\">Wunderkind Morphy: Verkannt oder \u00fcbersch\u00e4tzt?<\/a><br \/>\nBetrachtungen zum Schachtalent Paul Morphys. Ver\u00f6ffentlicht am 12. Januar 2002.<\/p>\n<p><strong>Sonstige<\/strong><\/p>\n<p><a href=\"http:\/\/www.zeit.de\/online\/2006\/31\/Schach-und-Musik\" target=\"blank\" rel=\"noopener noreferrer\">Zw\u00f6lf T\u00f6ne und ein Superpferd<\/a><br \/>\nBei Zeit-Online erschienener Bericht \u00fcber die Ausstellung &#8220;Schach und Musik&#8221;. Ver\u00f6ffentlicht am 31. Juli 2006.<\/p>\n<p><a href=\"http:\/\/www.zeit.de\/online\/2006\/31\/Bardentreffen\" target=\"blank\" rel=\"noopener noreferrer\">Troubadix singt Pop<\/a><br \/>\nEin Bericht \u00fcber das N\u00fcrnberger Bardentreffen 2006. Ver\u00f6ffentlicht am 3. August 2006.<\/p>\n<div class='sfsi_Sicons' style='width: 100%; display: inline-block; vertical-align: middle; text-align:left'><div style='margin:0px 8px 0px 0px; line-height: 24px'><span><\/span><\/div><div class='sfsi_socialwpr'><div class='sf_subscrbe' style='text-align:left;vertical-align: middle;float:left;width:64px'><a href=\"http:\/\/www.specificfeeds.com\/widgets\/emailSubscribeEncFeed\/Q0FJU2IrL21rdElzb0J1Mnd4UWp5M2JZMHQ5YXBNTW01ZnhPcUtDWnpWVFVEcEgvdGwvUHQ3R2lnWTEyVjh2WmFlaE1KbEw2YnBuZ3hRMFFqNEZoQWgyNFlqRGZydzNJZEFYS3VPMjhCZVNHbFNuNU5qbXI1OGNjeW8zb1dXVlh8aDdxZGtDYTZTaTNPNTZZcENLZXhwbkF0bTlJWFpwWitxQTAwdHRkU3VOdz0=\/OA==\/\" target=\"_blank\"><img decoding=\"async\" src=\"https:\/\/johannes-fischer.net\/blog\/wp-content\/plugins\/ultimate-social-media-icons\/images\/follow_subscribe.png\" alt=\"error\" \/><\/a><\/div><div class='sf_fb' style='text-align:left;vertical-align: middle;width:98px'><div class=\"fb-like\" data-href=\"https:\/\/johannes-fischer.net\/blog\/auslese\/\" data-width=\"180\" data-send=\"false\" data-show-faces=\"false\"  data-action=\"like\" data-share=\"true\"data-layout=\"button\" ><\/div><\/div><div class='sf_twiter' style='text-align:left;float:left;vertical-align: middle;width:auto'><a href=\"http:\/\/twitter.com\/share\" data-count=\"none\" class=\"sr-twitter-button twitter-share-button\" lang=\"en\" data-url=\"https:\/\/johannes-fischer.net\/blog\/auslese\/\" data-text=\"Auslese\" ><\/a><\/div><\/div><\/div>","protected":false},"excerpt":{"rendered":"<p>Im Laufe der Jahre sind zahlreiche Artikel von mir im Internet erschienen, die meisten \u00fcber Schach. Was ich sonst noch beruflich getan habe und tue, verr\u00e4t meine Webseite, hier jedoch&hellip; <\/p>\n","protected":false},"author":1,"featured_media":0,"parent":0,"menu_order":0,"comment_status":"open","ping_status":"open","template":"","meta":{"footnotes":""},"_links":{"self":[{"href":"https:\/\/johannes-fischer.net\/blog\/wp-json\/wp\/v2\/pages\/160"}],"collection":[{"href":"https:\/\/johannes-fischer.net\/blog\/wp-json\/wp\/v2\/pages"}],"about":[{"href":"https:\/\/johannes-fischer.net\/blog\/wp-json\/wp\/v2\/types\/page"}],"author":[{"embeddable":true,"href":"https:\/\/johannes-fischer.net\/blog\/wp-json\/wp\/v2\/users\/1"}],"replies":[{"embeddable":true,"href":"https:\/\/johannes-fischer.net\/blog\/wp-json\/wp\/v2\/comments?post=160"}],"version-history":[{"count":40,"href":"https:\/\/johannes-fischer.net\/blog\/wp-json\/wp\/v2\/pages\/160\/revisions"}],"predecessor-version":[{"id":3246,"href":"https:\/\/johannes-fischer.net\/blog\/wp-json\/wp\/v2\/pages\/160\/revisions\/3246"}],"wp:attachment":[{"href":"https:\/\/johannes-fischer.net\/blog\/wp-json\/wp\/v2\/media?parent=160"}],"curies":[{"name":"wp","href":"https:\/\/api.w.org\/{rel}","templated":true}]}}